{"id":183260,"date":"2025-12-15T01:32:42","date_gmt":"2025-12-15T01:32:42","guid":{"rendered":"https:\/\/b2b.depodanmusteriye.com\/urun\/bluetooth-arac-kiti-aux-cikisli-telefon-muzik-alici-tum-cihazlara-uyumlu\/"},"modified":"2025-12-15T01:32:42","modified_gmt":"2025-12-15T01:32:42","slug":"bluetooth-arac-kiti-aux-cikisli-telefon-muzik-alici-tum-cihazlara-uyumlu","status":"publish","type":"product","link":"https:\/\/depodanmusteriye.com\/urunler\/urun\/bluetooth-arac-kiti-aux-cikisli-telefon-muzik-alici-tum-cihazlara-uyumlu\/","title":{"rendered":"Bluetooth Ara\u00e7 Kiti Aux \u00c7\u0131k\u0131\u015fl\u0131  Telefon M\u00fczik Al\u0131c\u0131 T\u00fcm Cihazlara Uyumlu"},"content":{"rendered":"<h4>Bluetooth v3.0 + EDR teknolojisine sahip bu cihaz, 10 metreye kadar kesintisiz ba\u011flant\u0131 sa\u011flar. Stereo ses \u00e7\u0131k\u0131\u015f\u0131 ile m\u00fczikleri net ve y\u00fcksek kaliteyle dinleyebilirsiniz. 8 saate kadar kesintisiz \u00e7al\u0131\u015fma s\u00fcresi sunan bataryas\u0131, mini USB kablo ile kolayca \u015farj edilebilir. CE, FCC ve BQB sertifikalar\u0131na sahiptir. Paketin i\u00e7inde 1 adet Bluetooth AUX kiti, 1 adet \u015farj kablosu ve 1 adet AUX metal aparat yer al\u0131r. Hem g\u00fcvenli hem de keyifli bir s\u00fcr\u00fc\u015f i\u00e7in ideal bir yard\u0131mc\u0131d\u0131r. <\/p>\n<p><b>1 adet fiyat\u0131d\u0131r<\/b> <\/p>\n<p><p><b>\u00dcretici Markas\u0131 : ZERO LAND<\/b><\/p>\n<p><b>\u00dcretici Kodu : UUCZZZAUXK\u0130TTT3<\/b><\/p>\n<p><b>1 ADET F\u0130YATIDIR<\/b><\/p>\n<\/h4>\n<p><\/p>\n","protected":false},"excerpt":{"rendered":"<p>Bluetooth Ara\u00e7 Kiti Aux \u00c7\u0131k\u0131\u015fl\u0131  Telefon M\u00fczik Al\u0131c\u0131 T\u00fcm Cihazlara Uyumlu<\/p>\n","protected":false},"featured_media":183255,"comment_status":"open","ping_status":"closed","template":"","meta":[],"product_brand":[],"product_cat":[493,379],"product_tag":[14279,3278,13036,3605,4340,1877,3111,4130,1971,4251,1951],"class_list":{"0":"post-183260","1":"product","2":"type-product","3":"status-publish","4":"has-post-thumbnail","6":"product_cat-bluetooth-arac-kiti","7":"product_cat-ev-yasam","8":"product_tag-alici","9":"product_tag-arac","10":"product_tag-aux","11":"product_tag-bluetooth","12":"product_tag-cihazlara","13":"product_tag-cikisli","14":"product_tag-kiti","15":"product_tag-muzik","16":"product_tag-telefon","17":"product_tag-tum","18":"product_tag-uyumlu","20":"first","21":"instock","22":"taxable","23":"shipping-taxable","24":"purchasable","25":"product-type-simple"},"_links":{"self":[{"href":"https:\/\/depodanmusteriye.com\/urunler\/wp-json\/wp\/v2\/product\/183260","targetHints":{"allow":["GET"]}}],"collection":[{"href":"https:\/\/depodanmusteriye.com\/urunler\/wp-json\/wp\/v2\/product"}],"about":[{"href":"https:\/\/depodanmusteriye.com\/urunler\/wp-json\/wp\/v2\/types\/product"}],"replies":[{"embeddable":true,"href":"https:\/\/depodanmusteriye.com\/urunler\/wp-json\/wp\/v2\/comments?post=183260"}],"version-history":[{"count":0,"href":"https:\/\/depodanmusteriye.com\/urunler\/wp-json\/wp\/v2\/product\/183260\/revisions"}],"wp:featuredmedia":[{"embeddable":true,"href":"https:\/\/depodanmusteriye.com\/urunler\/wp-json\/wp\/v2\/media\/183255"}],"wp:attachment":[{"href":"https:\/\/depodanmusteriye.com\/urunler\/wp-json\/wp\/v2\/media?parent=183260"}],"wp:term":[{"taxonomy":"product_brand","embeddable":true,"href":"https:\/\/depodanmusteriye.com\/urunler\/wp-json\/wp\/v2\/product_brand?post=183260"},{"taxonomy":"product_cat","embeddable":true,"href":"https:\/\/depodanmusteriye.com\/urunler\/wp-json\/wp\/v2\/product_cat?post=183260"},{"taxonomy":"product_tag","embeddable":true,"href":"https:\/\/depodanmusteriye.com\/urunler\/wp-json\/wp\/v2\/product_tag?post=183260"}],"curies":[{"name":"wp","href":"https:\/\/api.w.org\/{rel}","templated":true}]}}