{"id":182763,"date":"2025-12-15T00:58:08","date_gmt":"2025-12-15T00:58:08","guid":{"rendered":"https:\/\/b2b.depodanmusteriye.com\/urun\/bluetooth-kask-kulakligi-intercom-5-0-bluetooth-android-ve-ios-uyumlu\/"},"modified":"2025-12-15T00:58:08","modified_gmt":"2025-12-15T00:58:08","slug":"bluetooth-kask-kulakligi-intercom-5-0-bluetooth-android-ve-ios-uyumlu","status":"publish","type":"product","link":"https:\/\/depodanmusteriye.com\/urunler\/urun\/bluetooth-kask-kulakligi-intercom-5-0-bluetooth-android-ve-ios-uyumlu\/","title":{"rendered":"Bluetooth Kask Kulakl\u0131\u011f\u0131 Intercom 5.0 Bluetooth Android ve \u0130OS Uyumlu"},"content":{"rendered":"<h4>BT22 sadece bir Bluetooth kulakl\u0131k de\u011fil, s\u00fcr\u00fc\u015f deneyimini daha g\u00fcvenli ve keyifli hale getiren \u00e7ok y\u00f6nl\u00fc bir teknolojik asistand\u0131r. Sahip oldu\u011fu interkom \u00f6zelli\u011fi sayesinde grup s\u00fcr\u00fc\u015flerinde ileti\u015fimi canl\u0131 tutar. Tek tu\u015fla arama cevaplama, otomatik geri arama, oynatma\/duraklatma gibi i\u015flevleri kullan\u0131c\u0131 dostu bir \u015fekilde sunar. Su ge\u00e7irmez yap\u0131, zorlu hava ko\u015fullar\u0131nda dahi cihaz\u0131n sorunsuz \u00e7al\u0131\u015fmas\u0131n\u0131 sa\u011flar. Uzun \u00f6m\u00fcrl\u00fc bataryas\u0131 sayesinde g\u00fcn boyu kesintisiz kullan\u0131m sa\u011flarken, sesli asistan deste\u011fi ile cihaz\u0131n\u0131z\u0131 ses komutlar\u0131yla kontrol etme \u00f6zg\u00fcrl\u00fc\u011f\u00fc sunar. Android ve iOS i\u015fletim sistemleriyle uyumlu olan bu cihaz, mobil teknolojiyle tam entegrasyon sa\u011flayarak her t\u00fcrl\u00fc yolculu\u011funuzda size e\u015flik etmeye haz\u0131rd\u0131r. <\/p>\n<p><b>1 adet fiyat\u0131d\u0131r<\/b> <\/p>\n<p><p><b>\u00dcretici Markas\u0131 : ZERO LAND<\/b><\/p>\n<p><b>\u00dcretici Kodu : UUCZZZBT22KULAKLIKKK3<\/b><\/p>\n<p><b>1 ADET F\u0130YATIDIR<\/b><\/p>\n<\/h4>\n<p><\/p>\n","protected":false},"excerpt":{"rendered":"<p>Bluetooth Kask Kulakl\u0131\u011f\u0131 Intercom 5.0 Bluetooth Android ve \u0130OS Uyumlu<\/p>\n","protected":false},"featured_media":182758,"comment_status":"open","ping_status":"closed","template":"","meta":[],"product_brand":[],"product_cat":[379,724],"product_tag":[13026,1956,3605,4128,3685,4129,3601,1951,2104],"class_list":{"0":"post-182763","1":"product","2":"type-product","3":"status-publish","4":"has-post-thumbnail","6":"product_cat-ev-yasam","7":"product_cat-intercom","8":"product_tag-5-0","9":"product_tag-android","10":"product_tag-bluetooth","11":"product_tag-intercom","12":"product_tag-ios","13":"product_tag-kask","14":"product_tag-kulakligi","15":"product_tag-uyumlu","16":"product_tag-ve","18":"first","19":"instock","20":"taxable","21":"shipping-taxable","22":"purchasable","23":"product-type-simple"},"_links":{"self":[{"href":"https:\/\/depodanmusteriye.com\/urunler\/wp-json\/wp\/v2\/product\/182763","targetHints":{"allow":["GET"]}}],"collection":[{"href":"https:\/\/depodanmusteriye.com\/urunler\/wp-json\/wp\/v2\/product"}],"about":[{"href":"https:\/\/depodanmusteriye.com\/urunler\/wp-json\/wp\/v2\/types\/product"}],"replies":[{"embeddable":true,"href":"https:\/\/depodanmusteriye.com\/urunler\/wp-json\/wp\/v2\/comments?post=182763"}],"version-history":[{"count":0,"href":"https:\/\/depodanmusteriye.com\/urunler\/wp-json\/wp\/v2\/product\/182763\/revisions"}],"wp:featuredmedia":[{"embeddable":true,"href":"https:\/\/depodanmusteriye.com\/urunler\/wp-json\/wp\/v2\/media\/182758"}],"wp:attachment":[{"href":"https:\/\/depodanmusteriye.com\/urunler\/wp-json\/wp\/v2\/media?parent=182763"}],"wp:term":[{"taxonomy":"product_brand","embeddable":true,"href":"https:\/\/depodanmusteriye.com\/urunler\/wp-json\/wp\/v2\/product_brand?post=182763"},{"taxonomy":"product_cat","embeddable":true,"href":"https:\/\/depodanmusteriye.com\/urunler\/wp-json\/wp\/v2\/product_cat?post=182763"},{"taxonomy":"product_tag","embeddable":true,"href":"https:\/\/depodanmusteriye.com\/urunler\/wp-json\/wp\/v2\/product_tag?post=182763"}],"curies":[{"name":"wp","href":"https:\/\/api.w.org\/{rel}","templated":true}]}}