{"id":182739,"date":"2025-12-15T00:56:33","date_gmt":"2025-12-15T00:56:33","guid":{"rendered":"https:\/\/b2b.depodanmusteriye.com\/urun\/bluetooth-hoparlor-uzun-pil-omru-tasinabilir-yuksek-ses-kaliteli\/"},"modified":"2025-12-15T00:56:33","modified_gmt":"2025-12-15T00:56:33","slug":"bluetooth-hoparlor-uzun-pil-omru-tasinabilir-yuksek-ses-kaliteli","status":"publish","type":"product","link":"https:\/\/depodanmusteriye.com\/urunler\/urun\/bluetooth-hoparlor-uzun-pil-omru-tasinabilir-yuksek-ses-kaliteli\/","title":{"rendered":"Bluetooth Hoparl\u00f6r Uzun Pil \u00d6mr\u00fc Ta\u015f\u0131nabilir Y\u00fcksek Ses Kaliteli"},"content":{"rendered":"<h4>Ta\u015f\u0131nabilirlik ve \u015e\u0131kl\u0131k Bir AradaKompakt yap\u0131s\u0131 ve hafif tasar\u0131m\u0131 sayesinde g\u00fcnl\u00fck ya\u015fam\u0131n her alan\u0131nda kolayca yan\u0131n\u0131zda ta\u015f\u0131yabilece\u011finiz bir hoparl\u00f6r deneyimi sunar. K\u00fc\u00e7\u00fck boyutlar\u0131na ra\u011fmen sahip oldu\u011fu g\u00fc\u00e7l\u00fc ses performans\u0131yla beklentilerin \u00e7ok \u00f6tesine ge\u00e7er. Modern \u00e7izgilere sahip d\u0131\u015f y\u00fczeyi, g\u00f6z al\u0131c\u0131 k\u0131rm\u0131z\u0131 rengiyle bulu\u015ftu\u011funda sadece i\u015flevsel de\u011fil, ayn\u0131 zamanda estetik a\u00e7\u0131dan da dikkat \u00e7eken bir aksesuara d\u00f6n\u00fc\u015f\u00fcr. M\u00fczik keyfini her an yan\u0131n\u0131zda ta\u015f\u0131man\u0131z\u0131 sa\u011flarken, tarz\u0131n\u0131z\u0131 da tamamlayan bir detay h\u00e2line gelir. <\/p>\n<p><b>1 adet fiyat\u0131d\u0131r<\/b> <\/p>\n<p><p><b>\u00dcretici Markas\u0131 : ZERO LAND<\/b><\/p>\n<p><b>\u00dcretici Kodu : UUCZZZFL\u0130P6MAXXXX1<\/b><\/p>\n<p><b>1 ADET F\u0130YATIDIR<\/b><\/p>\n<\/h4>\n<p><\/p>\n","protected":false},"excerpt":{"rendered":"<p>Bluetooth Hoparl\u00f6r Uzun Pil \u00d6mr\u00fc Ta\u015f\u0131nabilir Y\u00fcksek Ses Kaliteli<\/p>\n","protected":false},"featured_media":182734,"comment_status":"open","ping_status":"closed","template":"","meta":[],"product_brand":[],"product_cat":[461,374],"product_tag":[3605,1968,10547,13014,4199,1915,2982,2357,2630],"class_list":{"0":"post-182739","1":"product","2":"type-product","3":"status-publish","4":"has-post-thumbnail","6":"product_cat-bluetooth-hoparlor","7":"product_cat-mobil-aksesuar","8":"product_tag-bluetooth","9":"product_tag-hoparlor","10":"product_tag-kaliteli","11":"product_tag-omru","12":"product_tag-pil","13":"product_tag-ses","14":"product_tag-tasinabilir","15":"product_tag-uzun","16":"product_tag-yuksek","18":"first","19":"instock","20":"taxable","21":"shipping-taxable","22":"purchasable","23":"product-type-simple"},"_links":{"self":[{"href":"https:\/\/depodanmusteriye.com\/urunler\/wp-json\/wp\/v2\/product\/182739","targetHints":{"allow":["GET"]}}],"collection":[{"href":"https:\/\/depodanmusteriye.com\/urunler\/wp-json\/wp\/v2\/product"}],"about":[{"href":"https:\/\/depodanmusteriye.com\/urunler\/wp-json\/wp\/v2\/types\/product"}],"replies":[{"embeddable":true,"href":"https:\/\/depodanmusteriye.com\/urunler\/wp-json\/wp\/v2\/comments?post=182739"}],"version-history":[{"count":0,"href":"https:\/\/depodanmusteriye.com\/urunler\/wp-json\/wp\/v2\/product\/182739\/revisions"}],"wp:featuredmedia":[{"embeddable":true,"href":"https:\/\/depodanmusteriye.com\/urunler\/wp-json\/wp\/v2\/media\/182734"}],"wp:attachment":[{"href":"https:\/\/depodanmusteriye.com\/urunler\/wp-json\/wp\/v2\/media?parent=182739"}],"wp:term":[{"taxonomy":"product_brand","embeddable":true,"href":"https:\/\/depodanmusteriye.com\/urunler\/wp-json\/wp\/v2\/product_brand?post=182739"},{"taxonomy":"product_cat","embeddable":true,"href":"https:\/\/depodanmusteriye.com\/urunler\/wp-json\/wp\/v2\/product_cat?post=182739"},{"taxonomy":"product_tag","embeddable":true,"href":"https:\/\/depodanmusteriye.com\/urunler\/wp-json\/wp\/v2\/product_tag?post=182739"}],"curies":[{"name":"wp","href":"https:\/\/api.w.org\/{rel}","templated":true}]}}