{"id":182733,"date":"2025-12-15T00:56:10","date_gmt":"2025-12-15T00:56:10","guid":{"rendered":"https:\/\/b2b.depodanmusteriye.com\/urun\/kablosuz-bluetooth-hoparlor-tasinabilir-coklu-baglantili-ozelligi\/"},"modified":"2025-12-15T00:56:10","modified_gmt":"2025-12-15T00:56:10","slug":"kablosuz-bluetooth-hoparlor-tasinabilir-coklu-baglantili-ozelligi","status":"publish","type":"product","link":"https:\/\/depodanmusteriye.com\/urunler\/urun\/kablosuz-bluetooth-hoparlor-tasinabilir-coklu-baglantili-ozelligi\/","title":{"rendered":"Kablosuz Bluetooth Hoparl\u00f6r Ta\u015f\u0131nabilir \u00c7oklu Ba\u011flant\u0131l\u0131 \u00d6zelli\u011fi"},"content":{"rendered":"<h4>Kusursuz Ses DeneyimiGeli\u015fmi\u015f ses teknolojisi sayesinde kullan\u0131c\u0131lar\u0131na y\u00fcksek kaliteli ve dengeli bir ses deneyimi sunar. D\u00fc\u015f\u00fck frekanslardaki derin baslardan, tiz tonlardaki berrak ayr\u0131nt\u0131lara kadar her nota net ve canl\u0131 bir \u015fekilde duyulur. \u0130\u00e7 mekanlarda detaylar\u0131 \u00f6ne \u00e7\u0131karan akustik performans\u0131 ile \u00f6ne \u00e7\u0131karken, d\u0131\u015f mekanlarda da g\u00fc\u00e7l\u00fc ve yayg\u0131n ses da\u011f\u0131l\u0131m\u0131 ile etkileyici bir atmosfer olu\u015fturur. Hoparl\u00f6r, y\u00fcksek ses seviyelerinde dahi bozulma ya\u015famadan m\u00fczi\u011fin do\u011fall\u0131\u011f\u0131n\u0131 koruyarak performans\u0131n\u0131 s\u00fcrd\u00fcr\u00fcr. <\/p>\n<p><b>1 adet fiyat\u0131d\u0131r<\/b> <\/p>\n<p><p><b>\u00dcretici Markas\u0131 : ZERO LAND<\/b><\/p>\n<p><b>\u00dcretici Kodu : UUCZZZFL\u0130P6MAXXXX2<\/b><\/p>\n<p><b>1 ADET F\u0130YATIDIR<\/b><\/p>\n<\/h4>\n<p><\/p>\n","protected":false},"excerpt":{"rendered":"<p>Kablosuz Bluetooth Hoparl\u00f6r Ta\u015f\u0131nabilir \u00c7oklu Ba\u011flant\u0131l\u0131 \u00d6zelli\u011fi<\/p>\n","protected":false},"featured_media":182728,"comment_status":"open","ping_status":"closed","template":"","meta":[],"product_brand":[],"product_cat":[461,374],"product_tag":[4247,3605,4212,1968,1640,13447,2982],"class_list":{"0":"post-182733","1":"product","2":"type-product","3":"status-publish","4":"has-post-thumbnail","6":"product_cat-bluetooth-hoparlor","7":"product_cat-mobil-aksesuar","8":"product_tag-baglantili","9":"product_tag-bluetooth","10":"product_tag-coklu","11":"product_tag-hoparlor","12":"product_tag-kablosuz","13":"product_tag-ozelligi","14":"product_tag-tasinabilir","16":"first","17":"instock","18":"taxable","19":"shipping-taxable","20":"purchasable","21":"product-type-simple"},"_links":{"self":[{"href":"https:\/\/depodanmusteriye.com\/urunler\/wp-json\/wp\/v2\/product\/182733","targetHints":{"allow":["GET"]}}],"collection":[{"href":"https:\/\/depodanmusteriye.com\/urunler\/wp-json\/wp\/v2\/product"}],"about":[{"href":"https:\/\/depodanmusteriye.com\/urunler\/wp-json\/wp\/v2\/types\/product"}],"replies":[{"embeddable":true,"href":"https:\/\/depodanmusteriye.com\/urunler\/wp-json\/wp\/v2\/comments?post=182733"}],"version-history":[{"count":0,"href":"https:\/\/depodanmusteriye.com\/urunler\/wp-json\/wp\/v2\/product\/182733\/revisions"}],"wp:featuredmedia":[{"embeddable":true,"href":"https:\/\/depodanmusteriye.com\/urunler\/wp-json\/wp\/v2\/media\/182728"}],"wp:attachment":[{"href":"https:\/\/depodanmusteriye.com\/urunler\/wp-json\/wp\/v2\/media?parent=182733"}],"wp:term":[{"taxonomy":"product_brand","embeddable":true,"href":"https:\/\/depodanmusteriye.com\/urunler\/wp-json\/wp\/v2\/product_brand?post=182733"},{"taxonomy":"product_cat","embeddable":true,"href":"https:\/\/depodanmusteriye.com\/urunler\/wp-json\/wp\/v2\/product_cat?post=182733"},{"taxonomy":"product_tag","embeddable":true,"href":"https:\/\/depodanmusteriye.com\/urunler\/wp-json\/wp\/v2\/product_tag?post=182733"}],"curies":[{"name":"wp","href":"https:\/\/api.w.org\/{rel}","templated":true}]}}