{"id":182727,"date":"2025-12-15T00:55:48","date_gmt":"2025-12-15T00:55:48","guid":{"rendered":"https:\/\/b2b.depodanmusteriye.com\/urun\/bluetooth-hoparlor-usb-sarjli-uzun-pil-omru-android-ve-ios-uyumlu-renkli\/"},"modified":"2025-12-15T00:55:48","modified_gmt":"2025-12-15T00:55:48","slug":"bluetooth-hoparlor-usb-sarjli-uzun-pil-omru-android-ve-ios-uyumlu-renkli","status":"publish","type":"product","link":"https:\/\/depodanmusteriye.com\/urunler\/urun\/bluetooth-hoparlor-usb-sarjli-uzun-pil-omru-android-ve-ios-uyumlu-renkli\/","title":{"rendered":"Bluetooth Hoparl\u00f6r USB \u015earjl\u0131 Uzun Pil \u00d6mr\u00fc Android ve \u0130OS Uyumlu Renkli"},"content":{"rendered":"<h4>Her An ve Her Yerde M\u00fczik KeyfiTa\u015f\u0131nabilirli\u011fi ve ses kalitesi, onu evde, piknikte, seyahatte ya da bir arkada\u015f bulu\u015fmas\u0131nda vazge\u00e7ilmez k\u0131lar. Kablosuz ba\u011flant\u0131 \u00f6zelli\u011fi sayesinde cihazlarla kolayca e\u015fle\u015fir ve an\u0131nda kullan\u0131ma haz\u0131r h\u00e2le gelir. Basit kontrol tu\u015flar\u0131 sayesinde kullan\u0131m kolayl\u0131\u011f\u0131 sa\u011flar, b\u00f6ylece m\u00fczi\u011fe odaklanman\u0131z yeterlidir. Hem g\u00fcndelik kullan\u0131m hem de \u00f6zel anlar i\u00e7in ideal olan bu hoparl\u00f6r, nerede olursan\u0131z olun size \u00f6zg\u00fcrce m\u00fczik dinlemenin keyfini ya\u015fat\u0131r. <\/p>\n<p><b>1 adet fiyat\u0131d\u0131r<\/b> <\/p>\n<p><p><b>\u00dcretici Markas\u0131 : ZERO LAND<\/b><\/p>\n<p><b>\u00dcretici Kodu : UUCZZZFL\u0130P6MAXXXX3<\/b><\/p>\n<p><b>1 ADET F\u0130YATIDIR<\/b><\/p>\n<\/h4>\n<p><\/p>\n","protected":false},"excerpt":{"rendered":"<p>Bluetooth Hoparl\u00f6r USB \u015earjl\u0131 Uzun Pil \u00d6mr\u00fc Android ve \u0130OS Uyumlu Renkli<\/p>\n","protected":false},"featured_media":182722,"comment_status":"open","ping_status":"closed","template":"","meta":[],"product_brand":[],"product_cat":[461,374],"product_tag":[1956,3605,1968,3685,13014,4199,1556,3975,2511,1951,2357,2104],"class_list":{"0":"post-182727","1":"product","2":"type-product","3":"status-publish","4":"has-post-thumbnail","6":"product_cat-bluetooth-hoparlor","7":"product_cat-mobil-aksesuar","8":"product_tag-android","9":"product_tag-bluetooth","10":"product_tag-hoparlor","11":"product_tag-ios","12":"product_tag-omru","13":"product_tag-pil","14":"product_tag-renkli","15":"product_tag-sarjli","16":"product_tag-usb","17":"product_tag-uyumlu","18":"product_tag-uzun","19":"product_tag-ve","21":"first","22":"instock","23":"taxable","24":"shipping-taxable","25":"purchasable","26":"product-type-simple"},"_links":{"self":[{"href":"https:\/\/depodanmusteriye.com\/urunler\/wp-json\/wp\/v2\/product\/182727","targetHints":{"allow":["GET"]}}],"collection":[{"href":"https:\/\/depodanmusteriye.com\/urunler\/wp-json\/wp\/v2\/product"}],"about":[{"href":"https:\/\/depodanmusteriye.com\/urunler\/wp-json\/wp\/v2\/types\/product"}],"replies":[{"embeddable":true,"href":"https:\/\/depodanmusteriye.com\/urunler\/wp-json\/wp\/v2\/comments?post=182727"}],"version-history":[{"count":0,"href":"https:\/\/depodanmusteriye.com\/urunler\/wp-json\/wp\/v2\/product\/182727\/revisions"}],"wp:featuredmedia":[{"embeddable":true,"href":"https:\/\/depodanmusteriye.com\/urunler\/wp-json\/wp\/v2\/media\/182722"}],"wp:attachment":[{"href":"https:\/\/depodanmusteriye.com\/urunler\/wp-json\/wp\/v2\/media?parent=182727"}],"wp:term":[{"taxonomy":"product_brand","embeddable":true,"href":"https:\/\/depodanmusteriye.com\/urunler\/wp-json\/wp\/v2\/product_brand?post=182727"},{"taxonomy":"product_cat","embeddable":true,"href":"https:\/\/depodanmusteriye.com\/urunler\/wp-json\/wp\/v2\/product_cat?post=182727"},{"taxonomy":"product_tag","embeddable":true,"href":"https:\/\/depodanmusteriye.com\/urunler\/wp-json\/wp\/v2\/product_tag?post=182727"}],"curies":[{"name":"wp","href":"https:\/\/api.w.org\/{rel}","templated":true}]}}