{"id":182415,"date":"2025-12-15T00:35:20","date_gmt":"2025-12-15T00:35:20","guid":{"rendered":"https:\/\/b2b.depodanmusteriye.com\/urun\/sarjli-tuy-toplama-makinesi-tuy-alici-toplayici-sarjli-tiftik-kazak-toplama-makinesi\/"},"modified":"2025-12-15T00:35:20","modified_gmt":"2025-12-15T00:35:20","slug":"sarjli-tuy-toplama-makinesi-tuy-alici-toplayici-sarjli-tiftik-kazak-toplama-makinesi","status":"publish","type":"product","link":"https:\/\/depodanmusteriye.com\/urunler\/urun\/sarjli-tuy-toplama-makinesi-tuy-alici-toplayici-sarjli-tiftik-kazak-toplama-makinesi\/","title":{"rendered":"\u015earjl\u0131 T\u00fcy Toplama Makinesi T\u00fcy Al\u0131c\u0131 Toplay\u0131c\u0131 \u015earjl\u0131 Tiftik Kazak Toplama Makinesi"},"content":{"rendered":"<h4>Tiftik ve T\u00fcy Temizli\u011fi Art\u0131k \u00c7ok Kolay: Pamuk Tiftik T\u00fcy Temizleme Toplama Makinesi, giysilerinizde ve kuma\u015flar\u0131n\u0131zda biriken tiftikleri ve t\u00fcyleri etkili bir \u015fekilde temizler, k\u0131yafetlerinizin her zaman taze ve d\u00fczg\u00fcn g\u00f6r\u00fcnmesini sa\u011flar.Kompakt Tasar\u0131m: 130x60x67mm boyutlar\u0131yla son derece kompakt ve hafif olan bu cihaz, her yere kolayca ta\u015f\u0131nabilir. Hem evde hem de seyahatlerde pratik kullan\u0131m sunar.Etkili 3 B\u0131\u00e7akl\u0131 Temizleme Sistemi: 5W motor g\u00fcc\u00fcyle desteklenen 3 b\u0131\u00e7akl\u0131 temizleme sistemi, t\u00fcyleri ve tiftikleri h\u0131zla keser ve toplar, giysilerinizi koruyarak etkili bir temizlik sunar.B\u00fcy\u00fck Kapasiteli Hazne: 200ml kapasitesindeki hazne, t\u00fcy ve tiftikleri toplar. B\u00f6ylece s\u0131k s\u0131k bo\u015faltma gerektirmez, uzun s\u00fcreli temizlik sa\u011flar.Kolay ve Pratik Kullan\u0131m: Tek tu\u015fla a\u00e7ma\/kapama \u00f6zelli\u011fi ile kullan\u0131m olduk\u00e7a basittir. Ergonomik tasar\u0131m\u0131, rahat tutu\u015f sa\u011flar ve uzun s\u00fcreli kullan\u0131mlarda bile konfor sunar.\u00d6zellikler: G\u00fc\u00e7: 5 Watt Temizleme Sistemi: 3 b\u0131\u00e7akl\u0131 etkili temizlik Hazne Kapasitesi: 200ml Boyutlar: 130x60x67mm <\/p>\n<p><b>1 adet fiyat\u0131d\u0131r<\/b> <\/p>\n<p><p><b>\u00dcretici Markas\u0131 : ZERO LAND<\/b><\/p>\n<p><b>\u00dcretici Kodu : UUCZZZHASUBAT\u0130FT\u0130KMAK\u0130NES\u0130\u0130\u0130\u01302<\/b><\/p>\n<p><b>1 ADET F\u0130YATIDIR<\/b><\/p>\n<\/h4>\n<p><\/p>\n","protected":false},"excerpt":{"rendered":"<p>\u015earjl\u0131 T\u00fcy Toplama Makinesi T\u00fcy Al\u0131c\u0131 Toplay\u0131c\u0131 \u015earjl\u0131 Tiftik Kazak Toplama Makinesi<\/p>\n","protected":false},"featured_media":182410,"comment_status":"open","ping_status":"closed","template":"","meta":[],"product_brand":[],"product_cat":[379,2221],"product_tag":[14279,8287,3446,3975,13560,2971,4347,2380],"class_list":{"0":"post-182415","1":"product","2":"type-product","3":"status-publish","4":"has-post-thumbnail","6":"product_cat-ev-yasam","7":"product_cat-tuy-toplayici-ev-ya-am","8":"product_tag-alici","9":"product_tag-kazak","10":"product_tag-makinesi","11":"product_tag-sarjli","12":"product_tag-tiftik","13":"product_tag-toplama","14":"product_tag-toplayici","15":"product_tag-tuy","17":"first","18":"instock","19":"taxable","20":"shipping-taxable","21":"purchasable","22":"product-type-simple"},"_links":{"self":[{"href":"https:\/\/depodanmusteriye.com\/urunler\/wp-json\/wp\/v2\/product\/182415","targetHints":{"allow":["GET"]}}],"collection":[{"href":"https:\/\/depodanmusteriye.com\/urunler\/wp-json\/wp\/v2\/product"}],"about":[{"href":"https:\/\/depodanmusteriye.com\/urunler\/wp-json\/wp\/v2\/types\/product"}],"replies":[{"embeddable":true,"href":"https:\/\/depodanmusteriye.com\/urunler\/wp-json\/wp\/v2\/comments?post=182415"}],"version-history":[{"count":0,"href":"https:\/\/depodanmusteriye.com\/urunler\/wp-json\/wp\/v2\/product\/182415\/revisions"}],"wp:featuredmedia":[{"embeddable":true,"href":"https:\/\/depodanmusteriye.com\/urunler\/wp-json\/wp\/v2\/media\/182410"}],"wp:attachment":[{"href":"https:\/\/depodanmusteriye.com\/urunler\/wp-json\/wp\/v2\/media?parent=182415"}],"wp:term":[{"taxonomy":"product_brand","embeddable":true,"href":"https:\/\/depodanmusteriye.com\/urunler\/wp-json\/wp\/v2\/product_brand?post=182415"},{"taxonomy":"product_cat","embeddable":true,"href":"https:\/\/depodanmusteriye.com\/urunler\/wp-json\/wp\/v2\/product_cat?post=182415"},{"taxonomy":"product_tag","embeddable":true,"href":"https:\/\/depodanmusteriye.com\/urunler\/wp-json\/wp\/v2\/product_tag?post=182415"}],"curies":[{"name":"wp","href":"https:\/\/api.w.org\/{rel}","templated":true}]}}