{"id":182409,"date":"2025-12-15T00:34:55","date_gmt":"2025-12-15T00:34:55","guid":{"rendered":"https:\/\/b2b.depodanmusteriye.com\/urun\/yeni-nesil-tiftik-ve-kazak-tuyu-temizleme-makinesi-kil-kazak-elbise-tuy-temizleyici\/"},"modified":"2025-12-15T00:34:55","modified_gmt":"2025-12-15T00:34:55","slug":"yeni-nesil-tiftik-ve-kazak-tuyu-temizleme-makinesi-kil-kazak-elbise-tuy-temizleyici","status":"publish","type":"product","link":"https:\/\/depodanmusteriye.com\/urunler\/urun\/yeni-nesil-tiftik-ve-kazak-tuyu-temizleme-makinesi-kil-kazak-elbise-tuy-temizleyici\/","title":{"rendered":"Yeni Nesil Tiftik Ve Kazak T\u00fcy\u00fc Temizleme Makinesi K\u0131l Kazak Elbise T\u00fcy Temizleyici"},"content":{"rendered":"<h4>Giysilerinizdeki Tiftikleri ve T\u00fcyleri Kolayca Temizleyin: Pamuk Tiftik T\u00fcy Temizleme Toplama Makinesi, k\u0131yafetlerinizde ve di\u011fer kuma\u015flar\u0131n\u0131zda biriken tiftik ve t\u00fcyleri h\u0131zl\u0131 ve etkili bir \u015fekilde temizler. Her zaman tertemiz ve d\u00fczg\u00fcn g\u00f6r\u00fcn\u00fcml\u00fc giysiler elde etmenizi sa\u011flar.Kompakt ve Hafif Tasar\u0131m: 130x60x67mm boyutlar\u0131ndaki kompakt tasar\u0131m\u0131 sayesinde bu cihaz, ta\u015f\u0131mas\u0131 son derece kolayd\u0131r. Hem evde hem de d\u0131\u015far\u0131da pratik kullan\u0131m sunar.\u00dcst\u00fcn Temizleme Performans\u0131: 5W motor ve 3 b\u0131\u00e7akl\u0131 temizleme sistemi ile kuma\u015f y\u00fczeyindeki t\u00fcyleri h\u0131zl\u0131 bir \u015fekilde keser ve temizler, giysilerinizin \u00f6mr\u00fcn\u00fc uzat\u0131r.B\u00fcy\u00fck Kapasiteli Hazne: 200ml kapasitesindeki haznesi, toplad\u0131\u011f\u0131 tiftik ve t\u00fcyleri uzun s\u00fcre depolar, b\u00f6ylece s\u0131k s\u0131k bo\u015faltma yapman\u0131za gerek kalmaz.Basit ve Kolay Kullan\u0131m: Tek tu\u015fla a\u00e7ma\/kapama i\u015flemi sayesinde kullan\u0131m olduk\u00e7a basittir. Ergonomik tasar\u0131m\u0131 ise rahat bir tutu\u015f sa\u011flar, b\u00f6ylece uzun s\u00fcreli kullan\u0131mda bile konforlu bir deneyim sunar.Teknik \u00d6zellikler: G\u00fc\u00e7: 5 Watt Temizleme Sistemi: 3 b\u0131\u00e7akl\u0131 etkili temizlik Hazne Kapasitesi: 200ml Boyutlar: 130x60x67mm <\/p>\n<p><b>1 adet fiyat\u0131d\u0131r<\/b> <\/p>\n<p><p><b>\u00dcretici Markas\u0131 : ZERO LAND<\/b><\/p>\n<p><b>\u00dcretici Kodu : UUCZZZHASUBAT\u0130FT\u0130KMAK\u0130NES\u0130\u0130\u0130\u01303<\/b><\/p>\n<p><b>1 ADET F\u0130YATIDIR<\/b><\/p>\n<\/h4>\n<p><\/p>\n","protected":false},"excerpt":{"rendered":"<p>Yeni Nesil Tiftik Ve Kazak T\u00fcy\u00fc Temizleme Makinesi K\u0131l Kazak Elbise T\u00fcy Temizleyici<\/p>\n","protected":false},"featured_media":182407,"comment_status":"open","ping_status":"closed","template":"","meta":[],"product_brand":[],"product_cat":[379,2221],"product_tag":[1495,8287,2970,3446,4325,1939,2887,13560,2380,6736,2104,3800],"class_list":{"0":"post-182409","1":"product","2":"type-product","3":"status-publish","4":"has-post-thumbnail","6":"product_cat-ev-yasam","7":"product_cat-tuy-toplayici-ev-ya-am","8":"product_tag-elbise","9":"product_tag-kazak","10":"product_tag-kil","11":"product_tag-makinesi","12":"product_tag-nesil","13":"product_tag-temizleme","14":"product_tag-temizleyici","15":"product_tag-tiftik","16":"product_tag-tuy","17":"product_tag-tuyu","18":"product_tag-ve","19":"product_tag-yeni","21":"first","22":"instock","23":"taxable","24":"shipping-taxable","25":"purchasable","26":"product-type-simple"},"_links":{"self":[{"href":"https:\/\/depodanmusteriye.com\/urunler\/wp-json\/wp\/v2\/product\/182409","targetHints":{"allow":["GET"]}}],"collection":[{"href":"https:\/\/depodanmusteriye.com\/urunler\/wp-json\/wp\/v2\/product"}],"about":[{"href":"https:\/\/depodanmusteriye.com\/urunler\/wp-json\/wp\/v2\/types\/product"}],"replies":[{"embeddable":true,"href":"https:\/\/depodanmusteriye.com\/urunler\/wp-json\/wp\/v2\/comments?post=182409"}],"version-history":[{"count":0,"href":"https:\/\/depodanmusteriye.com\/urunler\/wp-json\/wp\/v2\/product\/182409\/revisions"}],"wp:featuredmedia":[{"embeddable":true,"href":"https:\/\/depodanmusteriye.com\/urunler\/wp-json\/wp\/v2\/media\/182407"}],"wp:attachment":[{"href":"https:\/\/depodanmusteriye.com\/urunler\/wp-json\/wp\/v2\/media?parent=182409"}],"wp:term":[{"taxonomy":"product_brand","embeddable":true,"href":"https:\/\/depodanmusteriye.com\/urunler\/wp-json\/wp\/v2\/product_brand?post=182409"},{"taxonomy":"product_cat","embeddable":true,"href":"https:\/\/depodanmusteriye.com\/urunler\/wp-json\/wp\/v2\/product_cat?post=182409"},{"taxonomy":"product_tag","embeddable":true,"href":"https:\/\/depodanmusteriye.com\/urunler\/wp-json\/wp\/v2\/product_tag?post=182409"}],"curies":[{"name":"wp","href":"https:\/\/api.w.org\/{rel}","templated":true}]}}