{"id":181063,"date":"2025-12-14T23:11:31","date_gmt":"2025-12-14T23:11:31","guid":{"rendered":"https:\/\/b2b.depodanmusteriye.com\/urun\/kulak-ici-bluetooth-kulaklik-rgb-isikli-cift-mikrofonlu-ios-android-uyumlu-bt-5-2\/"},"modified":"2025-12-14T23:11:31","modified_gmt":"2025-12-14T23:11:31","slug":"kulak-ici-bluetooth-kulaklik-rgb-isikli-cift-mikrofonlu-ios-android-uyumlu-bt-5-2","status":"publish","type":"product","link":"https:\/\/depodanmusteriye.com\/urunler\/urun\/kulak-ici-bluetooth-kulaklik-rgb-isikli-cift-mikrofonlu-ios-android-uyumlu-bt-5-2\/","title":{"rendered":"Kulak \u0130\u00e7i Bluetooth Kulakl\u0131k Rgb I\u015f\u0131kl\u0131 \u00c7ift Mikrofonlu iOS\/Android Uyumlu BT 5.2"},"content":{"rendered":"<h4>G30 Siyah Profesyonel Oyuncu Kulakl\u0131\u011f\u0131, oyunseverler i\u00e7in m\u00fckemmel bir tercihtir. Bluetooth 5.2 teknolojisi sayesinde 45 ms gecikme s\u00fcresi ile y\u00fcksek performans sa\u011flar. Hem oyun oynarken hem de m\u00fczik dinlerken kullanabilece\u011finiz \u00fc\u00e7 farkl\u0131 modu ile her ihtiyaca hitap eder. RGB \u0131\u015f\u0131kland\u0131rmas\u0131, kulakl\u0131klar\u0131 g\u00f6rsel olarak etkileyici hale getirirken, ergonomik tasar\u0131m\u0131 kula\u011f\u0131n\u0131za tam uyum sa\u011flar ve uzun s\u00fcreli kullan\u0131mda konfor sunar. HD mikrofonu ile oyun s\u0131ras\u0131nda net ve kesintisiz konusabilirsiniz. ancak y\u00fcksek sesli ortamlarda mikrofon kalitesi ortalama seviyede olabilir. Sadece telefon g\u00f6r\u00fc\u015fmeleri i\u00e7in kullan\u0131ld\u0131\u011f\u0131nda, sessiz ortamlarda mikrofon stabil bir performans g\u00f6sterir. Ortalama kullan\u0131m s\u00fcresi 2-3 saat olup, \u015farj kutusu ile en az iki defa tam \u015farj edilebilir. Uzun bekleme s\u00fcresi (150 saat) ve dayan\u0131kl\u0131 bataryas\u0131, bu kulakl\u0131\u011f\u0131 g\u00fcnl\u00fck kullan\u0131mda vazge\u00e7ilmez k\u0131lar. Oyun tutkunlar\u0131 i\u00e7in \u015f\u0131k ve fonksiyonel bir se\u00e7enek olan bu kulakl\u0131k, ayn\u0131 zamanda \u015farj s\u00fcresi ve konforuyla da \u00f6ne \u00e7\u0131kar. <\/p>\n<p><b>1 adet fiyat\u0131d\u0131r<\/b> <\/p>\n<p><p><b>\u00dcretici Markas\u0131 : ZERO LAND<\/b><\/p>\n<p><b>\u00dcretici Kodu : UUCZZZG30KULAKLIKKKKKKK5<\/b><\/p>\n<p><b>1 ADET F\u0130YATIDIR<\/b><\/p>\n<\/h4>\n<p><\/p>\n","protected":false},"excerpt":{"rendered":"<p>Kulak \u0130\u00e7i Bluetooth Kulakl\u0131k Rgb I\u015f\u0131kl\u0131 \u00c7ift Mikrofonlu iOS\/Android Uyumlu BT 5.2<\/p>\n","protected":false},"featured_media":181058,"comment_status":"open","ping_status":"closed","template":"","meta":[],"product_brand":[],"product_cat":[494,374],"product_tag":[9615,3605,3242,1747,1904,14254,3901,1638,1641,1966,1967,1951],"class_list":{"0":"post-181063","1":"product","2":"type-product","3":"status-publish","4":"has-post-thumbnail","6":"product_cat-kulak-ici-tws-bluetooth-kulaklik","7":"product_cat-mobil-aksesuar","8":"product_tag-5-2","9":"product_tag-bluetooth","10":"product_tag-bt","11":"product_tag-cift","12":"product_tag-ici","13":"product_tag-ios-android","14":"product_tag-isikli","15":"product_tag-kulak","16":"product_tag-kulaklik","17":"product_tag-mikrofonlu","18":"product_tag-rgb","19":"product_tag-uyumlu","21":"first","22":"instock","23":"taxable","24":"shipping-taxable","25":"purchasable","26":"product-type-simple"},"_links":{"self":[{"href":"https:\/\/depodanmusteriye.com\/urunler\/wp-json\/wp\/v2\/product\/181063","targetHints":{"allow":["GET"]}}],"collection":[{"href":"https:\/\/depodanmusteriye.com\/urunler\/wp-json\/wp\/v2\/product"}],"about":[{"href":"https:\/\/depodanmusteriye.com\/urunler\/wp-json\/wp\/v2\/types\/product"}],"replies":[{"embeddable":true,"href":"https:\/\/depodanmusteriye.com\/urunler\/wp-json\/wp\/v2\/comments?post=181063"}],"version-history":[{"count":0,"href":"https:\/\/depodanmusteriye.com\/urunler\/wp-json\/wp\/v2\/product\/181063\/revisions"}],"wp:featuredmedia":[{"embeddable":true,"href":"https:\/\/depodanmusteriye.com\/urunler\/wp-json\/wp\/v2\/media\/181058"}],"wp:attachment":[{"href":"https:\/\/depodanmusteriye.com\/urunler\/wp-json\/wp\/v2\/media?parent=181063"}],"wp:term":[{"taxonomy":"product_brand","embeddable":true,"href":"https:\/\/depodanmusteriye.com\/urunler\/wp-json\/wp\/v2\/product_brand?post=181063"},{"taxonomy":"product_cat","embeddable":true,"href":"https:\/\/depodanmusteriye.com\/urunler\/wp-json\/wp\/v2\/product_cat?post=181063"},{"taxonomy":"product_tag","embeddable":true,"href":"https:\/\/depodanmusteriye.com\/urunler\/wp-json\/wp\/v2\/product_tag?post=181063"}],"curies":[{"name":"wp","href":"https:\/\/api.w.org\/{rel}","templated":true}]}}