{"id":181045,"date":"2025-12-14T23:10:27","date_gmt":"2025-12-14T23:10:27","guid":{"rendered":"https:\/\/b2b.depodanmusteriye.com\/urun\/yuksek-gorunurluklu-otomobil-jest-isigi-3-modlu-led-arka-cam-aksesuari-pratik-ve-eglenceli\/"},"modified":"2025-12-14T23:10:27","modified_gmt":"2025-12-14T23:10:27","slug":"yuksek-gorunurluklu-otomobil-jest-isigi-3-modlu-led-arka-cam-aksesuari-pratik-ve-eglenceli","status":"publish","type":"product","link":"https:\/\/depodanmusteriye.com\/urunler\/urun\/yuksek-gorunurluklu-otomobil-jest-isigi-3-modlu-led-arka-cam-aksesuari-pratik-ve-eglenceli\/","title":{"rendered":"Y\u00fcksek G\u00f6r\u00fcn\u00fcrl\u00fckl\u00fc Otomobil Jest I\u015f\u0131\u011f\u0131 \u2013 3 Modlu LED Arka Cam Aksesuar\u0131, Pratik ve E\u011flenceli"},"content":{"rendered":"<h4>Arac\u0131n\u0131za farkl\u0131 bir hava katmak istiyorsan\u0131z bu LED jest \u0131\u015f\u0131\u011f\u0131 ideal bir se\u00e7im! Yap\u0131\u015fkanl\u0131 y\u00fczeyi sayesinde sadece 30 saniyede monte edilir; herhangi bir ara\u00e7 modifikasyonuna gerek kalmaz. Kablosuz kumandas\u0131 ile pratik bir kullan\u0131m sunar. S\u00fcr\u00fcc\u00fcye e\u011fimli yap\u0131s\u0131 ve g\u00fc\u00e7l\u00fc \u0131\u015f\u0131k \u00e7\u0131k\u0131\u015f\u0131yla her a\u00e7\u0131dan net g\u00f6r\u00fcn\u00fcrl\u00fck sa\u011flar. \u015earj gerektirmeyen pil sistemi ile diledi\u011finiz zaman kullan\u0131ma haz\u0131r olur. I\u015f\u0131k g\u00fcc\u00fc azald\u0131\u011f\u0131nda yaln\u0131zca pilleri de\u011fi\u015ftirmeniz yeterli. Kompakt, hafif ve ta\u015f\u0131nabilir yap\u0131s\u0131yla her t\u00fcr ara\u00e7 i\u00e7in uygundur. <\/p>\n<p><b>1 adet fiyat\u0131d\u0131r<\/b> <\/p>\n<p><p><b>\u00dcretici Markas\u0131 : ZERO LAND<\/b><\/p>\n<p><b>\u00dcretici Kodu : UCZUZAKTANKUMANDALIELLLLL1<\/b><\/p>\n<p><b>1 ADET F\u0130YATIDIR<\/b><\/p>\n<\/h4>\n<p><\/p>\n","protected":false},"excerpt":{"rendered":"<p>Y\u00fcksek G\u00f6r\u00fcn\u00fcrl\u00fckl\u00fc Otomobil Jest I\u015f\u0131\u011f\u0131 \u2013 3 Modlu LED Arka Cam Aksesuar\u0131, Pratik ve E\u011flenceli<\/p>\n","protected":false},"featured_media":181040,"comment_status":"open","ping_status":"closed","template":"","meta":[],"product_brand":[],"product_cat":[757,368],"product_tag":[1350,4006,1242,1366,4207,13064,3227,3988,2684,4027,14252,4096,2104,2630],"class_list":{"0":"post-181045","1":"product","2":"type-product","3":"status-publish","4":"has-post-thumbnail","6":"product_cat-led-isik","7":"product_cat-sus-ve-parti-malzemeleri","8":"product_tag-1350","9":"product_tag-aksesuari","10":"product_tag-arka","11":"product_tag-cam","12":"product_tag-eglenceli","13":"product_tag-gorunurluklu","14":"product_tag-isigi","15":"product_tag-jest","16":"product_tag-led","17":"product_tag-modlu","18":"product_tag-otomobil","19":"product_tag-pratik","20":"product_tag-ve","21":"product_tag-yuksek","23":"first","24":"instock","25":"taxable","26":"shipping-taxable","27":"purchasable","28":"product-type-simple"},"_links":{"self":[{"href":"https:\/\/depodanmusteriye.com\/urunler\/wp-json\/wp\/v2\/product\/181045","targetHints":{"allow":["GET"]}}],"collection":[{"href":"https:\/\/depodanmusteriye.com\/urunler\/wp-json\/wp\/v2\/product"}],"about":[{"href":"https:\/\/depodanmusteriye.com\/urunler\/wp-json\/wp\/v2\/types\/product"}],"replies":[{"embeddable":true,"href":"https:\/\/depodanmusteriye.com\/urunler\/wp-json\/wp\/v2\/comments?post=181045"}],"version-history":[{"count":0,"href":"https:\/\/depodanmusteriye.com\/urunler\/wp-json\/wp\/v2\/product\/181045\/revisions"}],"wp:featuredmedia":[{"embeddable":true,"href":"https:\/\/depodanmusteriye.com\/urunler\/wp-json\/wp\/v2\/media\/181040"}],"wp:attachment":[{"href":"https:\/\/depodanmusteriye.com\/urunler\/wp-json\/wp\/v2\/media?parent=181045"}],"wp:term":[{"taxonomy":"product_brand","embeddable":true,"href":"https:\/\/depodanmusteriye.com\/urunler\/wp-json\/wp\/v2\/product_brand?post=181045"},{"taxonomy":"product_cat","embeddable":true,"href":"https:\/\/depodanmusteriye.com\/urunler\/wp-json\/wp\/v2\/product_cat?post=181045"},{"taxonomy":"product_tag","embeddable":true,"href":"https:\/\/depodanmusteriye.com\/urunler\/wp-json\/wp\/v2\/product_tag?post=181045"}],"curies":[{"name":"wp","href":"https:\/\/api.w.org\/{rel}","templated":true}]}}