{"id":181039,"date":"2025-12-14T23:10:12","date_gmt":"2025-12-14T23:10:12","guid":{"rendered":"https:\/\/b2b.depodanmusteriye.com\/urun\/araciniz-icin-eglenceli-ve-guvenli-iletisim-led-jest-lambasi-uzaktan-kumandali-kolay-montaj\/"},"modified":"2025-12-14T23:10:12","modified_gmt":"2025-12-14T23:10:12","slug":"araciniz-icin-eglenceli-ve-guvenli-iletisim-led-jest-lambasi-uzaktan-kumandali-kolay-montaj","status":"publish","type":"product","link":"https:\/\/depodanmusteriye.com\/urunler\/urun\/araciniz-icin-eglenceli-ve-guvenli-iletisim-led-jest-lambasi-uzaktan-kumandali-kolay-montaj\/","title":{"rendered":"Arac\u0131n\u0131z \u0130\u00e7in E\u011flenceli ve G\u00fcvenli \u0130leti\u015fim: LED Jest Lambas\u0131, Uzaktan Kumandal\u0131, Kolay Montaj"},"content":{"rendered":"<h4>Bu interaktif jest \u0131\u015f\u0131\u011f\u0131 sadece e\u011flenceli de\u011fil, ayn\u0131 zamanda g\u00fcvenli bir s\u00fcr\u00fc\u015f i\u00e7in de olduk\u00e7a faydal\u0131! Arkadaki s\u00fcr\u00fcc\u00fclere sinyal vererek anl\u0131k tepkilerinizi g\u00f6sterebilir, dikkatlerini \u00e7ekerek olas\u0131 riskleri azaltabilirsiniz. 203 g\u00fc\u00e7l\u00fc LED ile hem gece hem g\u00fcnd\u00fcz net g\u00f6r\u00fcnt\u00fc sunar. Kumandas\u0131 ile kontrol edebilece\u011finiz jest modlar\u0131; dur-kalklarda, te\u015fekk\u00fcrlerde veya uyar\u0131larda b\u00fcy\u00fck kolayl\u0131k sa\u011flar. S\u00fcr\u00fcc\u00fclerin sizi daha iyi anlamas\u0131na yard\u0131mc\u0131 olan bu cihaz, seyahatlerinize hem keyif hem de g\u00fcven katar. <\/p>\n<p><b>1 adet fiyat\u0131d\u0131r<\/b> <\/p>\n<p><p><b>\u00dcretici Markas\u0131 : ZERO LAND<\/b><\/p>\n<p><b>\u00dcretici Kodu : UCZUZAKTANKUMANDALIELLLLL2<\/b><\/p>\n<p><b>1 ADET F\u0130YATIDIR<\/b><\/p>\n<\/h4>\n<p><\/p>\n","protected":false},"excerpt":{"rendered":"<p>Arac\u0131n\u0131z \u0130\u00e7in E\u011flenceli ve G\u00fcvenli \u0130leti\u015fim: LED Jest Lambas\u0131, Uzaktan Kumandal\u0131, Kolay Montaj<\/p>\n","protected":false},"featured_media":181034,"comment_status":"open","ping_status":"closed","template":"","meta":[],"product_brand":[],"product_cat":[757,368],"product_tag":[14251,4207,13116,1853,3988,4025,4161,2287,2684,13313,4160,2104],"class_list":{"0":"post-181039","1":"product","2":"type-product","3":"status-publish","4":"has-post-thumbnail","6":"product_cat-led-isik","7":"product_cat-sus-ve-parti-malzemeleri","8":"product_tag-araciniz","9":"product_tag-eglenceli","10":"product_tag-guvenli","11":"product_tag-icin","12":"product_tag-jest","13":"product_tag-kolay","14":"product_tag-kumandali","15":"product_tag-lambasi","16":"product_tag-led","17":"product_tag-montaj","18":"product_tag-uzaktan","19":"product_tag-ve","21":"first","22":"instock","23":"taxable","24":"shipping-taxable","25":"purchasable","26":"product-type-simple"},"_links":{"self":[{"href":"https:\/\/depodanmusteriye.com\/urunler\/wp-json\/wp\/v2\/product\/181039","targetHints":{"allow":["GET"]}}],"collection":[{"href":"https:\/\/depodanmusteriye.com\/urunler\/wp-json\/wp\/v2\/product"}],"about":[{"href":"https:\/\/depodanmusteriye.com\/urunler\/wp-json\/wp\/v2\/types\/product"}],"replies":[{"embeddable":true,"href":"https:\/\/depodanmusteriye.com\/urunler\/wp-json\/wp\/v2\/comments?post=181039"}],"version-history":[{"count":0,"href":"https:\/\/depodanmusteriye.com\/urunler\/wp-json\/wp\/v2\/product\/181039\/revisions"}],"wp:featuredmedia":[{"embeddable":true,"href":"https:\/\/depodanmusteriye.com\/urunler\/wp-json\/wp\/v2\/media\/181034"}],"wp:attachment":[{"href":"https:\/\/depodanmusteriye.com\/urunler\/wp-json\/wp\/v2\/media?parent=181039"}],"wp:term":[{"taxonomy":"product_brand","embeddable":true,"href":"https:\/\/depodanmusteriye.com\/urunler\/wp-json\/wp\/v2\/product_brand?post=181039"},{"taxonomy":"product_cat","embeddable":true,"href":"https:\/\/depodanmusteriye.com\/urunler\/wp-json\/wp\/v2\/product_cat?post=181039"},{"taxonomy":"product_tag","embeddable":true,"href":"https:\/\/depodanmusteriye.com\/urunler\/wp-json\/wp\/v2\/product_tag?post=181039"}],"curies":[{"name":"wp","href":"https:\/\/api.w.org\/{rel}","templated":true}]}}