{"id":181033,"date":"2025-12-14T23:09:58","date_gmt":"2025-12-14T23:09:58","guid":{"rendered":"https:\/\/b2b.depodanmusteriye.com\/urun\/kablosuz-kumandali-led-jest-isigi-3-modlu-araba-arkasi-mesaj-isigi-203-led-ile-yuksek-parlaklik\/"},"modified":"2025-12-14T23:09:58","modified_gmt":"2025-12-14T23:09:58","slug":"kablosuz-kumandali-led-jest-isigi-3-modlu-araba-arkasi-mesaj-isigi-203-led-ile-yuksek-parlaklik","status":"publish","type":"product","link":"https:\/\/depodanmusteriye.com\/urunler\/urun\/kablosuz-kumandali-led-jest-isigi-3-modlu-araba-arkasi-mesaj-isigi-203-led-ile-yuksek-parlaklik\/","title":{"rendered":"Kablosuz Kumandal\u0131 LED Jest I\u015f\u0131\u011f\u0131 \u2013 3 Modlu Araba Arkas\u0131 Mesaj I\u015f\u0131\u011f\u0131, 203 LED ile Y\u00fcksek Parlakl\u0131k"},"content":{"rendered":"<h4>S\u00fcr\u00fc\u015f s\u0131ras\u0131nda di\u011fer s\u00fcr\u00fcc\u00fclerle daha anlaml\u0131 bir ileti\u015fim kurmak ister misiniz? LED jest \u0131\u015f\u0131\u011f\u0131 tam size g\u00f6re! \u00dc\u00e7 farkl\u0131 jest modu sayesinde te\u015fekk\u00fcr edebilir, dikkat \u00e7ekebilir ya da e\u011flenceli mesajlar verebilirsiniz. Uzaktan kumandas\u0131yla kolayca kontrol edebilece\u011finiz bu cihaz, g\u00fcnd\u00fcz ve gece 203 LED \u0131\u015f\u0131k boncu\u011fuyla net bir g\u00f6r\u00fcn\u00fcrl\u00fck sa\u011flar. Kompakt tasar\u0131m\u0131 hem yer kaplamaz hem de modern bir dokunu\u015f sunar. Y\u00fcksek kaliteli ABS malzemesi ile uzun \u00f6m\u00fcrl\u00fcd\u00fcr ve sadece birka\u00e7 saniyede kolayca monte edilebilir. <\/p>\n<p><b>1 adet fiyat\u0131d\u0131r<\/b> <\/p>\n<p><p><b>\u00dcretici Markas\u0131 : ZERO LAND<\/b><\/p>\n<p><b>\u00dcretici Kodu : UCZUZAKTANKUMANDALIELLLLL3<\/b><\/p>\n<p><b>1 ADET F\u0130YATIDIR<\/b><\/p>\n<\/h4>\n<p><\/p>\n","protected":false},"excerpt":{"rendered":"<p>Kablosuz Kumandal\u0131 LED Jest I\u015f\u0131\u011f\u0131 \u2013 3 Modlu Araba Arkas\u0131 Mesaj I\u015f\u0131\u011f\u0131, 203 LED ile Y\u00fcksek Parlakl\u0131k<\/p>\n","protected":false},"featured_media":181028,"comment_status":"open","ping_status":"closed","template":"","meta":[],"product_brand":[],"product_cat":[757,368],"product_tag":[13063,1350,1427,1472,3227,3988,1640,4161,2684,14206,4027,4266,2630],"class_list":{"0":"post-181033","1":"product","2":"type-product","3":"status-publish","4":"has-post-thumbnail","6":"product_cat-led-isik","7":"product_cat-sus-ve-parti-malzemeleri","8":"product_tag-13063","9":"product_tag-1350","10":"product_tag-araba","11":"product_tag-arkasi","12":"product_tag-isigi","13":"product_tag-jest","14":"product_tag-kablosuz","15":"product_tag-kumandali","16":"product_tag-led","17":"product_tag-mesaj","18":"product_tag-modlu","19":"product_tag-parlaklik","20":"product_tag-yuksek","22":"first","23":"instock","24":"taxable","25":"shipping-taxable","26":"purchasable","27":"product-type-simple"},"_links":{"self":[{"href":"https:\/\/depodanmusteriye.com\/urunler\/wp-json\/wp\/v2\/product\/181033","targetHints":{"allow":["GET"]}}],"collection":[{"href":"https:\/\/depodanmusteriye.com\/urunler\/wp-json\/wp\/v2\/product"}],"about":[{"href":"https:\/\/depodanmusteriye.com\/urunler\/wp-json\/wp\/v2\/types\/product"}],"replies":[{"embeddable":true,"href":"https:\/\/depodanmusteriye.com\/urunler\/wp-json\/wp\/v2\/comments?post=181033"}],"version-history":[{"count":0,"href":"https:\/\/depodanmusteriye.com\/urunler\/wp-json\/wp\/v2\/product\/181033\/revisions"}],"wp:featuredmedia":[{"embeddable":true,"href":"https:\/\/depodanmusteriye.com\/urunler\/wp-json\/wp\/v2\/media\/181028"}],"wp:attachment":[{"href":"https:\/\/depodanmusteriye.com\/urunler\/wp-json\/wp\/v2\/media?parent=181033"}],"wp:term":[{"taxonomy":"product_brand","embeddable":true,"href":"https:\/\/depodanmusteriye.com\/urunler\/wp-json\/wp\/v2\/product_brand?post=181033"},{"taxonomy":"product_cat","embeddable":true,"href":"https:\/\/depodanmusteriye.com\/urunler\/wp-json\/wp\/v2\/product_cat?post=181033"},{"taxonomy":"product_tag","embeddable":true,"href":"https:\/\/depodanmusteriye.com\/urunler\/wp-json\/wp\/v2\/product_tag?post=181033"}],"curies":[{"name":"wp","href":"https:\/\/api.w.org\/{rel}","templated":true}]}}