{"id":181027,"date":"2025-12-14T23:09:44","date_gmt":"2025-12-14T23:09:44","guid":{"rendered":"https:\/\/b2b.depodanmusteriye.com\/urun\/8-portlu-macbook-cevirici-type-c-hub-sd-tf-usb-cogaltici-ethernet\/"},"modified":"2025-12-14T23:09:44","modified_gmt":"2025-12-14T23:09:44","slug":"8-portlu-macbook-cevirici-type-c-hub-sd-tf-usb-cogaltici-ethernet","status":"publish","type":"product","link":"https:\/\/depodanmusteriye.com\/urunler\/urun\/8-portlu-macbook-cevirici-type-c-hub-sd-tf-usb-cogaltici-ethernet\/","title":{"rendered":"8 Portlu Macbook \u00c7evirici Type C Hub  SD TF USB \u00c7o\u011falt\u0131c\u0131 Ethernet"},"content":{"rendered":"<h4>Bu 8 in 1 Type-C d\u00f6n\u00fc\u015ft\u00fcr\u00fcc\u00fc, bilgisayar\u0131n\u0131za birden fazla \u00e7evre birimi ba\u011flaman\u0131z\u0131 sa\u011flayan m\u00fckemmel bir \u00e7\u00f6z\u00fcm sunar. HDMI \u00e7\u0131k\u0131\u015f\u0131, 2x USB 3.0, TF, SD kart yuvas\u0131, 2x Type-C, ve RJ45 Ethernet \u00e7\u0131k\u0131\u015f\u0131 gibi \u00e7e\u015fitli ba\u011flant\u0131 se\u00e7enekleri ile \u00e7ok i\u015flevli kullan\u0131m imkan\u0131 sa\u011flar. 5 Gbps h\u0131z\u0131nda veri aktar\u0131m\u0131 yapabilen bu d\u00f6n\u00fc\u015ft\u00fcr\u00fcc\u00fc, foto\u011fraf, video, m\u00fczik ve di\u011fer dosyalar i\u00e7in h\u0131zl\u0131 veri transferini garanti eder. 4K destekli HDMI \u00e7\u0131k\u0131\u015f\u0131, monit\u00f6r veya TV&#8217;nize y\u00fcksek \u00e7\u00f6z\u00fcn\u00fcrl\u00fckte g\u00f6r\u00fcnt\u00fc aktar\u0131m\u0131 yapman\u0131z\u0131 sa\u011flar. Ethernet ba\u011flant\u0131s\u0131 ile stabil internet ba\u011flant\u0131s\u0131 sa\u011flayabilir, ayr\u0131ca SD ve mikro SD kartlar\u0131n\u0131z\u0131 kolayca okuyabilirsiniz. Tak \u00e7al\u0131\u015ft\u0131r \u00f6zelli\u011fi ile s\u00fcr\u00fcc\u00fcye gerek duymadan kullanmaya ba\u015flayabilirsiniz. Type-C \u015farj noktas\u0131 sayesinde, cihaz\u0131n\u0131z\u0131 \u015farj ederken di\u011fer portlar\u0131 da kullanabilirsiniz. Shaza Type-C Hub, s\u0131n\u0131rl\u0131 say\u0131da Type-C portu bulunan MacBook ve di\u011fer diz\u00fcst\u00fc bilgisayarlar i\u00e7in vazge\u00e7ilmez bir \u00fcr\u00fcnd\u00fcr. <\/p>\n<p><b>1 adet fiyat\u0131d\u0131r<\/b> <\/p>\n<p><p><b>\u00dcretici Markas\u0131 : ZERO LAND<\/b><\/p>\n<p><b>\u00dcretici Kodu : UUCZZZZMACBOOK\u00c7EV\u0130R\u0130C\u0130\u0130\u0130\u0130\u0130\u0130\u01301<\/b><\/p>\n<p><b>1 ADET F\u0130YATIDIR<\/b><\/p>\n<\/h4>\n<p><\/p>\n","protected":false},"excerpt":{"rendered":"<p>8 Portlu Macbook \u00c7evirici Type C Hub  SD TF USB \u00c7o\u011falt\u0131c\u0131 Ethernet<\/p>\n","protected":false},"featured_media":181022,"comment_status":"open","ping_status":"closed","template":"","meta":[],"product_brand":[],"product_cat":[2242,379],"product_tag":[2005,1771,4274,14249,13971,9359,2832,4114,3423,13035,14250,2511],"class_list":{"0":"post-181027","1":"product","2":"type-product","3":"status-publish","4":"has-post-thumbnail","6":"product_cat-cevirici-donusturucu-ev-ya-am","7":"product_cat-ev-yasam","8":"product_tag-2005","9":"product_tag-c","10":"product_tag-cevirici","11":"product_tag-cogaltici","12":"product_tag-ethernet","13":"product_tag-hub","14":"product_tag-macbook","15":"product_tag-portlu","16":"product_tag-sd","17":"product_tag-tf","18":"product_tag-type","19":"product_tag-usb","21":"first","22":"instock","23":"taxable","24":"shipping-taxable","25":"purchasable","26":"product-type-simple"},"_links":{"self":[{"href":"https:\/\/depodanmusteriye.com\/urunler\/wp-json\/wp\/v2\/product\/181027","targetHints":{"allow":["GET"]}}],"collection":[{"href":"https:\/\/depodanmusteriye.com\/urunler\/wp-json\/wp\/v2\/product"}],"about":[{"href":"https:\/\/depodanmusteriye.com\/urunler\/wp-json\/wp\/v2\/types\/product"}],"replies":[{"embeddable":true,"href":"https:\/\/depodanmusteriye.com\/urunler\/wp-json\/wp\/v2\/comments?post=181027"}],"version-history":[{"count":0,"href":"https:\/\/depodanmusteriye.com\/urunler\/wp-json\/wp\/v2\/product\/181027\/revisions"}],"wp:featuredmedia":[{"embeddable":true,"href":"https:\/\/depodanmusteriye.com\/urunler\/wp-json\/wp\/v2\/media\/181022"}],"wp:attachment":[{"href":"https:\/\/depodanmusteriye.com\/urunler\/wp-json\/wp\/v2\/media?parent=181027"}],"wp:term":[{"taxonomy":"product_brand","embeddable":true,"href":"https:\/\/depodanmusteriye.com\/urunler\/wp-json\/wp\/v2\/product_brand?post=181027"},{"taxonomy":"product_cat","embeddable":true,"href":"https:\/\/depodanmusteriye.com\/urunler\/wp-json\/wp\/v2\/product_cat?post=181027"},{"taxonomy":"product_tag","embeddable":true,"href":"https:\/\/depodanmusteriye.com\/urunler\/wp-json\/wp\/v2\/product_tag?post=181027"}],"curies":[{"name":"wp","href":"https:\/\/api.w.org\/{rel}","templated":true}]}}