{"id":180691,"date":"2025-12-14T22:51:02","date_gmt":"2025-12-14T22:51:02","guid":{"rendered":"https:\/\/b2b.depodanmusteriye.com\/urun\/dermaroller-titanyum-540-igneli-1-mm-sac-kas-sakal-serum-kullanima-uygun\/"},"modified":"2025-12-14T22:51:02","modified_gmt":"2025-12-14T22:51:02","slug":"dermaroller-titanyum-540-igneli-1-mm-sac-kas-sakal-serum-kullanima-uygun","status":"publish","type":"product","link":"https:\/\/depodanmusteriye.com\/urunler\/urun\/dermaroller-titanyum-540-igneli-1-mm-sac-kas-sakal-serum-kullanima-uygun\/","title":{"rendered":"Dermaroller Titanyum 540 I\u011fneli 1 Mm Sa\u00e7 Ka\u015f Sakal Serum Kullan\u0131ma Uygun"},"content":{"rendered":"<h4>Cilt bak\u0131m rutininizi profesyonel bir seviyeye ta\u015f\u0131yacak olan Derma Roller, 540 adet titanyum i\u011fnesi ile etkili ve g\u00fcvenli kullan\u0131m sunar. Her biri 1 mm uzunlu\u011funda olan bu mikro i\u011fneler, cilt y\u00fczeyinde mikro kanallar olu\u015fturarak cilt yenilenme s\u00fcrecini destekler. Titanyum malzeme sayesinde uzun \u00f6m\u00fcrl\u00fc, dayan\u0131kl\u0131 ve hijyenik bir kullan\u0131m sa\u011flar. \u00d6zellikle akne izleri, ince \u00e7izgiler, g\u00f6zenek g\u00f6r\u00fcn\u00fcm\u00fc ve cilt tonu e\u015fitsizlikleri gibi sorunlara kar\u015f\u0131 g\u00f6zle g\u00f6r\u00fcl\u00fcr sonu\u00e7lar elde etmenize yard\u0131mc\u0131 olur. Ergonomik yap\u0131s\u0131 ile kolay tutu\u015f imkan\u0131 sunan bu \u00fcr\u00fcn, evde profesyonel bak\u0131m deneyimi ya\u015famak isteyenler i\u00e7in ideal bir se\u00e7enektir. Paket i\u00e7eri\u011finde 1 adet titanyum i\u011fneli derma roller yer al\u0131r. Cilt bak\u0131m\u0131n\u0131za yeni bir boyut kazand\u0131rmak isteyenler i\u00e7in y\u00fcksek kaliteli ve g\u00fcvenilir bir \u00fcr\u00fcnd\u00fcr. <\/p>\n<p><b>1 adet fiyat\u0131d\u0131r<\/b> <\/p>\n<p><p><b>\u00dcretici Markas\u0131 : ZERO LAND<\/b><\/p>\n<p><b>\u00dcretici Kodu : UUCZZZZDERMAROLLERRRRRR1<\/b><\/p>\n<p><b>1 ADET F\u0130YATIDIR<\/b><\/p>\n<\/h4>\n<p><\/p>\n","protected":false},"excerpt":{"rendered":"<p>Dermaroller Titanyum 540 I\u011fneli 1 Mm Sa\u00e7 Ka\u015f Sakal Serum Kullan\u0131ma Uygun<\/p>\n","protected":false},"featured_media":180686,"comment_status":"open","ping_status":"closed","template":"","meta":[],"product_brand":[],"product_cat":[736,379],"product_tag":[1056,4153,4152,4891,2135,4262,2098,2321,8905,13145,4151,1397],"class_list":{"0":"post-180691","1":"product","2":"type-product","3":"status-publish","4":"has-post-thumbnail","6":"product_cat-dermaroller","7":"product_cat-ev-yasam","8":"product_tag-1056","9":"product_tag-4153","10":"product_tag-dermaroller","11":"product_tag-igneli","12":"product_tag-kas","13":"product_tag-kullanima","14":"product_tag-mm","15":"product_tag-sac","16":"product_tag-sakal","17":"product_tag-serum","18":"product_tag-titanyum","19":"product_tag-uygun","21":"first","22":"instock","23":"taxable","24":"shipping-taxable","25":"purchasable","26":"product-type-simple"},"_links":{"self":[{"href":"https:\/\/depodanmusteriye.com\/urunler\/wp-json\/wp\/v2\/product\/180691","targetHints":{"allow":["GET"]}}],"collection":[{"href":"https:\/\/depodanmusteriye.com\/urunler\/wp-json\/wp\/v2\/product"}],"about":[{"href":"https:\/\/depodanmusteriye.com\/urunler\/wp-json\/wp\/v2\/types\/product"}],"replies":[{"embeddable":true,"href":"https:\/\/depodanmusteriye.com\/urunler\/wp-json\/wp\/v2\/comments?post=180691"}],"version-history":[{"count":0,"href":"https:\/\/depodanmusteriye.com\/urunler\/wp-json\/wp\/v2\/product\/180691\/revisions"}],"wp:featuredmedia":[{"embeddable":true,"href":"https:\/\/depodanmusteriye.com\/urunler\/wp-json\/wp\/v2\/media\/180686"}],"wp:attachment":[{"href":"https:\/\/depodanmusteriye.com\/urunler\/wp-json\/wp\/v2\/media?parent=180691"}],"wp:term":[{"taxonomy":"product_brand","embeddable":true,"href":"https:\/\/depodanmusteriye.com\/urunler\/wp-json\/wp\/v2\/product_brand?post=180691"},{"taxonomy":"product_cat","embeddable":true,"href":"https:\/\/depodanmusteriye.com\/urunler\/wp-json\/wp\/v2\/product_cat?post=180691"},{"taxonomy":"product_tag","embeddable":true,"href":"https:\/\/depodanmusteriye.com\/urunler\/wp-json\/wp\/v2\/product_tag?post=180691"}],"curies":[{"name":"wp","href":"https:\/\/api.w.org\/{rel}","templated":true}]}}