{"id":180649,"date":"2025-12-14T22:48:35","date_gmt":"2025-12-14T22:48:35","guid":{"rendered":"https:\/\/b2b.depodanmusteriye.com\/urun\/yuz-kas-ve-tum-vucut-epilasyon-aleti-3-baslikli-hassas-ciltlere-uygun-epilator\/"},"modified":"2025-12-14T22:48:35","modified_gmt":"2025-12-14T22:48:35","slug":"yuz-kas-ve-tum-vucut-epilasyon-aleti-3-baslikli-hassas-ciltlere-uygun-epilator","status":"publish","type":"product","link":"https:\/\/depodanmusteriye.com\/urunler\/urun\/yuz-kas-ve-tum-vucut-epilasyon-aleti-3-baslikli-hassas-ciltlere-uygun-epilator\/","title":{"rendered":"Y\u00fcz Ka\u015f ve T\u00fcm V\u00fccut Epilasyon Aleti 3 Ba\u015fl\u0131kl\u0131 Hassas Ciltlere Uygun Epilat\u00f6r"},"content":{"rendered":"<h4>Hassas b\u00f6lgeler i\u00e7in \u00f6zel olarak tasarlanm\u0131\u015f bu epilat\u00f6r, cilt dostu materyalleri sayesinde tahri\u015fi \u00f6nler ve konforlu bir epilasyon deneyimi sunar. Ergonomik yap\u0131s\u0131 sayesinde elde rahat bir tutu\u015f sa\u011flar ve farkl\u0131 ba\u015fl\u0131klar\u0131yla ka\u015f, y\u00fcz ve v\u00fccut b\u00f6lgelerinde etkili kullan\u0131m imk\u00e2n\u0131 verir. Uzun \u00f6m\u00fcrl\u00fc ve hijyenik yap\u0131s\u0131, d\u00fczenli temizlikle ilk g\u00fcnk\u00fc performans\u0131n\u0131 korur. Sessiz \u00e7al\u0131\u015fma \u00f6zelli\u011fi ile rahats\u0131zl\u0131k vermez, kompakt tasar\u0131m\u0131 sayesinde \u00e7antada kolayl\u0131kla ta\u015f\u0131nabilir. Evde ya da seyahatlerde h\u0131zl\u0131 ve etkili sonu\u00e7lar i\u00e7in ideal bir bak\u0131m arac\u0131d\u0131r. <\/p>\n<p><b>1 adet fiyat\u0131d\u0131r<\/b> <\/p>\n<p><p><b>\u00dcretici Markas\u0131 : ZERO LAND<\/b><\/p>\n<p><b>\u00dcretici Kodu : UUCZZZKILT\u00dcYTEM\u0130ZLEY\u0130C\u0130\u0130\u0130\u0130\u0130\u01302<\/b><\/p>\n<p><b>1 ADET F\u0130YATIDIR<\/b><\/p>\n<\/h4>\n<p><\/p>\n","protected":false},"excerpt":{"rendered":"<p>Y\u00fcz Ka\u015f ve T\u00fcm V\u00fccut Epilasyon Aleti 3 Ba\u015fl\u0131kl\u0131 Hassas Ciltlere Uygun Epilat\u00f6r<\/p>\n","protected":false},"featured_media":180644,"comment_status":"open","ping_status":"closed","template":"","meta":[],"product_brand":[],"product_cat":[2204,379],"product_tag":[1350,3386,2435,14214,2158,13500,4254,2135,4251,1397,2104,3045,2081],"class_list":{"0":"post-180649","1":"product","2":"type-product","3":"status-publish","4":"has-post-thumbnail","6":"product_cat-epilator-ev-ya-am","7":"product_cat-ev-yasam","8":"product_tag-1350","9":"product_tag-aleti","10":"product_tag-baslikli","11":"product_tag-ciltlere","12":"product_tag-epilasyon","13":"product_tag-epilator","14":"product_tag-hassas","15":"product_tag-kas","16":"product_tag-tum","17":"product_tag-uygun","18":"product_tag-ve","19":"product_tag-vucut","20":"product_tag-yuz","22":"first","23":"instock","24":"taxable","25":"shipping-taxable","26":"purchasable","27":"product-type-simple"},"_links":{"self":[{"href":"https:\/\/depodanmusteriye.com\/urunler\/wp-json\/wp\/v2\/product\/180649","targetHints":{"allow":["GET"]}}],"collection":[{"href":"https:\/\/depodanmusteriye.com\/urunler\/wp-json\/wp\/v2\/product"}],"about":[{"href":"https:\/\/depodanmusteriye.com\/urunler\/wp-json\/wp\/v2\/types\/product"}],"replies":[{"embeddable":true,"href":"https:\/\/depodanmusteriye.com\/urunler\/wp-json\/wp\/v2\/comments?post=180649"}],"version-history":[{"count":0,"href":"https:\/\/depodanmusteriye.com\/urunler\/wp-json\/wp\/v2\/product\/180649\/revisions"}],"wp:featuredmedia":[{"embeddable":true,"href":"https:\/\/depodanmusteriye.com\/urunler\/wp-json\/wp\/v2\/media\/180644"}],"wp:attachment":[{"href":"https:\/\/depodanmusteriye.com\/urunler\/wp-json\/wp\/v2\/media?parent=180649"}],"wp:term":[{"taxonomy":"product_brand","embeddable":true,"href":"https:\/\/depodanmusteriye.com\/urunler\/wp-json\/wp\/v2\/product_brand?post=180649"},{"taxonomy":"product_cat","embeddable":true,"href":"https:\/\/depodanmusteriye.com\/urunler\/wp-json\/wp\/v2\/product_cat?post=180649"},{"taxonomy":"product_tag","embeddable":true,"href":"https:\/\/depodanmusteriye.com\/urunler\/wp-json\/wp\/v2\/product_tag?post=180649"}],"curies":[{"name":"wp","href":"https:\/\/api.w.org\/{rel}","templated":true}]}}