{"id":180445,"date":"2025-12-14T22:36:46","date_gmt":"2025-12-14T22:36:46","guid":{"rendered":"https:\/\/b2b.depodanmusteriye.com\/urun\/bluetooth-sarj-edilebilir-mini-q-klavye-kablosuz-tasinabilir\/"},"modified":"2025-12-14T22:36:46","modified_gmt":"2025-12-14T22:36:46","slug":"bluetooth-sarj-edilebilir-mini-q-klavye-kablosuz-tasinabilir","status":"publish","type":"product","link":"https:\/\/depodanmusteriye.com\/urunler\/urun\/bluetooth-sarj-edilebilir-mini-q-klavye-kablosuz-tasinabilir\/","title":{"rendered":"Bluetooth \u015earj Edilebilir Mini Q Klavye Kablosuz Ta\u015f\u0131nabilir"},"content":{"rendered":"<h4>T\u00fcrk\u00e7e Q klavye d\u00fczeni ile rahat ve h\u0131zl\u0131 yaz\u0131m deneyimi sunan bu Bluetooth klavye, \u00f6zellikle verimli \u00e7al\u0131\u015fma isteyenler i\u00e7in m\u00fckemmel bir tercihtir. Bluetooth ba\u011flant\u0131s\u0131 sayesinde kablosuz kullan\u0131m \u00f6zg\u00fcrl\u00fc\u011f\u00fc sa\u011flayarak, kablo karma\u015fas\u0131n\u0131 ortadan kald\u0131r\u0131r ve daha d\u00fczenli bir \u00e7al\u0131\u015fma alan\u0131 sunar.Multimedya tu\u015flar\u0131yla m\u00fczik ve video kontrol\u00fcn\u00fc kolayca yapabilirsiniz, b\u00f6ylece medya oynat\u0131c\u0131lar\u0131n\u0131za h\u0131zl\u0131 eri\u015fim sa\u011flar. Ayr\u0131ca, numerik tu\u015f tak\u0131m\u0131 ile say\u0131sal i\u015flemleri h\u0131zl\u0131 ve pratik bir \u015fekilde ger\u00e7ekle\u015ftirerek i\u015flerinizi h\u0131zland\u0131rabilirsiniz. \u015e\u0131k ve fonksiyonel tasar\u0131m\u0131 ile her ortamda kullan\u0131ma uygundur, hem ofiste hem de evde pratiklik sa\u011flar. <\/p>\n<p><b>1 adet fiyat\u0131d\u0131r<\/b> <\/p>\n<p><p><b>\u00dcretici Markas\u0131 : ZERO LAND<\/b><\/p>\n<p><b>\u00dcretici Kodu : UUCZZZJ330KLAVYEEEEE1<\/b><\/p>\n<p><b>1 ADET F\u0130YATIDIR<\/b><\/p>\n<\/h4>\n<p><\/p>\n","protected":false},"excerpt":{"rendered":"<p>Bluetooth \u015earj Edilebilir Mini Q Klavye Kablosuz Ta\u015f\u0131nabilir<\/p>\n","protected":false},"featured_media":180440,"comment_status":"open","ping_status":"closed","template":"","meta":[],"product_brand":[],"product_cat":[606,374],"product_tag":[3605,13341,1640,3532,2265,9373,2755,2982],"class_list":{"0":"post-180445","1":"product","2":"type-product","3":"status-publish","4":"has-post-thumbnail","6":"product_cat-klavye","7":"product_cat-mobil-aksesuar","8":"product_tag-bluetooth","9":"product_tag-edilebilir","10":"product_tag-kablosuz","11":"product_tag-klavye","12":"product_tag-mini","13":"product_tag-q","14":"product_tag-sarj","15":"product_tag-tasinabilir","17":"first","18":"instock","19":"taxable","20":"shipping-taxable","21":"purchasable","22":"product-type-simple"},"_links":{"self":[{"href":"https:\/\/depodanmusteriye.com\/urunler\/wp-json\/wp\/v2\/product\/180445","targetHints":{"allow":["GET"]}}],"collection":[{"href":"https:\/\/depodanmusteriye.com\/urunler\/wp-json\/wp\/v2\/product"}],"about":[{"href":"https:\/\/depodanmusteriye.com\/urunler\/wp-json\/wp\/v2\/types\/product"}],"replies":[{"embeddable":true,"href":"https:\/\/depodanmusteriye.com\/urunler\/wp-json\/wp\/v2\/comments?post=180445"}],"version-history":[{"count":0,"href":"https:\/\/depodanmusteriye.com\/urunler\/wp-json\/wp\/v2\/product\/180445\/revisions"}],"wp:featuredmedia":[{"embeddable":true,"href":"https:\/\/depodanmusteriye.com\/urunler\/wp-json\/wp\/v2\/media\/180440"}],"wp:attachment":[{"href":"https:\/\/depodanmusteriye.com\/urunler\/wp-json\/wp\/v2\/media?parent=180445"}],"wp:term":[{"taxonomy":"product_brand","embeddable":true,"href":"https:\/\/depodanmusteriye.com\/urunler\/wp-json\/wp\/v2\/product_brand?post=180445"},{"taxonomy":"product_cat","embeddable":true,"href":"https:\/\/depodanmusteriye.com\/urunler\/wp-json\/wp\/v2\/product_cat?post=180445"},{"taxonomy":"product_tag","embeddable":true,"href":"https:\/\/depodanmusteriye.com\/urunler\/wp-json\/wp\/v2\/product_tag?post=180445"}],"curies":[{"name":"wp","href":"https:\/\/api.w.org\/{rel}","templated":true}]}}