{"id":17967,"date":"2025-12-05T05:40:55","date_gmt":"2025-12-05T05:40:55","guid":{"rendered":"https:\/\/b2b.depodanmusteriye.com\/urun\/v-laga-or-glucosevitguvercin-vitamin-destek400g\/"},"modified":"2025-12-05T05:40:55","modified_gmt":"2025-12-05T05:40:55","slug":"v-laga-or-glucosevitguvercin-vitamin-destek400g","status":"publish","type":"product","link":"https:\/\/depodanmusteriye.com\/urunler\/urun\/v-laga-or-glucosevitguvercin-vitamin-destek400g\/","title":{"rendered":"V.laga Or.glucose+vit(g\u00fcvercin Vitamin Destek)400g"},"content":{"rendered":"<h4>\n<p><strong>Dekstroz + Vitaminler<\/strong><\/p>\n<p><strong>Oropharma Glucose + Vitamins<\/strong> vitaminlerle zenginle\u015ftirilmi\u015f bir dekstrozdur. Do\u011frudan kan dola\u015f\u0131m\u0131na kar\u0131\u015f\u0131r ve uzun u&ccedil;u\u015flar, hastal\u0131k sonras\u0131, yorgunluk durumlar\u0131nda g&uuml;vercinin &ccedil;abuk toparlanmas\u0131 i&ccedil;in kullan\u0131l\u0131r.<\/p>\n<p><strong>G&uuml;nl&uuml;k kullan\u0131m miktar\u0131: <\/strong>2 ila 5 &ccedil;orba ka\u015f\u0131\u011f\u0131 Glucose+Vitamins bir litre i&ccedil;me suyuna ya da Oropharma Colombine Tea i&ccedil;ine kat\u0131l\u0131r. Ku\u015fun geldi\u011fi g&uuml;n verilir. \u0130la&ccedil; kat\u0131la<strong>n<\/strong> sularda ilac\u0131n kokusunu bast\u0131rmak ve i&ccedil;ilmesini sa\u011flamak i&ccedil;in kullan\u0131l\u0131r. G&uuml;nl&uuml;k olarak tazelenmelidir.<\/p>\n<p><strong>Serin ve Kuru yerde Saklay\u0131n\u0131z<\/strong><\/p>\n<p><b>1 adet fiyat\u0131d\u0131r<\/b> <\/p>\n<p><p><b>\u00dcretici Markas\u0131 : VERSELE LAGA OROPHARMA<\/b><\/p>\n<p><b>\u00dcretici Kodu : 5410340600931<\/b><\/p>\n<p><b>1 ADET F\u0130YATIDIR<\/b><\/p>\n<\/h4>\n<p><\/p>\n","protected":false},"excerpt":{"rendered":"<p>V.laga Or.glucose+vit(g\u00fcvercin Vitamin Destek)400g<\/p>\n","protected":false},"featured_media":17966,"comment_status":"open","ping_status":"closed","template":"","meta":[],"product_brand":[],"product_cat":[537,370],"product_tag":[4747,4746,4741,4737],"class_list":{"0":"post-17967","1":"product","2":"type-product","3":"status-publish","4":"has-post-thumbnail","6":"product_cat-kus-sagligi-urunu","7":"product_cat-pet-shop","8":"product_tag-destek400g","9":"product_tag-or-glucosevitguvercin","10":"product_tag-v-laga","11":"product_tag-vitamin","13":"first","14":"instock","15":"taxable","16":"shipping-taxable","17":"purchasable","18":"product-type-simple"},"_links":{"self":[{"href":"https:\/\/depodanmusteriye.com\/urunler\/wp-json\/wp\/v2\/product\/17967","targetHints":{"allow":["GET"]}}],"collection":[{"href":"https:\/\/depodanmusteriye.com\/urunler\/wp-json\/wp\/v2\/product"}],"about":[{"href":"https:\/\/depodanmusteriye.com\/urunler\/wp-json\/wp\/v2\/types\/product"}],"replies":[{"embeddable":true,"href":"https:\/\/depodanmusteriye.com\/urunler\/wp-json\/wp\/v2\/comments?post=17967"}],"version-history":[{"count":0,"href":"https:\/\/depodanmusteriye.com\/urunler\/wp-json\/wp\/v2\/product\/17967\/revisions"}],"wp:featuredmedia":[{"embeddable":true,"href":"https:\/\/depodanmusteriye.com\/urunler\/wp-json\/wp\/v2\/media\/17966"}],"wp:attachment":[{"href":"https:\/\/depodanmusteriye.com\/urunler\/wp-json\/wp\/v2\/media?parent=17967"}],"wp:term":[{"taxonomy":"product_brand","embeddable":true,"href":"https:\/\/depodanmusteriye.com\/urunler\/wp-json\/wp\/v2\/product_brand?post=17967"},{"taxonomy":"product_cat","embeddable":true,"href":"https:\/\/depodanmusteriye.com\/urunler\/wp-json\/wp\/v2\/product_cat?post=17967"},{"taxonomy":"product_tag","embeddable":true,"href":"https:\/\/depodanmusteriye.com\/urunler\/wp-json\/wp\/v2\/product_tag?post=17967"}],"curies":[{"name":"wp","href":"https:\/\/api.w.org\/{rel}","templated":true}]}}