{"id":17965,"date":"2025-12-05T05:40:52","date_gmt":"2025-12-05T05:40:52","guid":{"rendered":"https:\/\/b2b.depodanmusteriye.com\/urun\/pets-family-tavsan-yemi-800g\/"},"modified":"2025-12-05T05:40:52","modified_gmt":"2025-12-05T05:40:52","slug":"pets-family-tavsan-yemi-800g","status":"publish","type":"product","link":"https:\/\/depodanmusteriye.com\/urunler\/urun\/pets-family-tavsan-yemi-800g\/","title":{"rendered":"Pets Fam\u0131ly Tav\u015fan Yemi 800g"},"content":{"rendered":"<h4>\n<div class=\"tab-content\" id=\"tab-description\">\n<p>Tav\u015fanlar\u0131n aktife ve sa\u011fl\u0131kl\u0131 bir hayat s\u00fcrmeleri i\u00e7in gerekli t\u00fcm besinleri i\u00e7inde bulunduran, lif a\u00e7\u0131s\u0131ndan zengin ve lezzetli bir yemdir.<\/p>\n<p><strong>Kullan\u0131m\u0131: <\/strong>G\u00fcnde 1-2 defa tav\u015fan\u0131n b\u00fcy\u00fckl\u00fc\u011f\u00fcne ve say\u0131s\u0131na g\u00f6re tespit edilecek miktarda yemi kafes yemli\u011fine koyunuz. Yan\u0131nda her zaman taze su bulundurulmas\u0131 tavsiye edilir.<\/p>\n<\/div>\n<p><b>20 adet fiyat\u0131d\u0131r<\/b> <\/p>\n<p><p><b>\u00dcretici Markas\u0131 : PETS FAMILY<\/b><\/p>\n<p><b>\u00dcretici Kodu : 8681085421977<\/b><\/p>\n<p><b>20 ADET F\u0130YATIDIR<\/b><\/p>\n<\/h4>\n<p><\/p>\n","protected":false},"excerpt":{"rendered":"<p>Pets Fam\u0131ly Tav\u015fan Yemi 800g<\/p>\n","protected":false},"featured_media":17964,"comment_status":"open","ping_status":"closed","template":"","meta":[],"product_brand":[],"product_cat":[370,540],"product_tag":[4453,1709,1708,2965,2855],"class_list":{"0":"post-17965","1":"product","2":"type-product","3":"status-publish","4":"has-post-thumbnail","6":"product_cat-pet-shop","7":"product_cat-tavsan-yemi-and-urunu","8":"product_tag-800g","9":"product_tag-family","10":"product_tag-pets","11":"product_tag-tavsan","12":"product_tag-yemi","14":"first","15":"instock","16":"taxable","17":"shipping-taxable","18":"purchasable","19":"product-type-simple"},"_links":{"self":[{"href":"https:\/\/depodanmusteriye.com\/urunler\/wp-json\/wp\/v2\/product\/17965","targetHints":{"allow":["GET"]}}],"collection":[{"href":"https:\/\/depodanmusteriye.com\/urunler\/wp-json\/wp\/v2\/product"}],"about":[{"href":"https:\/\/depodanmusteriye.com\/urunler\/wp-json\/wp\/v2\/types\/product"}],"replies":[{"embeddable":true,"href":"https:\/\/depodanmusteriye.com\/urunler\/wp-json\/wp\/v2\/comments?post=17965"}],"version-history":[{"count":0,"href":"https:\/\/depodanmusteriye.com\/urunler\/wp-json\/wp\/v2\/product\/17965\/revisions"}],"wp:featuredmedia":[{"embeddable":true,"href":"https:\/\/depodanmusteriye.com\/urunler\/wp-json\/wp\/v2\/media\/17964"}],"wp:attachment":[{"href":"https:\/\/depodanmusteriye.com\/urunler\/wp-json\/wp\/v2\/media?parent=17965"}],"wp:term":[{"taxonomy":"product_brand","embeddable":true,"href":"https:\/\/depodanmusteriye.com\/urunler\/wp-json\/wp\/v2\/product_brand?post=17965"},{"taxonomy":"product_cat","embeddable":true,"href":"https:\/\/depodanmusteriye.com\/urunler\/wp-json\/wp\/v2\/product_cat?post=17965"},{"taxonomy":"product_tag","embeddable":true,"href":"https:\/\/depodanmusteriye.com\/urunler\/wp-json\/wp\/v2\/product_tag?post=17965"}],"curies":[{"name":"wp","href":"https:\/\/api.w.org\/{rel}","templated":true}]}}