{"id":17899,"date":"2025-12-05T05:38:29","date_gmt":"2025-12-05T05:38:29","guid":{"rendered":"https:\/\/b2b.depodanmusteriye.com\/urun\/karlie-reflektorlu-kopek-can-yelegi-s\/"},"modified":"2025-12-05T05:38:29","modified_gmt":"2025-12-05T05:38:29","slug":"karlie-reflektorlu-kopek-can-yelegi-s","status":"publish","type":"product","link":"https:\/\/depodanmusteriye.com\/urunler\/urun\/karlie-reflektorlu-kopek-can-yelegi-s\/","title":{"rendered":"Karlie Reflekt\u00f6rl\u00fc K\u00f6pek Can Yele\u011fi S"},"content":{"rendered":"<h4>\n<p>\u00dcr\u00fcn no .: 503058 | EAN: 4016598032763<br \/>\nY\u00fczme can yele\u011fi L: 30 cm S<\/p>\n<p>Bu y\u00fczme yele\u011fi, y\u00fczerken k\u00f6pe\u011finizi y\u00fczmeye devam edecektir. Yelek, k\u00f6pe\u011finizi sudan kald\u0131racak bir tutama\u011fa sahiptir.<\/p>\n<p><b>1 adet fiyat\u0131d\u0131r<\/b> <\/p>\n<p><p><b>\u00dcretici Markas\u0131 : KARLIE<\/b><\/p>\n<p><b>\u00dcretici Kodu : 4016598032763<\/b><\/p>\n<p><b>1 ADET F\u0130YATIDIR<\/b><\/p>\n<\/h4>\n<p><\/p>\n","protected":false},"excerpt":{"rendered":"<p>Karlie Reflekt\u00f6rl\u00fc K\u00f6pek Can Yele\u011fi S<\/p>\n","protected":false},"featured_media":17898,"comment_status":"open","ping_status":"closed","template":"","meta":[],"product_brand":[],"product_cat":[546,370],"product_tag":[4723,1545,1491,4722,1583,3127],"class_list":{"0":"post-17899","1":"product","2":"type-product","3":"status-publish","4":"has-post-thumbnail","6":"product_cat-kopek-kiyafeti","7":"product_cat-pet-shop","8":"product_tag-can","9":"product_tag-karlie","10":"product_tag-kopek","11":"product_tag-reflektorlu","12":"product_tag-s","13":"product_tag-yelegi","15":"first","16":"instock","17":"taxable","18":"shipping-taxable","19":"purchasable","20":"product-type-simple"},"_links":{"self":[{"href":"https:\/\/depodanmusteriye.com\/urunler\/wp-json\/wp\/v2\/product\/17899","targetHints":{"allow":["GET"]}}],"collection":[{"href":"https:\/\/depodanmusteriye.com\/urunler\/wp-json\/wp\/v2\/product"}],"about":[{"href":"https:\/\/depodanmusteriye.com\/urunler\/wp-json\/wp\/v2\/types\/product"}],"replies":[{"embeddable":true,"href":"https:\/\/depodanmusteriye.com\/urunler\/wp-json\/wp\/v2\/comments?post=17899"}],"version-history":[{"count":0,"href":"https:\/\/depodanmusteriye.com\/urunler\/wp-json\/wp\/v2\/product\/17899\/revisions"}],"wp:featuredmedia":[{"embeddable":true,"href":"https:\/\/depodanmusteriye.com\/urunler\/wp-json\/wp\/v2\/media\/17898"}],"wp:attachment":[{"href":"https:\/\/depodanmusteriye.com\/urunler\/wp-json\/wp\/v2\/media?parent=17899"}],"wp:term":[{"taxonomy":"product_brand","embeddable":true,"href":"https:\/\/depodanmusteriye.com\/urunler\/wp-json\/wp\/v2\/product_brand?post=17899"},{"taxonomy":"product_cat","embeddable":true,"href":"https:\/\/depodanmusteriye.com\/urunler\/wp-json\/wp\/v2\/product_cat?post=17899"},{"taxonomy":"product_tag","embeddable":true,"href":"https:\/\/depodanmusteriye.com\/urunler\/wp-json\/wp\/v2\/product_tag?post=17899"}],"curies":[{"name":"wp","href":"https:\/\/api.w.org\/{rel}","templated":true}]}}