{"id":178712,"date":"2025-12-14T21:14:49","date_gmt":"2025-12-14T21:14:49","guid":{"rendered":"https:\/\/b2b.depodanmusteriye.com\/urun\/yuksek-performansli-mobil-oyun-aksesuari-5-parcali-klavye-mouse-donusturucu-set\/"},"modified":"2025-12-14T21:14:49","modified_gmt":"2025-12-14T21:14:49","slug":"yuksek-performansli-mobil-oyun-aksesuari-5-parcali-klavye-mouse-donusturucu-set","status":"publish","type":"product","link":"https:\/\/depodanmusteriye.com\/urunler\/urun\/yuksek-performansli-mobil-oyun-aksesuari-5-parcali-klavye-mouse-donusturucu-set\/","title":{"rendered":"Y\u00fcksek Performansl\u0131 Mobil Oyun Aksesuar\u0131 \u2013 5 Par\u00e7al\u0131 Klavye Mouse D\u00f6n\u00fc\u015ft\u00fcr\u00fcc\u00fc Set"},"content":{"rendered":"<h4>Mobil oyunlarda masa\u00fcst\u00fc performans\u0131 arayan oyuncular i\u00e7in geli\u015ftirilmi\u015f 5&#8217;i 1 arada oyun seti, klavye, mouse ve d\u00f6n\u00fc\u015ft\u00fcr\u00fcc\u00fcden olu\u015fur. Bu \u00f6zel set, mobil cihazlarda \u00e7ok daha rahat ve h\u0131zl\u0131 hareket kabiliyeti sunarak oyun i\u00e7i avantaj sa\u011flar. \u00d6zellikle battle royale ve FPS t\u00fcr\u00fc oyunlarda \u00fcst d\u00fczey performans elde etmenizi sa\u011flar.<br \/>\nY\u00fcksek kaliteli malzemelerle donat\u0131lm\u0131\u015f olan bu set, dayan\u0131kl\u0131 ve uzun \u00f6m\u00fcrl\u00fc bir kullan\u0131m sa\u011flar. Ergonomik tasar\u0131m\u0131, oyun s\u0131ras\u0131nda bilek ve el konforunu \u00f6n planda tutar. Tu\u015f yap\u0131s\u0131 yumu\u015fak ve tepkisel; mouse ise y\u00fcksek DPI deste\u011fiyle hassasiyet sunar.<br \/>\nBluetooth 5.3 ba\u011flant\u0131 teknolojisi sayesinde d\u00fc\u015f\u00fck gecikme ile \u00e7al\u0131\u015fan cihaz, kesintisiz ve gecikmesiz oyun keyfi ya\u015faman\u0131z\u0131 sa\u011flar. Android cihazlarla tam uyumluluk g\u00f6steren d\u00f6n\u00fc\u015ft\u00fcr\u00fcc\u00fc sayesinde cihazlar aras\u0131 ge\u00e7i\u015f yapmak \u00e7ok kolayd\u0131r.<br \/>\nKurulumu basit, performans\u0131 \u00fcst d\u00fczey olan bu set ile mobil oyun deneyiminizi profesyonel seviyeye \u00e7\u0131karabilirsiniz. <\/p>\n<p><b>1 adet fiyat\u0131d\u0131r<\/b> <\/p>\n<p><p><b>\u00dcretici Markas\u0131 : ZERO LAND<\/b><\/p>\n<p><b>\u00dcretici Kodu : UCZZZPUBGSET4<\/b><\/p>\n<p><b>1 ADET F\u0130YATIDIR<\/b><\/p>\n<\/h4>\n<p><\/p>\n","protected":false},"excerpt":{"rendered":"<p>Y\u00fcksek Performansl\u0131 Mobil Oyun Aksesuar\u0131 \u2013 5 Par\u00e7al\u0131 Klavye Mouse D\u00f6n\u00fc\u015ft\u00fcr\u00fcc\u00fc Set<\/p>\n","protected":false},"featured_media":178707,"comment_status":"open","ping_status":"closed","template":"","meta":[],"product_brand":[],"product_cat":[379,965],"product_tag":[1606,4006,1816,3532,4070,4071,3997,6543,13041,2683,2630],"class_list":{"0":"post-178712","1":"product","2":"type-product","3":"status-publish","4":"has-post-thumbnail","6":"product_cat-ev-yasam","7":"product_cat-oyuncu-klavye-mouse-set","8":"product_tag-1606","9":"product_tag-aksesuari","10":"product_tag-donusturucu","11":"product_tag-klavye","12":"product_tag-mobil","13":"product_tag-mouse","14":"product_tag-oyun","15":"product_tag-parcali","16":"product_tag-performansli","17":"product_tag-set","18":"product_tag-yuksek","20":"first","21":"instock","22":"taxable","23":"shipping-taxable","24":"purchasable","25":"product-type-simple"},"_links":{"self":[{"href":"https:\/\/depodanmusteriye.com\/urunler\/wp-json\/wp\/v2\/product\/178712","targetHints":{"allow":["GET"]}}],"collection":[{"href":"https:\/\/depodanmusteriye.com\/urunler\/wp-json\/wp\/v2\/product"}],"about":[{"href":"https:\/\/depodanmusteriye.com\/urunler\/wp-json\/wp\/v2\/types\/product"}],"replies":[{"embeddable":true,"href":"https:\/\/depodanmusteriye.com\/urunler\/wp-json\/wp\/v2\/comments?post=178712"}],"version-history":[{"count":0,"href":"https:\/\/depodanmusteriye.com\/urunler\/wp-json\/wp\/v2\/product\/178712\/revisions"}],"wp:featuredmedia":[{"embeddable":true,"href":"https:\/\/depodanmusteriye.com\/urunler\/wp-json\/wp\/v2\/media\/178707"}],"wp:attachment":[{"href":"https:\/\/depodanmusteriye.com\/urunler\/wp-json\/wp\/v2\/media?parent=178712"}],"wp:term":[{"taxonomy":"product_brand","embeddable":true,"href":"https:\/\/depodanmusteriye.com\/urunler\/wp-json\/wp\/v2\/product_brand?post=178712"},{"taxonomy":"product_cat","embeddable":true,"href":"https:\/\/depodanmusteriye.com\/urunler\/wp-json\/wp\/v2\/product_cat?post=178712"},{"taxonomy":"product_tag","embeddable":true,"href":"https:\/\/depodanmusteriye.com\/urunler\/wp-json\/wp\/v2\/product_tag?post=178712"}],"curies":[{"name":"wp","href":"https:\/\/api.w.org\/{rel}","templated":true}]}}