{"id":178568,"date":"2025-12-14T21:09:21","date_gmt":"2025-12-14T21:09:21","guid":{"rendered":"https:\/\/b2b.depodanmusteriye.com\/urun\/2-4-ekranli-mini-kamera-1080p-kayit-murekkepsiz-yazdirma\/"},"modified":"2025-12-14T21:09:21","modified_gmt":"2025-12-14T21:09:21","slug":"2-4-ekranli-mini-kamera-1080p-kayit-murekkepsiz-yazdirma","status":"publish","type":"product","link":"https:\/\/depodanmusteriye.com\/urunler\/urun\/2-4-ekranli-mini-kamera-1080p-kayit-murekkepsiz-yazdirma\/","title":{"rendered":"2.4\u201d Ekranl\u0131 Mini Kamera \u2013 1080p Kay\u0131t + M\u00fcrekkepsiz Yazd\u0131rma"},"content":{"rendered":"<h4>G\u00fcnl\u00fck hayat\u0131n i\u00e7indeki en \u00f6zel anlar\u0131 yakalamak art\u0131k \u00e7ok daha kolay ve e\u011flenceli. Bu dijital termal yaz\u0131c\u0131l\u0131 mini kamera sayesinde, sadece foto\u011fraf \u00e7ekmekle kalmaz, ayn\u0131 zamanda o kareyi saniyeler i\u00e7inde siyah-beyaz olarak yazd\u0131rabilirsin. M\u00fcrekkep gerektirmeyen 2000dpi \u00e7\u00f6z\u00fcn\u00fcrl\u00fckl\u00fc termal yaz\u0131c\u0131 teknolojisi sayesinde, zahmetsizce ve ekonomik bir \u015fekilde an\u0131lar\u0131n k\u00e2\u011f\u0131da d\u00f6k\u00fcl\u00fcr.<br \/>\n2.4 in\u00e7 renkli ekran\u0131, \u00e7ekim yaparken kadrajlamay\u0131 kolayla\u015ft\u0131r\u0131r, anl\u0131k olarak g\u00f6r\u00fcnt\u00fcleri g\u00f6rmeni sa\u011flar. \u0130ster selfie \u00e7ek, ister manzara\u2026 ekran \u00fczerinden netlik ve kompozisyonu an\u0131nda kontrol et. Ayn\u0131 zamanda \u00e7ocuklar\u0131n da kullanabilece\u011fi kadar basit ve g\u00fcvenli bir aray\u00fcze sahip.<br \/>\n1080p HD video kay\u0131t \u00f6zelli\u011fi ile hareketli anlar\u0131 net \u015fekilde yakalayabilir, k\u00fc\u00e7\u00fck vloglar ya da tatil videolar\u0131 olu\u015fturabilirsin. Bu y\u00f6n\u00fcyle kamera hem e\u011flenceli bir oyuncak, hem de pratik bir dijital ara\u00e7 olarak \u00f6ne \u00e7\u0131kar. <\/p>\n<p><b>1 adet fiyat\u0131d\u0131r<\/b> <\/p>\n<p><p><b>\u00dcretici Markas\u0131 : ZERO LAND<\/b><\/p>\n<p><b>\u00dcretici Kodu : UCZZZPR\u0130NTERKAMERA1<\/b><\/p>\n<p><b>1 ADET F\u0130YATIDIR<\/b><\/p>\n<\/h4>\n<p><\/p>\n","protected":false},"excerpt":{"rendered":"<p>2.4\u201d Ekranl\u0131 Mini Kamera \u2013 1080p Kay\u0131t + M\u00fcrekkepsiz Yazd\u0131rma<\/p>\n","protected":false},"featured_media":178563,"comment_status":"open","ping_status":"closed","template":"","meta":[],"product_brand":[],"product_cat":[379,455],"product_tag":[4045,4085,2017,4046,2265,14070,14071],"class_list":{"0":"post-178568","1":"product","2":"type-product","3":"status-publish","4":"has-post-thumbnail","6":"product_cat-ev-yasam","7":"product_cat-video-kamera","8":"product_tag-1080p","9":"product_tag-ekranli","10":"product_tag-kamera","11":"product_tag-kayit","12":"product_tag-mini","13":"product_tag-murekkepsiz","14":"product_tag-yazdirma","16":"first","17":"instock","18":"taxable","19":"shipping-taxable","20":"purchasable","21":"product-type-simple"},"_links":{"self":[{"href":"https:\/\/depodanmusteriye.com\/urunler\/wp-json\/wp\/v2\/product\/178568","targetHints":{"allow":["GET"]}}],"collection":[{"href":"https:\/\/depodanmusteriye.com\/urunler\/wp-json\/wp\/v2\/product"}],"about":[{"href":"https:\/\/depodanmusteriye.com\/urunler\/wp-json\/wp\/v2\/types\/product"}],"replies":[{"embeddable":true,"href":"https:\/\/depodanmusteriye.com\/urunler\/wp-json\/wp\/v2\/comments?post=178568"}],"version-history":[{"count":0,"href":"https:\/\/depodanmusteriye.com\/urunler\/wp-json\/wp\/v2\/product\/178568\/revisions"}],"wp:featuredmedia":[{"embeddable":true,"href":"https:\/\/depodanmusteriye.com\/urunler\/wp-json\/wp\/v2\/media\/178563"}],"wp:attachment":[{"href":"https:\/\/depodanmusteriye.com\/urunler\/wp-json\/wp\/v2\/media?parent=178568"}],"wp:term":[{"taxonomy":"product_brand","embeddable":true,"href":"https:\/\/depodanmusteriye.com\/urunler\/wp-json\/wp\/v2\/product_brand?post=178568"},{"taxonomy":"product_cat","embeddable":true,"href":"https:\/\/depodanmusteriye.com\/urunler\/wp-json\/wp\/v2\/product_cat?post=178568"},{"taxonomy":"product_tag","embeddable":true,"href":"https:\/\/depodanmusteriye.com\/urunler\/wp-json\/wp\/v2\/product_tag?post=178568"}],"curies":[{"name":"wp","href":"https:\/\/api.w.org\/{rel}","templated":true}]}}