{"id":177911,"date":"2025-12-14T20:44:51","date_gmt":"2025-12-14T20:44:51","guid":{"rendered":"https:\/\/b2b.depodanmusteriye.com\/urun\/gw-tasinabilir-sac-masasi-360-doner-kablo-negatif-iyonlu-seramik-teknoloji\/"},"modified":"2025-12-14T20:44:51","modified_gmt":"2025-12-14T20:44:51","slug":"gw-tasinabilir-sac-masasi-360-doner-kablo-negatif-iyonlu-seramik-teknoloji","status":"publish","type":"product","link":"https:\/\/depodanmusteriye.com\/urunler\/urun\/gw-tasinabilir-sac-masasi-360-doner-kablo-negatif-iyonlu-seramik-teknoloji\/","title":{"rendered":"GW Ta\u015f\u0131nabilir Sa\u00e7 Ma\u015fas\u0131 \u2013 360\u00b0 D\u00f6ner Kablo, Negatif \u0130yonlu Seramik Teknoloji"},"content":{"rendered":"<h4>GW Ta\u015f\u0131nabilir Sa\u00e7 K\u0131v\u0131rma Makinesi ile salon kalitesinde sa\u00e7lara ula\u015fmak art\u0131k sadece dakikalar s\u00fcr\u00fcyor! Hafif ve kompakt tasar\u0131m\u0131yla \u00e7antan\u0131za kolayca s\u0131\u011far, b\u00f6ylece evde, i\u015f yerinde ya da seyahatte kusursuz sa\u00e7lara kavu\u015fabilirsiniz. 32 mm\u2019lik d\u00f6nen ba\u015fl\u0131\u011f\u0131, daha geni\u015f ve do\u011fal dalgalar olu\u015fturman\u0131z\u0131 sa\u011flar. \u00d6zellikle kal\u0131n veya uzun sa\u00e7l\u0131 kullan\u0131c\u0131lar i\u00e7in ideal bir se\u00e7imdir.<br \/>\n360\u00b0 d\u00f6ner g\u00fc\u00e7 kablosu, kullan\u0131m s\u0131ras\u0131nda kablonun dola\u015fmas\u0131n\u0131 engeller, rahat hareket \u00f6zg\u00fcrl\u00fc\u011f\u00fc sunar. Sa\u00e7\u0131n\u0131za zarar vermeden \u015fekil verebilmeniz i\u00e7in tasarlanan tourmaline seramik plakalar, \u0131s\u0131y\u0131 e\u015fit \u015fekilde da\u011f\u0131t\u0131r, sa\u00e7 telinde minimum hasar b\u0131rak\u0131r. Ayn\u0131 zamanda negatif iyon teknolojisi, sa\u00e7\u0131n elektriklenmesini \u00f6nlerken parlakl\u0131k kazand\u0131r\u0131r.<br \/>\n140\u00b0C &#8211; 210\u00b0C aras\u0131nda ayarlanabilir s\u0131cakl\u0131k seviyesi, her sa\u00e7 tipine uygun \u00f6zelle\u015ftirilmi\u015f \u0131s\u0131 kontrol\u00fc sunar. \u0130nce telli, kal\u0131n telli, d\u00fcz ya da k\u0131v\u0131rc\u0131k sa\u00e7lar i\u00e7in g\u00fcvenle kullan\u0131labilir. H\u0131zl\u0131 \u0131s\u0131nma \u00f6zelli\u011fi sayesinde birka\u00e7 saniye i\u00e7inde kullan\u0131ma haz\u0131r hale gelir. Kolay kullan\u0131m, g\u00fcvenli yap\u0131 ve m\u00fckemmel sonu\u00e7lar bir arada! <\/p>\n<p><b>1 adet fiyat\u0131d\u0131r<\/b> <\/p>\n<p><p><b>\u00dcretici Markas\u0131 : ZERO LAND<\/b><\/p>\n<p><b>\u00dcretici Kodu : UCZZZGW7664<\/b><\/p>\n<p><b>1 ADET F\u0130YATIDIR<\/b><\/p>\n<\/h4>\n<p><\/p>\n","protected":false},"excerpt":{"rendered":"<p>GW Ta\u015f\u0131nabilir Sa\u00e7 Ma\u015fas\u0131 \u2013 360\u00b0 D\u00f6ner Kablo, Negatif \u0130yonlu Seramik Teknoloji<\/p>\n","protected":false},"featured_media":177906,"comment_status":"open","ping_status":"closed","template":"","meta":[],"product_brand":[],"product_cat":[379,473],"product_tag":[2183,4031,14013,2512,4332,11774,2321,1758,2982,13756],"class_list":{"0":"post-177911","1":"product","2":"type-product","3":"status-publish","4":"has-post-thumbnail","6":"product_cat-ev-yasam","7":"product_cat-sac-masasi","8":"product_tag-doner","9":"product_tag-gw","10":"product_tag-iyonlu","11":"product_tag-kablo","12":"product_tag-masasi","13":"product_tag-negatif","14":"product_tag-sac","15":"product_tag-seramik","16":"product_tag-tasinabilir","17":"product_tag-teknoloji","19":"first","20":"instock","21":"taxable","22":"shipping-taxable","23":"purchasable","24":"product-type-simple"},"_links":{"self":[{"href":"https:\/\/depodanmusteriye.com\/urunler\/wp-json\/wp\/v2\/product\/177911","targetHints":{"allow":["GET"]}}],"collection":[{"href":"https:\/\/depodanmusteriye.com\/urunler\/wp-json\/wp\/v2\/product"}],"about":[{"href":"https:\/\/depodanmusteriye.com\/urunler\/wp-json\/wp\/v2\/types\/product"}],"replies":[{"embeddable":true,"href":"https:\/\/depodanmusteriye.com\/urunler\/wp-json\/wp\/v2\/comments?post=177911"}],"version-history":[{"count":0,"href":"https:\/\/depodanmusteriye.com\/urunler\/wp-json\/wp\/v2\/product\/177911\/revisions"}],"wp:featuredmedia":[{"embeddable":true,"href":"https:\/\/depodanmusteriye.com\/urunler\/wp-json\/wp\/v2\/media\/177906"}],"wp:attachment":[{"href":"https:\/\/depodanmusteriye.com\/urunler\/wp-json\/wp\/v2\/media?parent=177911"}],"wp:term":[{"taxonomy":"product_brand","embeddable":true,"href":"https:\/\/depodanmusteriye.com\/urunler\/wp-json\/wp\/v2\/product_brand?post=177911"},{"taxonomy":"product_cat","embeddable":true,"href":"https:\/\/depodanmusteriye.com\/urunler\/wp-json\/wp\/v2\/product_cat?post=177911"},{"taxonomy":"product_tag","embeddable":true,"href":"https:\/\/depodanmusteriye.com\/urunler\/wp-json\/wp\/v2\/product_tag?post=177911"}],"curies":[{"name":"wp","href":"https:\/\/api.w.org\/{rel}","templated":true}]}}