{"id":177899,"date":"2025-12-14T20:44:27","date_gmt":"2025-12-14T20:44:27","guid":{"rendered":"https:\/\/b2b.depodanmusteriye.com\/urun\/negatif-iyon-teknolojili-sac-masasi-kabarmayan-elektriklenmeyen-bukleler\/"},"modified":"2025-12-14T20:44:27","modified_gmt":"2025-12-14T20:44:27","slug":"negatif-iyon-teknolojili-sac-masasi-kabarmayan-elektriklenmeyen-bukleler","status":"publish","type":"product","link":"https:\/\/depodanmusteriye.com\/urunler\/urun\/negatif-iyon-teknolojili-sac-masasi-kabarmayan-elektriklenmeyen-bukleler\/","title":{"rendered":"Negatif \u0130yon Teknolojili Sa\u00e7 Ma\u015fas\u0131 \u2013 Kabarmayan, Elektriklenmeyen Bukleler!"},"content":{"rendered":"<h4>\u0130ster \u00f6zel bir davete haz\u0131rlan\u0131n ister ofise ge\u00e7meden sa\u00e7\u0131n\u0131za h\u0131zl\u0131 bir dokunu\u015f yap\u0131n\u2026 GW Ta\u015f\u0131nabilir K\u0131v\u0131rma Makinesi, zamanla yar\u0131\u015fan kad\u0131nlar i\u00e7in en pratik \u00e7\u00f6z\u00fcmlerden biri. Cihaz\u0131n h\u0131zl\u0131 \u0131s\u0131nma sistemi, birka\u00e7 saniye i\u00e7inde 140-210\u00b0C aras\u0131 s\u0131cakl\u0131\u011fa ula\u015farak dakikalar i\u00e7inde \u015fekillendirme i\u015flemini tamamlaman\u0131z\u0131 sa\u011flar.<br \/>\n32mm\u2019lik d\u00f6ner ba\u015fl\u0131k sayesinde geni\u015f ve do\u011fal g\u00f6r\u00fcn\u00fcml\u00fc bukleler elde edersiniz. Bu \u00e7ap sayesinde sa\u00e7lar\u0131n\u0131z daha hacimli ve sa\u011fl\u0131kl\u0131 g\u00f6r\u00fcn\u00fcr. \u00dcstelik seramik plakalar\u0131n \u00f6zel form\u00fcl\u00fc sayesinde sa\u00e7 tellerine e\u015fit \u0131s\u0131 yay\u0131l\u0131r, k\u0131r\u0131k ve kuruma olu\u015fmaz.<br \/>\nNegatif iyon sal\u0131n\u0131m\u0131, sa\u00e7taki nemin korunmas\u0131na yard\u0131mc\u0131 olur ve sa\u00e7\u0131n elektriklenmesini \u00f6nler. \u015e\u0131k tasar\u0131m\u0131, ergonomik g\u00f6vdesi ve kablosunun d\u00f6nme \u00f6zelli\u011fi ile ister evde ister seyahatte tam profesyonel sonu\u00e7lar elde edin. Art\u0131k \u015f\u0131k sa\u00e7lar i\u00e7in kuaf\u00f6re gitmenize gerek yok!<br \/>\n&nbsp; <\/p>\n<p><b>1 adet fiyat\u0131d\u0131r<\/b> <\/p>\n<p><p><b>\u00dcretici Markas\u0131 : ZERO LAND<\/b><\/p>\n<p><b>\u00dcretici Kodu : UCZZZGW76642<\/b><\/p>\n<p><b>1 ADET F\u0130YATIDIR<\/b><\/p>\n<\/h4>\n<p><\/p>\n","protected":false},"excerpt":{"rendered":"<p>Negatif \u0130yon Teknolojili Sa\u00e7 Ma\u015fas\u0131 \u2013 Kabarmayan, Elektriklenmeyen Bukleler!<\/p>\n","protected":false},"featured_media":177894,"comment_status":"open","ping_status":"closed","template":"","meta":[],"product_brand":[],"product_cat":[379,473],"product_tag":[14012,13134,14011,4332,11774,2321,13059],"class_list":{"0":"post-177899","1":"product","2":"type-product","3":"status-publish","4":"has-post-thumbnail","6":"product_cat-ev-yasam","7":"product_cat-sac-masasi","8":"product_tag-elektriklenmeyen","9":"product_tag-iyon","10":"product_tag-kabarmayan","11":"product_tag-masasi","12":"product_tag-negatif","13":"product_tag-sac","14":"product_tag-teknolojili","16":"first","17":"instock","18":"taxable","19":"shipping-taxable","20":"purchasable","21":"product-type-simple"},"_links":{"self":[{"href":"https:\/\/depodanmusteriye.com\/urunler\/wp-json\/wp\/v2\/product\/177899","targetHints":{"allow":["GET"]}}],"collection":[{"href":"https:\/\/depodanmusteriye.com\/urunler\/wp-json\/wp\/v2\/product"}],"about":[{"href":"https:\/\/depodanmusteriye.com\/urunler\/wp-json\/wp\/v2\/types\/product"}],"replies":[{"embeddable":true,"href":"https:\/\/depodanmusteriye.com\/urunler\/wp-json\/wp\/v2\/comments?post=177899"}],"version-history":[{"count":0,"href":"https:\/\/depodanmusteriye.com\/urunler\/wp-json\/wp\/v2\/product\/177899\/revisions"}],"wp:featuredmedia":[{"embeddable":true,"href":"https:\/\/depodanmusteriye.com\/urunler\/wp-json\/wp\/v2\/media\/177894"}],"wp:attachment":[{"href":"https:\/\/depodanmusteriye.com\/urunler\/wp-json\/wp\/v2\/media?parent=177899"}],"wp:term":[{"taxonomy":"product_brand","embeddable":true,"href":"https:\/\/depodanmusteriye.com\/urunler\/wp-json\/wp\/v2\/product_brand?post=177899"},{"taxonomy":"product_cat","embeddable":true,"href":"https:\/\/depodanmusteriye.com\/urunler\/wp-json\/wp\/v2\/product_cat?post=177899"},{"taxonomy":"product_tag","embeddable":true,"href":"https:\/\/depodanmusteriye.com\/urunler\/wp-json\/wp\/v2\/product_tag?post=177899"}],"curies":[{"name":"wp","href":"https:\/\/api.w.org\/{rel}","templated":true}]}}