{"id":177893,"date":"2025-12-14T20:44:15","date_gmt":"2025-12-14T20:44:15","guid":{"rendered":"https:\/\/b2b.depodanmusteriye.com\/urun\/gw-32mm-doner-baslikli-sac-kivirma-makinesi-her-an-her-yerde-profesyonel-sekillendirme\/"},"modified":"2025-12-14T20:44:15","modified_gmt":"2025-12-14T20:44:15","slug":"gw-32mm-doner-baslikli-sac-kivirma-makinesi-her-an-her-yerde-profesyonel-sekillendirme","status":"publish","type":"product","link":"https:\/\/depodanmusteriye.com\/urunler\/urun\/gw-32mm-doner-baslikli-sac-kivirma-makinesi-her-an-her-yerde-profesyonel-sekillendirme\/","title":{"rendered":"GW 32mm D\u00f6ner Ba\u015fl\u0131kl\u0131 Sa\u00e7 K\u0131v\u0131rma Makinesi \u2013 Her An Her Yerde Profesyonel \u015eekillendirme"},"content":{"rendered":"<h4>GW sa\u00e7 k\u0131v\u0131rma makinesi, her sa\u00e7 tipine \u00f6zel ayarlanabilir s\u0131cakl\u0131k dereceleri sayesinde sa\u00e7\u0131n\u0131za en uygun \u0131s\u0131y\u0131 se\u00e7me \u00f6zg\u00fcrl\u00fc\u011f\u00fc sunar. Bu sayede ince telli sa\u00e7lar\u0131n\u0131z y\u0131pranmaz, kal\u0131n telli sa\u00e7lar\u0131n\u0131z ise g\u00fc\u00e7l\u00fc bir \u015fekilde \u015fekil al\u0131r. \u00dcstelik cihaz yaln\u0131zca birka\u00e7 saniyede \u0131s\u0131narak zaman kazand\u0131r\u0131r.<br \/>\nTourmaline seramik kaplama, sa\u00e7\u0131n do\u011fal nemini korur, \u0131s\u0131ya ba\u011fl\u0131 hasar\u0131 minimuma indirir. Sa\u00e7\u0131n\u0131z \u015fekil al\u0131rken ayn\u0131 anda negatif iyon teknolojisi ile parlakl\u0131k kazan\u0131r, kabarmayan ve ipeksi bukleler ortaya \u00e7\u0131kar. 360\u00b0 d\u00f6nen kablo ve d\u00f6ner ba\u015fl\u0131k, profesyonel kuaf\u00f6r etkisi yarat\u0131r.<br \/>\nKompakt tasar\u0131m\u0131 sayesinde kolay ta\u015f\u0131nabilir. Tatilde, i\u015f seyahatinde veya ani bir davete haz\u0131rlan\u0131rken dakikalar i\u00e7inde haz\u0131rs\u0131n\u0131z. \u015e\u0131kl\u0131k art\u0131k her an elinizin alt\u0131nda!<br \/>\n&nbsp; <\/p>\n<p><b>1 adet fiyat\u0131d\u0131r<\/b> <\/p>\n<p><p><b>\u00dcretici Markas\u0131 : ZERO LAND<\/b><\/p>\n<p><b>\u00dcretici Kodu : UCZZZGW76643<\/b><\/p>\n<p><b>1 ADET F\u0130YATIDIR<\/b><\/p>\n<\/h4>\n<p><\/p>\n","protected":false},"excerpt":{"rendered":"<p>GW 32mm D\u00f6ner Ba\u015fl\u0131kl\u0131 Sa\u00e7 K\u0131v\u0131rma Makinesi \u2013 Her An Her Yerde Profesyonel \u015eekillendirme<\/p>\n","protected":false},"featured_media":177888,"comment_status":"open","ping_status":"closed","template":"","meta":[],"product_brand":[],"product_cat":[379,473],"product_tag":[14010,13921,2435,2183,4031,13274,11821,3446,3984,2321,13132,8789],"class_list":{"0":"post-177893","1":"product","2":"type-product","3":"status-publish","4":"has-post-thumbnail","6":"product_cat-ev-yasam","7":"product_cat-sac-masasi","8":"product_tag-32mm","9":"product_tag-an","10":"product_tag-baslikli","11":"product_tag-doner","12":"product_tag-gw","13":"product_tag-her","14":"product_tag-kivirma","15":"product_tag-makinesi","16":"product_tag-profesyonel","17":"product_tag-sac","18":"product_tag-sekillendirme","19":"product_tag-yerde","21":"first","22":"instock","23":"taxable","24":"shipping-taxable","25":"purchasable","26":"product-type-simple"},"_links":{"self":[{"href":"https:\/\/depodanmusteriye.com\/urunler\/wp-json\/wp\/v2\/product\/177893","targetHints":{"allow":["GET"]}}],"collection":[{"href":"https:\/\/depodanmusteriye.com\/urunler\/wp-json\/wp\/v2\/product"}],"about":[{"href":"https:\/\/depodanmusteriye.com\/urunler\/wp-json\/wp\/v2\/types\/product"}],"replies":[{"embeddable":true,"href":"https:\/\/depodanmusteriye.com\/urunler\/wp-json\/wp\/v2\/comments?post=177893"}],"version-history":[{"count":0,"href":"https:\/\/depodanmusteriye.com\/urunler\/wp-json\/wp\/v2\/product\/177893\/revisions"}],"wp:featuredmedia":[{"embeddable":true,"href":"https:\/\/depodanmusteriye.com\/urunler\/wp-json\/wp\/v2\/media\/177888"}],"wp:attachment":[{"href":"https:\/\/depodanmusteriye.com\/urunler\/wp-json\/wp\/v2\/media?parent=177893"}],"wp:term":[{"taxonomy":"product_brand","embeddable":true,"href":"https:\/\/depodanmusteriye.com\/urunler\/wp-json\/wp\/v2\/product_brand?post=177893"},{"taxonomy":"product_cat","embeddable":true,"href":"https:\/\/depodanmusteriye.com\/urunler\/wp-json\/wp\/v2\/product_cat?post=177893"},{"taxonomy":"product_tag","embeddable":true,"href":"https:\/\/depodanmusteriye.com\/urunler\/wp-json\/wp\/v2\/product_tag?post=177893"}],"curies":[{"name":"wp","href":"https:\/\/api.w.org\/{rel}","templated":true}]}}