{"id":177887,"date":"2025-12-14T20:44:01","date_gmt":"2025-12-14T20:44:01","guid":{"rendered":"https:\/\/b2b.depodanmusteriye.com\/urun\/gw-sac-kivirma-makinesi-360-doner-baslik-negatif-iyon-teknolojisiyle\/"},"modified":"2025-12-14T20:44:01","modified_gmt":"2025-12-14T20:44:01","slug":"gw-sac-kivirma-makinesi-360-doner-baslik-negatif-iyon-teknolojisiyle","status":"publish","type":"product","link":"https:\/\/depodanmusteriye.com\/urunler\/urun\/gw-sac-kivirma-makinesi-360-doner-baslik-negatif-iyon-teknolojisiyle\/","title":{"rendered":"GW Sa\u00e7 K\u0131v\u0131rma Makinesi \u2013 360\u00b0 D\u00f6ner Ba\u015fl\u0131k, Negatif \u0130yon Teknolojisiyle"},"content":{"rendered":"<h4>S\u0131radan ma\u015falar\u0131n aksine GW Ta\u015f\u0131nabilir Sa\u00e7 Ma\u015fas\u0131, sa\u00e7lar\u0131n\u0131z\u0131n sa\u011fl\u0131\u011f\u0131n\u0131 \u00f6nemseyen bir sistem sunar. Seramik plakalar ve iyon teknolojisi bir araya gelerek hem \u0131s\u0131 hasar\u0131n\u0131 azalt\u0131r hem de sa\u00e7\u0131n\u0131z\u0131 ipeksi bir g\u00f6r\u00fcn\u00fcme kavu\u015fturur. Sa\u00e7lar\u0131n\u0131z yumu\u015fak, do\u011fal ve \u0131\u015f\u0131l \u0131\u015f\u0131l kal\u0131r.<br \/>\n32mm \u00e7ap\u0131ndaki d\u00f6ner ba\u015fl\u0131k, \u00f6zellikle kal\u0131n sa\u00e7l\u0131 kullan\u0131c\u0131lar i\u00e7in geni\u015f dalgalar olu\u015fturur. Ayarlanabilir s\u0131cakl\u0131k dereceleri, \u015fekillendirme kontrol\u00fcn\u00fc tamamen sizin elinize b\u0131rak\u0131r. Seyahate \u00e7\u0131kt\u0131\u011f\u0131n\u0131zda bile yan\u0131n\u0131zda kolayca ta\u015f\u0131yabilece\u011finiz kompakt boyut, onu her an kullan\u0131ma haz\u0131r hale getirir.<br \/>\nModern kad\u0131n\u0131n g\u00fcnl\u00fck ya\u015fam\u0131ndaki en b\u00fcy\u00fck yard\u0131mc\u0131s\u0131 olan GW, hem zaman kazand\u0131r\u0131r hem kuaf\u00f6r kalitesinde sonu\u00e7 sunar.<br \/>\n&nbsp; <\/p>\n<p><b>1 adet fiyat\u0131d\u0131r<\/b> <\/p>\n<p><p><b>\u00dcretici Markas\u0131 : ZERO LAND<\/b><\/p>\n<p><b>\u00dcretici Kodu : UCZZZGW76644<\/b><\/p>\n<p><b>1 ADET F\u0130YATIDIR<\/b><\/p>\n<\/h4>\n<p><\/p>\n","protected":false},"excerpt":{"rendered":"<p>GW Sa\u00e7 K\u0131v\u0131rma Makinesi \u2013 360\u00b0 D\u00f6ner Ba\u015fl\u0131k, Negatif \u0130yon Teknolojisiyle<\/p>\n","protected":false},"featured_media":177882,"comment_status":"open","ping_status":"closed","template":"","meta":[],"product_brand":[],"product_cat":[379,473],"product_tag":[8653,2183,4031,13134,11821,3446,11774,2321,13752],"class_list":{"0":"post-177887","1":"product","2":"type-product","3":"status-publish","4":"has-post-thumbnail","6":"product_cat-ev-yasam","7":"product_cat-sac-masasi","8":"product_tag-baslik","9":"product_tag-doner","10":"product_tag-gw","11":"product_tag-iyon","12":"product_tag-kivirma","13":"product_tag-makinesi","14":"product_tag-negatif","15":"product_tag-sac","16":"product_tag-teknolojisiyle","18":"first","19":"instock","20":"taxable","21":"shipping-taxable","22":"purchasable","23":"product-type-simple"},"_links":{"self":[{"href":"https:\/\/depodanmusteriye.com\/urunler\/wp-json\/wp\/v2\/product\/177887","targetHints":{"allow":["GET"]}}],"collection":[{"href":"https:\/\/depodanmusteriye.com\/urunler\/wp-json\/wp\/v2\/product"}],"about":[{"href":"https:\/\/depodanmusteriye.com\/urunler\/wp-json\/wp\/v2\/types\/product"}],"replies":[{"embeddable":true,"href":"https:\/\/depodanmusteriye.com\/urunler\/wp-json\/wp\/v2\/comments?post=177887"}],"version-history":[{"count":0,"href":"https:\/\/depodanmusteriye.com\/urunler\/wp-json\/wp\/v2\/product\/177887\/revisions"}],"wp:featuredmedia":[{"embeddable":true,"href":"https:\/\/depodanmusteriye.com\/urunler\/wp-json\/wp\/v2\/media\/177882"}],"wp:attachment":[{"href":"https:\/\/depodanmusteriye.com\/urunler\/wp-json\/wp\/v2\/media?parent=177887"}],"wp:term":[{"taxonomy":"product_brand","embeddable":true,"href":"https:\/\/depodanmusteriye.com\/urunler\/wp-json\/wp\/v2\/product_brand?post=177887"},{"taxonomy":"product_cat","embeddable":true,"href":"https:\/\/depodanmusteriye.com\/urunler\/wp-json\/wp\/v2\/product_cat?post=177887"},{"taxonomy":"product_tag","embeddable":true,"href":"https:\/\/depodanmusteriye.com\/urunler\/wp-json\/wp\/v2\/product_tag?post=177887"}],"curies":[{"name":"wp","href":"https:\/\/api.w.org\/{rel}","templated":true}]}}