{"id":177857,"date":"2025-12-14T20:42:50","date_gmt":"2025-12-14T20:42:50","guid":{"rendered":"https:\/\/b2b.depodanmusteriye.com\/urun\/isi-ve-uv-engelleyici-guneslik-360-bukulebilir-semsiye-sapi-ile-konfor\/"},"modified":"2025-12-14T20:42:50","modified_gmt":"2025-12-14T20:42:50","slug":"isi-ve-uv-engelleyici-guneslik-360-bukulebilir-semsiye-sapi-ile-konfor","status":"publish","type":"product","link":"https:\/\/depodanmusteriye.com\/urunler\/urun\/isi-ve-uv-engelleyici-guneslik-360-bukulebilir-semsiye-sapi-ile-konfor\/","title":{"rendered":"Is\u0131 ve UV Engelleyici G\u00fcne\u015flik \u2013 360\u00b0 B\u00fck\u00fclebilir \u015eemsiye Sap\u0131 ile Konfor"},"content":{"rendered":"<h4>Katlanabilir, cam elyaf iskeletli, \u00f6zel kuma\u015f kaplamal\u0131 g\u00fcne\u015flik. Bu \u00fcr\u00fcn, yaln\u0131zca g\u00fcne\u015fi engellemekle kalmaz, UV \u0131\u015f\u0131nlar\u0131na kar\u015f\u0131 da etkili bir bariyer olu\u015fturur.<br \/>\nKuruluma ihtiya\u00e7 duymadan saniyeler i\u00e7inde a\u00e7\u0131l\u0131p kapan\u0131r. Katland\u0131\u011f\u0131nda az yer kaplar, saklamas\u0131 olduk\u00e7a kolayd\u0131r. Siyah rengiyle \u0131\u015f\u0131\u011f\u0131 emer, kal\u0131n kuma\u015f\u0131yla \u0131s\u0131y\u0131 d\u0131\u015far\u0131da tutar. Kolay deforme olmaz, uzun \u00f6m\u00fcrl\u00fcd\u00fcr.<br \/>\n360\u00b0 b\u00fck\u00fclebilir \u015femsiye sap\u0131 sayesinde her ara\u00e7 tipiyle uyumlu \u015fekilde kullan\u0131labilir. \u00d6n cama bo\u015fluk b\u0131rakmadan oturur, i\u00e7 mekan\u0131 tam anlam\u0131yla koruma alt\u0131na al\u0131r. Yaz aylar\u0131n\u0131n vazge\u00e7ilmez \u00fcr\u00fcnlerinden biridir.<br \/>\n&nbsp; <\/p>\n<p><b>1 adet fiyat\u0131d\u0131r<\/b> <\/p>\n<p><p><b>\u00dcretici Markas\u0131 : ZERO LAND<\/b><\/p>\n<p><b>\u00dcretici Kodu : UCZZZOTOSEMS\u0130YE3<\/b><\/p>\n<p><b>1 ADET F\u0130YATIDIR<\/b><\/p>\n<\/h4>\n<p><\/p>\n","protected":false},"excerpt":{"rendered":"<p>Is\u0131 ve UV Engelleyici G\u00fcne\u015flik \u2013 360\u00b0 B\u00fck\u00fclebilir \u015eemsiye Sap\u0131 ile Konfor<\/p>\n","protected":false},"featured_media":177852,"comment_status":"open","ping_status":"closed","template":"","meta":[],"product_brand":[],"product_cat":[374,2216],"product_tag":[14004,9197,4169,4034,14006,14005,13579,3138,2104],"class_list":{"0":"post-177857","1":"product","2":"type-product","3":"status-publish","4":"has-post-thumbnail","6":"product_cat-mobil-aksesuar","7":"product_cat-torpido-aksesuar-mobil-aksesuar","8":"product_tag-bukulebilir","9":"product_tag-engelleyici","10":"product_tag-guneslik","11":"product_tag-isi","12":"product_tag-konfor","13":"product_tag-sapi","14":"product_tag-semsiye","15":"product_tag-uv","16":"product_tag-ve","18":"first","19":"instock","20":"taxable","21":"shipping-taxable","22":"purchasable","23":"product-type-simple"},"_links":{"self":[{"href":"https:\/\/depodanmusteriye.com\/urunler\/wp-json\/wp\/v2\/product\/177857","targetHints":{"allow":["GET"]}}],"collection":[{"href":"https:\/\/depodanmusteriye.com\/urunler\/wp-json\/wp\/v2\/product"}],"about":[{"href":"https:\/\/depodanmusteriye.com\/urunler\/wp-json\/wp\/v2\/types\/product"}],"replies":[{"embeddable":true,"href":"https:\/\/depodanmusteriye.com\/urunler\/wp-json\/wp\/v2\/comments?post=177857"}],"version-history":[{"count":0,"href":"https:\/\/depodanmusteriye.com\/urunler\/wp-json\/wp\/v2\/product\/177857\/revisions"}],"wp:featuredmedia":[{"embeddable":true,"href":"https:\/\/depodanmusteriye.com\/urunler\/wp-json\/wp\/v2\/media\/177852"}],"wp:attachment":[{"href":"https:\/\/depodanmusteriye.com\/urunler\/wp-json\/wp\/v2\/media?parent=177857"}],"wp:term":[{"taxonomy":"product_brand","embeddable":true,"href":"https:\/\/depodanmusteriye.com\/urunler\/wp-json\/wp\/v2\/product_brand?post=177857"},{"taxonomy":"product_cat","embeddable":true,"href":"https:\/\/depodanmusteriye.com\/urunler\/wp-json\/wp\/v2\/product_cat?post=177857"},{"taxonomy":"product_tag","embeddable":true,"href":"https:\/\/depodanmusteriye.com\/urunler\/wp-json\/wp\/v2\/product_tag?post=177857"}],"curies":[{"name":"wp","href":"https:\/\/api.w.org\/{rel}","templated":true}]}}