{"id":17704,"date":"2025-12-05T05:30:47","date_gmt":"2025-12-05T05:30:47","guid":{"rendered":"https:\/\/b2b.depodanmusteriye.com\/urun\/versele-laga-or-b-pure-vitaminli-maya-500g\/"},"modified":"2025-12-05T05:30:47","modified_gmt":"2025-12-05T05:30:47","slug":"versele-laga-or-b-pure-vitaminli-maya-500g","status":"publish","type":"product","link":"https:\/\/depodanmusteriye.com\/urunler\/urun\/versele-laga-or-b-pure-vitaminli-maya-500g\/","title":{"rendered":"VERSELE LAGA.OR.B-PURE V\u0130TAM\u0130NL\u0130 MAYA 500G"},"content":{"rendered":"<h4>\n<p><strong>* Vitamin i&ccedil;eren maya * <\/strong><\/p>\n<p><strong>Oropharma B-Pure<\/strong> vitaminlerle zenginle\u015ftirilmi\u015f kuru mayad\u0131r. Bu besin takviyesi yavru g&uuml;vercinlerde oldu\u011fu kadar yeti\u015fkinlerde de kondisyonun art\u0131r\u0131lmas\u0131 ve e\u011fitim s\u0131ras\u0131ndaki yorulmay\u0131 engellemesi i&ccedil;in verilir. Maya (Saccharomyces cerevisiae) i&ccedil;eri\u011finde y&uuml;ksek oranda bulunan amino asitler, B vitamini, mineraller ve iz elementler nedeniyle e\u015fsiz bir besin kayna\u011f\u0131d\u0131r. Maya i&ccedil;eri\u011finin yan\u0131nda, B-Pure dengeli miktarda vitamin i&ccedil;erir ve b&ouml;ylece g&uuml;vercinin biyolojik i\u015flevlerinin d&uuml;zenli bir \u015fekilde s&uuml;rd&uuml;rmesi garanti alt\u0131na al\u0131n\u0131r.<\/p>\n<p><strong>G&uuml;nl&uuml;k kullan\u0131m miktar\u0131: <\/strong>&Ouml;nce 1 &ccedil;orba ka\u015f\u0131\u011f\u0131 Form Oil Plus ya da Garlic Oil&#039;i 1 kg tah\u0131l\/tohum kar\u0131\u015f\u0131m\u0131na d&ouml;k&uuml;n&uuml;z. 1 &ccedil;orba ka\u015f\u0131\u011f\u0131 B-Pure ekleyiniz ve kar\u0131\u015ft\u0131r\u0131n\u0131z. Y\u0131lda 1 hafta boyunca veriniz. G&uuml;nl&uuml;k tazeleyiniz.<\/p>\n<p><strong>Serin ve kuru yerde saklay\u0131n\u0131z.<\/strong><\/p>\n<p><b>1 adet fiyat\u0131d\u0131r<\/b> <\/p>\n<p><p><b>\u00dcretici Markas\u0131 : VERSELE LAGA OROPHARMA<\/b><\/p>\n<p><b>\u00dcretici Kodu : 5410340600993<\/b><\/p>\n<p><b>1 ADET F\u0130YATIDIR<\/b><\/p>\n<\/h4>\n<p><\/p>\n","protected":false},"excerpt":{"rendered":"<p>VERSELE LAGA.OR.B-PURE V\u0130TAM\u0130NL\u0130 MAYA 500G<\/p>\n","protected":false},"featured_media":17703,"comment_status":"open","ping_status":"closed","template":"","meta":[],"product_brand":[],"product_cat":[537,370],"product_tag":[2898,4635,4519,2902,4636],"class_list":{"0":"post-17704","1":"product","2":"type-product","3":"status-publish","4":"has-post-thumbnail","6":"product_cat-kus-sagligi-urunu","7":"product_cat-pet-shop","8":"product_tag-500g","9":"product_tag-laga-or-b-pure","10":"product_tag-maya","11":"product_tag-versele","12":"product_tag-vitaminli","14":"first","15":"instock","16":"taxable","17":"shipping-taxable","18":"purchasable","19":"product-type-simple"},"_links":{"self":[{"href":"https:\/\/depodanmusteriye.com\/urunler\/wp-json\/wp\/v2\/product\/17704","targetHints":{"allow":["GET"]}}],"collection":[{"href":"https:\/\/depodanmusteriye.com\/urunler\/wp-json\/wp\/v2\/product"}],"about":[{"href":"https:\/\/depodanmusteriye.com\/urunler\/wp-json\/wp\/v2\/types\/product"}],"replies":[{"embeddable":true,"href":"https:\/\/depodanmusteriye.com\/urunler\/wp-json\/wp\/v2\/comments?post=17704"}],"version-history":[{"count":0,"href":"https:\/\/depodanmusteriye.com\/urunler\/wp-json\/wp\/v2\/product\/17704\/revisions"}],"wp:featuredmedia":[{"embeddable":true,"href":"https:\/\/depodanmusteriye.com\/urunler\/wp-json\/wp\/v2\/media\/17703"}],"wp:attachment":[{"href":"https:\/\/depodanmusteriye.com\/urunler\/wp-json\/wp\/v2\/media?parent=17704"}],"wp:term":[{"taxonomy":"product_brand","embeddable":true,"href":"https:\/\/depodanmusteriye.com\/urunler\/wp-json\/wp\/v2\/product_brand?post=17704"},{"taxonomy":"product_cat","embeddable":true,"href":"https:\/\/depodanmusteriye.com\/urunler\/wp-json\/wp\/v2\/product_cat?post=17704"},{"taxonomy":"product_tag","embeddable":true,"href":"https:\/\/depodanmusteriye.com\/urunler\/wp-json\/wp\/v2\/product_tag?post=17704"}],"curies":[{"name":"wp","href":"https:\/\/api.w.org\/{rel}","templated":true}]}}