{"id":176613,"date":"2025-12-14T19:50:05","date_gmt":"2025-12-14T19:50:05","guid":{"rendered":"https:\/\/b2b.depodanmusteriye.com\/urun\/cok-fonksiyonlu-3u-1-arada-spor-aleti-kol-gogus-genisletici-ve-mekik-destekcisi\/"},"modified":"2025-12-14T19:50:05","modified_gmt":"2025-12-14T19:50:05","slug":"cok-fonksiyonlu-3u-1-arada-spor-aleti-kol-gogus-genisletici-ve-mekik-destekcisi","status":"publish","type":"product","link":"https:\/\/depodanmusteriye.com\/urunler\/urun\/cok-fonksiyonlu-3u-1-arada-spor-aleti-kol-gogus-genisletici-ve-mekik-destekcisi\/","title":{"rendered":"\u00c7ok Fonksiyonlu 3&#8217;\u00fc 1 Arada Spor Aleti \u2013 Kol, G\u00f6\u011f\u00fcs Geni\u015fletici ve Mekik Destek\u00e7isi"},"content":{"rendered":"<h4>Bu 3\u2019\u00fc 1 arada spor aleti, kol ve g\u00f6\u011f\u00fcs kaslar\u0131n\u0131z\u0131 geni\u015fletmek, mekik \u00e7ekmek ve el kaslar\u0131n\u0131z\u0131 g\u00fc\u00e7lendirmek i\u00e7in tasarlanm\u0131\u015ft\u0131r. \u0130\u00e7erisinde bulunan 5 adet elastik paslanmaz \u00e7elik yay, farkl\u0131 diren\u00e7 seviyeleriyle ki\u015fiselle\u015ftirilebilir egzersizler yapman\u0131za olanak tan\u0131r. Yaylar kolayca \u00e7\u0131kar\u0131l\u0131p tak\u0131labilir, ancak en az \u00fc\u00e7 yay kullan\u0131lmas\u0131 tavsiye edilir. Her yay maksimum 15 kilogram a\u011f\u0131rl\u0131k ta\u015f\u0131ma kapasitesine sahiptir, b\u00f6ylece diren\u00e7 seviyenizi ihtiyac\u0131n\u0131za g\u00f6re ayarlayabilirsiniz.Ergonomik tutma yerleri sayesinde elleriniz egzersiz s\u0131ras\u0131nda rahat eder ve kayma riski minimuma iner. Mekik \u00e7ubuklar\u0131 \u00fczerindeki pedallar, denge ve stabilite sa\u011flayarak do\u011fru formda antrenman yapman\u0131z\u0131 destekler. Bu spor aleti, kollar\u0131n\u0131z\u0131, omuzlar\u0131n\u0131z\u0131, s\u0131rt\u0131n\u0131z\u0131, bacaklar\u0131n\u0131z\u0131, kar\u0131n ve bel kaslar\u0131n\u0131z\u0131 ayn\u0131 anda \u00e7al\u0131\u015ft\u0131rman\u0131z\u0131 sa\u011flar.Kompakt ve dayan\u0131kl\u0131 yap\u0131s\u0131, evde veya seyahatte rahatl\u0131kla kullan\u0131lmas\u0131na imkan verir. Her seviyeden kullan\u0131c\u0131 i\u00e7in uygundur ve t\u00fcm aile bireylerinin kullan\u0131m\u0131na uygun esnek diren\u00e7 ayarlar\u0131 i\u00e7erir. D\u00fczenli kullan\u0131mda, v\u00fccut g\u00fcc\u00fcn\u00fczde ve dayan\u0131kl\u0131l\u0131\u011f\u0131n\u0131zda g\u00f6zle g\u00f6r\u00fcl\u00fcr art\u0131\u015flar ya\u015fars\u0131n\u0131z. <\/p>\n<p><b>1 adet fiyat\u0131d\u0131r<\/b> <\/p>\n<p><p><b>\u00dcretici Markas\u0131 : ZERO LAND<\/b><\/p>\n<p><b>\u00dcretici Kodu : UCZZZKASALET\u0130YAY<\/b><\/p>\n<p><b>1 ADET F\u0130YATIDIR<\/b><\/p>\n<\/h4>\n<p><\/p>\n","protected":false},"excerpt":{"rendered":"<p>\u00c7ok Fonksiyonlu 3&#8217;\u00fc 1 Arada Spor Aleti \u2013 Kol, G\u00f6\u011f\u00fcs Geni\u015fletici ve Mekik Destek\u00e7isi<\/p>\n","protected":false},"featured_media":176608,"comment_status":"open","ping_status":"closed","template":"","meta":[],"product_brand":[],"product_cat":[805,379],"product_tag":[1056,3386,1635,4047,13850,3009,13354,2915,2422,13849,2804,2104],"class_list":{"0":"post-176613","1":"product","2":"type-product","3":"status-publish","4":"has-post-thumbnail","6":"product_cat-egzersiz-aleti","7":"product_cat-ev-yasam","8":"product_tag-1056","9":"product_tag-aleti","10":"product_tag-arada","11":"product_tag-cok","12":"product_tag-destekcisi","13":"product_tag-fonksiyonlu","14":"product_tag-genisletici","15":"product_tag-gogus","16":"product_tag-kol","17":"product_tag-mekik","18":"product_tag-spor","19":"product_tag-ve","21":"first","22":"instock","23":"taxable","24":"shipping-taxable","25":"purchasable","26":"product-type-simple"},"_links":{"self":[{"href":"https:\/\/depodanmusteriye.com\/urunler\/wp-json\/wp\/v2\/product\/176613","targetHints":{"allow":["GET"]}}],"collection":[{"href":"https:\/\/depodanmusteriye.com\/urunler\/wp-json\/wp\/v2\/product"}],"about":[{"href":"https:\/\/depodanmusteriye.com\/urunler\/wp-json\/wp\/v2\/types\/product"}],"replies":[{"embeddable":true,"href":"https:\/\/depodanmusteriye.com\/urunler\/wp-json\/wp\/v2\/comments?post=176613"}],"version-history":[{"count":0,"href":"https:\/\/depodanmusteriye.com\/urunler\/wp-json\/wp\/v2\/product\/176613\/revisions"}],"wp:featuredmedia":[{"embeddable":true,"href":"https:\/\/depodanmusteriye.com\/urunler\/wp-json\/wp\/v2\/media\/176608"}],"wp:attachment":[{"href":"https:\/\/depodanmusteriye.com\/urunler\/wp-json\/wp\/v2\/media?parent=176613"}],"wp:term":[{"taxonomy":"product_brand","embeddable":true,"href":"https:\/\/depodanmusteriye.com\/urunler\/wp-json\/wp\/v2\/product_brand?post=176613"},{"taxonomy":"product_cat","embeddable":true,"href":"https:\/\/depodanmusteriye.com\/urunler\/wp-json\/wp\/v2\/product_cat?post=176613"},{"taxonomy":"product_tag","embeddable":true,"href":"https:\/\/depodanmusteriye.com\/urunler\/wp-json\/wp\/v2\/product_tag?post=176613"}],"curies":[{"name":"wp","href":"https:\/\/api.w.org\/{rel}","templated":true}]}}