{"id":176577,"date":"2025-12-14T19:48:47","date_gmt":"2025-12-14T19:48:47","guid":{"rendered":"https:\/\/b2b.depodanmusteriye.com\/urun\/hafif-ve-kompakt-tasarimli-kagitsiz-lcd-yazi-tahtasi\/"},"modified":"2025-12-14T19:48:47","modified_gmt":"2025-12-14T19:48:47","slug":"hafif-ve-kompakt-tasarimli-kagitsiz-lcd-yazi-tahtasi","status":"publish","type":"product","link":"https:\/\/depodanmusteriye.com\/urunler\/urun\/hafif-ve-kompakt-tasarimli-kagitsiz-lcd-yazi-tahtasi\/","title":{"rendered":"Hafif ve Kompakt Tasar\u0131ml\u0131 Ka\u011f\u0131ts\u0131z LCD Yaz\u0131 Tahtas\u0131"},"content":{"rendered":"<h4>Modern tasar\u0131m\u0131 ve fonksiyonelli\u011fiyle LCD yaz\u0131 defteri, hem okul hem i\u015f hayat\u0131nda ka\u011f\u0131t kullan\u0131m\u0131n\u0131 azaltmak isteyenlerin ilk tercihi oluyor. Dayan\u0131kl\u0131 ABS g\u00f6vde ve esnek LCD panel yap\u0131s\u0131yla uzun \u00f6m\u00fcrl\u00fc kullan\u0131m sa\u011flar. 200 gram a\u011f\u0131rl\u0131\u011f\u0131yla kolay ta\u015f\u0131nabilir. Tek bir tu\u015fla ekran\u0131n temizlenebilmesi, h\u0131zl\u0131 ve pratik not almay\u0131 m\u00fcmk\u00fcn k\u0131lar. Ayr\u0131ca kilit \u00f6zelli\u011fi ile yanl\u0131\u015fl\u0131kla silme riskini ortadan kald\u0131r\u0131r. D\u00fc\u011fme pil ile \u00e7al\u0131\u015f\u0131r, d\u00fc\u015f\u00fck enerji t\u00fcketimi ile uzun s\u00fcre kullanabilirsiniz. Ekran\u0131 su ve a\u015f\u0131nd\u0131r\u0131c\u0131 maddelerden korumak gereklidir. \u00c7evreye duyarl\u0131, ekonomik ve ergonomik bir \u00fcr\u00fcnd\u00fcr. <\/p>\n<p><b>1 adet fiyat\u0131d\u0131r<\/b> <\/p>\n<p><p><b>\u00dcretici Markas\u0131 : ZERO LAND<\/b><\/p>\n<p><b>\u00dcretici Kodu : UCZZZYAZITAHTASI1<\/b><\/p>\n<p><b>1 ADET F\u0130YATIDIR<\/b><\/p>\n<\/h4>\n<p><\/p>\n","protected":false},"excerpt":{"rendered":"<p>Hafif ve Kompakt Tasar\u0131ml\u0131 Ka\u011f\u0131ts\u0131z LCD Yaz\u0131 Tahtas\u0131<\/p>\n","protected":false},"featured_media":176572,"comment_status":"open","ping_status":"closed","template":"","meta":[],"product_brand":[],"product_cat":[1046,379],"product_tag":[3996,13840,3986,4078,6703,3987,2104,4079],"class_list":{"0":"post-176577","1":"product","2":"type-product","3":"status-publish","4":"has-post-thumbnail","6":"product_cat-cocuk-cizim-tableti","7":"product_cat-ev-yasam","8":"product_tag-hafif","9":"product_tag-kagitsiz","10":"product_tag-kompakt","11":"product_tag-lcd","12":"product_tag-tahtasi","13":"product_tag-tasarimli","14":"product_tag-ve","15":"product_tag-yazi","17":"first","18":"instock","19":"taxable","20":"shipping-taxable","21":"purchasable","22":"product-type-simple"},"_links":{"self":[{"href":"https:\/\/depodanmusteriye.com\/urunler\/wp-json\/wp\/v2\/product\/176577","targetHints":{"allow":["GET"]}}],"collection":[{"href":"https:\/\/depodanmusteriye.com\/urunler\/wp-json\/wp\/v2\/product"}],"about":[{"href":"https:\/\/depodanmusteriye.com\/urunler\/wp-json\/wp\/v2\/types\/product"}],"replies":[{"embeddable":true,"href":"https:\/\/depodanmusteriye.com\/urunler\/wp-json\/wp\/v2\/comments?post=176577"}],"version-history":[{"count":0,"href":"https:\/\/depodanmusteriye.com\/urunler\/wp-json\/wp\/v2\/product\/176577\/revisions"}],"wp:featuredmedia":[{"embeddable":true,"href":"https:\/\/depodanmusteriye.com\/urunler\/wp-json\/wp\/v2\/media\/176572"}],"wp:attachment":[{"href":"https:\/\/depodanmusteriye.com\/urunler\/wp-json\/wp\/v2\/media?parent=176577"}],"wp:term":[{"taxonomy":"product_brand","embeddable":true,"href":"https:\/\/depodanmusteriye.com\/urunler\/wp-json\/wp\/v2\/product_brand?post=176577"},{"taxonomy":"product_cat","embeddable":true,"href":"https:\/\/depodanmusteriye.com\/urunler\/wp-json\/wp\/v2\/product_cat?post=176577"},{"taxonomy":"product_tag","embeddable":true,"href":"https:\/\/depodanmusteriye.com\/urunler\/wp-json\/wp\/v2\/product_tag?post=176577"}],"curies":[{"name":"wp","href":"https:\/\/api.w.org\/{rel}","templated":true}]}}