{"id":176379,"date":"2025-12-14T19:41:14","date_gmt":"2025-12-14T19:41:14","guid":{"rendered":"https:\/\/b2b.depodanmusteriye.com\/urun\/12-saat-sicak-24-saat-soguk-tutabilen-paslanmaz-termos\/"},"modified":"2025-12-14T19:41:14","modified_gmt":"2025-12-14T19:41:14","slug":"12-saat-sicak-24-saat-soguk-tutabilen-paslanmaz-termos","status":"publish","type":"product","link":"https:\/\/depodanmusteriye.com\/urunler\/urun\/12-saat-sicak-24-saat-soguk-tutabilen-paslanmaz-termos\/","title":{"rendered":"12 Saat S\u0131cak, 24 Saat So\u011fuk Tutabilen Paslanmaz Termos"},"content":{"rendered":"<h4>\u0130\u00e7ti\u011finiz suyun veya kahvenin sadece s\u0131cakl\u0131\u011f\u0131n\u0131 de\u011fil, ayn\u0131 zamanda sa\u011fl\u0131\u011f\u0131n\u0131 da \u00f6nemseyenler i\u00e7in geli\u015ftirilmi\u015f bu LED g\u00f6stergeli termos, 304 kalite paslanmaz \u00e7elik i\u00e7 y\u00fczeyi ile g\u0131daya temas eden t\u00fcm alanlarda maksimum hijyen sa\u011flar. \u00dcr\u00fcn, zararl\u0131 kimyasal i\u00e7ermeyen malzemelerle \u00fcretilmi\u015ftir.<br \/>\nTermosun i\u00e7 k\u0131sm\u0131nda kullan\u0131lan yal\u0131t\u0131m teknolojisi sayesinde i\u00e7ece\u011finizin s\u0131cakl\u0131\u011f\u0131 12 saate kadar, so\u011fuklu\u011fu ise 24 saate kadar korunur. Bu da, sabah kahvenizi ak\u015fam saatlerine kadar s\u0131cak t\u00fcketmenize veya yaz aylar\u0131nda so\u011fuk i\u00e7ece\u011finizi g\u00fcn boyu ferahlat\u0131c\u0131 \u015fekilde yan\u0131n\u0131zda ta\u015f\u0131man\u0131za olanak tan\u0131r.<br \/>\nY\u00fcksek hassasiyetli LED dokunmatik ekran, s\u0131v\u0131n\u0131n s\u0131cakl\u0131\u011f\u0131n\u0131 do\u011fru bir \u015fekilde yans\u0131tarak, \u00f6zellikle \u00e7ocuklar i\u00e7in tehlike olu\u015fturabilecek y\u00fcksek s\u0131cakl\u0131klarda \u00f6nceden bilgilendirme sa\u011flar. Su ge\u00e7irmez ve darbelere dayan\u0131kl\u0131 tasar\u0131m\u0131, \u00fcr\u00fcn\u00fc d\u0131\u015f mekan aktiviteleri i\u00e7in de ideal hale getirir. <\/p>\n<p><b>1 adet fiyat\u0131d\u0131r<\/b> <\/p>\n<p><p><b>\u00dcretici Markas\u0131 : ZERO LAND<\/b><\/p>\n<p><b>\u00dcretici Kodu : UCZZZDERECEL\u0130TERMOS3<\/b><\/p>\n<p><b>1 ADET F\u0130YATIDIR<\/b><\/p>\n<\/h4>\n<p><\/p>\n","protected":false},"excerpt":{"rendered":"<p>12 Saat S\u0131cak, 24 Saat So\u011fuk Tutabilen Paslanmaz Termos<\/p>\n","protected":false},"featured_media":176374,"comment_status":"open","ping_status":"closed","template":"","meta":[],"product_brand":[],"product_cat":[379,476],"product_tag":[2097,1464,4147,3637,1087,4164,4145,13830],"class_list":{"0":"post-176379","1":"product","2":"type-product","3":"status-publish","4":"has-post-thumbnail","6":"product_cat-ev-yasam","7":"product_cat-termos","8":"product_tag-2097","9":"product_tag-1464","10":"product_tag-paslanmaz","11":"product_tag-saat","12":"product_tag-sicak","13":"product_tag-soguk","14":"product_tag-termos","15":"product_tag-tutabilen","17":"first","18":"instock","19":"taxable","20":"shipping-taxable","21":"purchasable","22":"product-type-simple"},"_links":{"self":[{"href":"https:\/\/depodanmusteriye.com\/urunler\/wp-json\/wp\/v2\/product\/176379","targetHints":{"allow":["GET"]}}],"collection":[{"href":"https:\/\/depodanmusteriye.com\/urunler\/wp-json\/wp\/v2\/product"}],"about":[{"href":"https:\/\/depodanmusteriye.com\/urunler\/wp-json\/wp\/v2\/types\/product"}],"replies":[{"embeddable":true,"href":"https:\/\/depodanmusteriye.com\/urunler\/wp-json\/wp\/v2\/comments?post=176379"}],"version-history":[{"count":0,"href":"https:\/\/depodanmusteriye.com\/urunler\/wp-json\/wp\/v2\/product\/176379\/revisions"}],"wp:featuredmedia":[{"embeddable":true,"href":"https:\/\/depodanmusteriye.com\/urunler\/wp-json\/wp\/v2\/media\/176374"}],"wp:attachment":[{"href":"https:\/\/depodanmusteriye.com\/urunler\/wp-json\/wp\/v2\/media?parent=176379"}],"wp:term":[{"taxonomy":"product_brand","embeddable":true,"href":"https:\/\/depodanmusteriye.com\/urunler\/wp-json\/wp\/v2\/product_brand?post=176379"},{"taxonomy":"product_cat","embeddable":true,"href":"https:\/\/depodanmusteriye.com\/urunler\/wp-json\/wp\/v2\/product_cat?post=176379"},{"taxonomy":"product_tag","embeddable":true,"href":"https:\/\/depodanmusteriye.com\/urunler\/wp-json\/wp\/v2\/product_tag?post=176379"}],"curies":[{"name":"wp","href":"https:\/\/api.w.org\/{rel}","templated":true}]}}