{"id":176343,"date":"2025-12-14T19:39:50","date_gmt":"2025-12-14T19:39:50","guid":{"rendered":"https:\/\/b2b.depodanmusteriye.com\/urun\/rs12-pro-2025-serisi-full-ekranli-akilli-saat-2gb-hafiza-titanyum-kasa-suya-dayanikli-uzun-sarj-suresi-garantili-model\/"},"modified":"2025-12-14T19:39:50","modified_gmt":"2025-12-14T19:39:50","slug":"rs12-pro-2025-serisi-full-ekranli-akilli-saat-2gb-hafiza-titanyum-kasa-suya-dayanikli-uzun-sarj-suresi-garantili-model","status":"publish","type":"product","link":"https:\/\/depodanmusteriye.com\/urunler\/urun\/rs12-pro-2025-serisi-full-ekranli-akilli-saat-2gb-hafiza-titanyum-kasa-suya-dayanikli-uzun-sarj-suresi-garantili-model\/","title":{"rendered":". RS12 PRO+ 2025 Serisi Full Ekranl\u0131 Ak\u0131ll\u0131 Saat \u2013 2GB Haf\u0131za, Titanyum Kasa, Suya Dayan\u0131kl\u0131, Uzun \u015earj S\u00fcresi Garantili Model"},"content":{"rendered":"<h4>Ak\u0131ll\u0131 saatiniz yaln\u0131zca zaman\u0131 g\u00f6steren bir cihaz de\u011fil, ayn\u0131 zamanda ya\u015fam\u0131n\u0131z\u0131 kolayla\u015ft\u0131ran bir teknoloji orta\u011f\u0131 olmal\u0131. RS12 PRO+ bu anlay\u0131\u015fla tasarland\u0131. Titanyum g\u00f6vdesi, modern web color g\u00fcm\u00fc\u015f rengi ve kordon alternatifleriyle hem dayan\u0131kl\u0131 hem zarif bir yap\u0131 sunar. AMOLED ekran\u0131 sayesinde ekran parlakl\u0131\u011f\u0131 ve g\u00f6r\u00fcnt\u00fc kalitesi \u00fcst seviyededir.2GB dahili haf\u0131zas\u0131 ile m\u00fcziklerinizi kaydedebilir, uygulamalar\u0131 y\u00fckleyebilir, belgelerinizi saklayabilirsiniz. ChatGPT deste\u011fi ile donat\u0131lan ak\u0131ll\u0131 saat, sizin i\u00e7in planlar yapar, sorular\u0131 yan\u0131tlar ve g\u00fcnl\u00fck i\u015flerinizi kolayla\u015ft\u0131r\u0131r. Kalp at\u0131\u015f\u0131 \u00f6l\u00e7er, uyku takibi, ad\u0131m sayar, spor modlar\u0131 ve GPS ile hem sa\u011fl\u0131\u011f\u0131n\u0131z\u0131 hem de hareketlili\u011finizi takip eder.Bluetooth ile telefon ba\u011flant\u0131s\u0131 yapabilir, do\u011frudan saat \u00fczerinden sesli g\u00f6r\u00fc\u015fme ger\u00e7ekle\u015ftirebilirsiniz. Bildirimler anl\u0131k olarak ekran\u0131n\u0131za yans\u0131r. Saatin bataryas\u0131 ise yo\u011fun kullan\u0131mda dahi g\u00fcn\u00fc \u00e7\u0131karacak seviyede optimize edilmi\u015ftir. RS12 PRO+, teknolojinin t\u00fcm y\u00f6nlerini zarif bir yap\u0131da birle\u015ftirerek kullan\u0131c\u0131ya zengin bir deneyim sunar. <\/p>\n<p><b>1 adet fiyat\u0131d\u0131r<\/b> <\/p>\n<p><p><b>\u00dcretici Markas\u0131 : ZERO LAND<\/b><\/p>\n<p><b>\u00dcretici Kodu : UCZZZRS12PRO4<\/b><\/p>\n<p><b>1 ADET F\u0130YATIDIR<\/b><\/p>\n<\/h4>\n<p><\/p>\n","protected":false},"excerpt":{"rendered":"<p>. RS12 PRO+ 2025 Serisi Full Ekranl\u0131 Ak\u0131ll\u0131 Saat \u2013 2GB Haf\u0131za, Titanyum Kasa, Suya Dayan\u0131kl\u0131, Uzun \u015earj S\u00fcresi Garantili Model<\/p>\n","protected":false},"featured_media":176338,"comment_status":"open","ping_status":"closed","template":"","meta":[],"product_brand":[],"product_cat":[630,374],"product_tag":[7616,13123,3636,3993,4085,1978,13827,4068,1342,13826,3637,2755,1244,4273,4000,4151,2357],"class_list":{"0":"post-176343","1":"product","2":"type-product","3":"status-publish","4":"has-post-thumbnail","6":"product_cat-akilli-saat","7":"product_cat-mobil-aksesuar","8":"product_tag-7616","9":"product_tag-2gb","10":"product_tag-akilli","11":"product_tag-dayanikli","12":"product_tag-ekranli","13":"product_tag-full","14":"product_tag-garantili","15":"product_tag-hafiza","16":"product_tag-kasa","17":"product_tag-rs12","18":"product_tag-saat","19":"product_tag-sarj","20":"product_tag-serisi","21":"product_tag-suresi","22":"product_tag-suya","23":"product_tag-titanyum","24":"product_tag-uzun","26":"first","27":"instock","28":"taxable","29":"shipping-taxable","30":"purchasable","31":"product-type-simple"},"_links":{"self":[{"href":"https:\/\/depodanmusteriye.com\/urunler\/wp-json\/wp\/v2\/product\/176343","targetHints":{"allow":["GET"]}}],"collection":[{"href":"https:\/\/depodanmusteriye.com\/urunler\/wp-json\/wp\/v2\/product"}],"about":[{"href":"https:\/\/depodanmusteriye.com\/urunler\/wp-json\/wp\/v2\/types\/product"}],"replies":[{"embeddable":true,"href":"https:\/\/depodanmusteriye.com\/urunler\/wp-json\/wp\/v2\/comments?post=176343"}],"version-history":[{"count":0,"href":"https:\/\/depodanmusteriye.com\/urunler\/wp-json\/wp\/v2\/product\/176343\/revisions"}],"wp:featuredmedia":[{"embeddable":true,"href":"https:\/\/depodanmusteriye.com\/urunler\/wp-json\/wp\/v2\/media\/176338"}],"wp:attachment":[{"href":"https:\/\/depodanmusteriye.com\/urunler\/wp-json\/wp\/v2\/media?parent=176343"}],"wp:term":[{"taxonomy":"product_brand","embeddable":true,"href":"https:\/\/depodanmusteriye.com\/urunler\/wp-json\/wp\/v2\/product_brand?post=176343"},{"taxonomy":"product_cat","embeddable":true,"href":"https:\/\/depodanmusteriye.com\/urunler\/wp-json\/wp\/v2\/product_cat?post=176343"},{"taxonomy":"product_tag","embeddable":true,"href":"https:\/\/depodanmusteriye.com\/urunler\/wp-json\/wp\/v2\/product_tag?post=176343"}],"curies":[{"name":"wp","href":"https:\/\/api.w.org\/{rel}","templated":true}]}}