{"id":176157,"date":"2025-12-14T19:32:54","date_gmt":"2025-12-14T19:32:54","guid":{"rendered":"https:\/\/b2b.depodanmusteriye.com\/urun\/kas-ve-yuz-epilation-aleti-kolay-kullanimli-portatif-shaver-usb-sarjli\/"},"modified":"2025-12-14T19:32:54","modified_gmt":"2025-12-14T19:32:54","slug":"kas-ve-yuz-epilation-aleti-kolay-kullanimli-portatif-shaver-usb-sarjli","status":"publish","type":"product","link":"https:\/\/depodanmusteriye.com\/urunler\/urun\/kas-ve-yuz-epilation-aleti-kolay-kullanimli-portatif-shaver-usb-sarjli\/","title":{"rendered":"Ka\u015f ve Y\u00fcz Epilation Aleti \u2013 Kolay Kullan\u0131ml\u0131, Portatif Shaver USB \u015earjl\u0131"},"content":{"rendered":"<h4>&nbsp;Sabah ko\u015fturmacas\u0131nda ideal bir bak\u0131m arac\u0131 olan bu cihaz, kompakt yap\u0131s\u0131yla \u00e7antan\u0131zda yer kaplamaz. T\u00fcy alma i\u015flemi ac\u0131s\u0131zd\u0131r, kullan\u0131c\u0131 konforu g\u00f6zetilerek tasarlanm\u0131\u015ft\u0131r.Kolay kullan\u0131m i\u00e7in tek tu\u015flu ba\u015flatma \u00f6zelli\u011fi, ta\u015f\u0131nabilirlik i\u00e7in ise USB \u015farj imkan\u0131 sunar. 8000\u202fRPM h\u0131z\u0131yla etkili epilasyon sa\u011flar.Paslanmaz \u00e7elik b\u0131\u00e7akla g\u00fcvenli kesim, al\u00fcminyum g\u00f6vde dayan\u0131kl\u0131l\u0131k sa\u011flar. Y\u00fcz ve ka\u015f b\u00f6lgesinde dikkatli \u015fekilde kullan\u0131lmal\u0131d\u0131r. Hafif k\u0131zar\u0131kl\u0131k g\u00f6r\u00fcl\u00fcrse so\u011fuk kompres \u00f6nerilir. <\/p>\n<p><b>1 adet fiyat\u0131d\u0131r<\/b> <\/p>\n<p><p><b>\u00dcretici Markas\u0131 : ZERO LAND<\/b><\/p>\n<p><b>\u00dcretici Kodu : UCZZZS\u0130ML\u01302\u0130N1Y\u00dcZKA\u015e4<\/b><\/p>\n<p><b>1 ADET F\u0130YATIDIR<\/b><\/p>\n<\/h4>\n<p><\/p>\n","protected":false},"excerpt":{"rendered":"<p>Ka\u015f ve Y\u00fcz Epilation Aleti \u2013 Kolay Kullan\u0131ml\u0131, Portatif Shaver USB \u015earjl\u0131<\/p>\n","protected":false},"featured_media":176152,"comment_status":"open","ping_status":"closed","template":"","meta":[],"product_brand":[],"product_cat":[2204,379],"product_tag":[3386,13803,2135,4025,13070,4120,3975,13804,2511,2104,2081],"class_list":{"0":"post-176157","1":"product","2":"type-product","3":"status-publish","4":"has-post-thumbnail","6":"product_cat-epilator-ev-ya-am","7":"product_cat-ev-yasam","8":"product_tag-aleti","9":"product_tag-epilation","10":"product_tag-kas","11":"product_tag-kolay","12":"product_tag-kullanimli","13":"product_tag-portatif","14":"product_tag-sarjli","15":"product_tag-shaver","16":"product_tag-usb","17":"product_tag-ve","18":"product_tag-yuz","20":"first","21":"instock","22":"taxable","23":"shipping-taxable","24":"purchasable","25":"product-type-simple"},"_links":{"self":[{"href":"https:\/\/depodanmusteriye.com\/urunler\/wp-json\/wp\/v2\/product\/176157","targetHints":{"allow":["GET"]}}],"collection":[{"href":"https:\/\/depodanmusteriye.com\/urunler\/wp-json\/wp\/v2\/product"}],"about":[{"href":"https:\/\/depodanmusteriye.com\/urunler\/wp-json\/wp\/v2\/types\/product"}],"replies":[{"embeddable":true,"href":"https:\/\/depodanmusteriye.com\/urunler\/wp-json\/wp\/v2\/comments?post=176157"}],"version-history":[{"count":0,"href":"https:\/\/depodanmusteriye.com\/urunler\/wp-json\/wp\/v2\/product\/176157\/revisions"}],"wp:featuredmedia":[{"embeddable":true,"href":"https:\/\/depodanmusteriye.com\/urunler\/wp-json\/wp\/v2\/media\/176152"}],"wp:attachment":[{"href":"https:\/\/depodanmusteriye.com\/urunler\/wp-json\/wp\/v2\/media?parent=176157"}],"wp:term":[{"taxonomy":"product_brand","embeddable":true,"href":"https:\/\/depodanmusteriye.com\/urunler\/wp-json\/wp\/v2\/product_brand?post=176157"},{"taxonomy":"product_cat","embeddable":true,"href":"https:\/\/depodanmusteriye.com\/urunler\/wp-json\/wp\/v2\/product_cat?post=176157"},{"taxonomy":"product_tag","embeddable":true,"href":"https:\/\/depodanmusteriye.com\/urunler\/wp-json\/wp\/v2\/product_tag?post=176157"}],"curies":[{"name":"wp","href":"https:\/\/api.w.org\/{rel}","templated":true}]}}