{"id":176151,"date":"2025-12-14T19:32:39","date_gmt":"2025-12-14T19:32:39","guid":{"rendered":"https:\/\/b2b.depodanmusteriye.com\/urun\/2si-1-arada-elektrikli-epilator\/"},"modified":"2025-12-14T19:32:39","modified_gmt":"2025-12-14T19:32:39","slug":"2si-1-arada-elektrikli-epilator","status":"publish","type":"product","link":"https:\/\/depodanmusteriye.com\/urunler\/urun\/2si-1-arada-elektrikli-epilator\/","title":{"rendered":"2&#8217;si 1 Arada Elektrikli Epilat\u00f6r"},"content":{"rendered":"<h4>&nbsp;Bu kompakt epilat\u00f6r, hem dudak \u00fcst\u00fc hem \u00e7ene, yanak ve ka\u015f b\u00f6lgesindeki t\u00fcyleri a\u011fr\u0131 olmadan temizler. USB \u015farj sistemi ve hafif yap\u0131s\u0131yla seyahat dostudur.8000 RPM h\u0131z\u0131nda \u00e7al\u0131\u015f\u0131p t\u00fcyleri k\u00f6kten de\u011fil, cilt y\u00fczeyinden g\u00fcvenli \u015fekilde al\u0131r. \u00d6zellikle hassas b\u00f6lgeler i\u00e7in uygundur.Dayan\u0131kl\u0131 g\u00f6vdesi, paslanmaz \u00e7elik keskin b\u0131\u00e7aklar\u0131 ve kolay kullan\u0131m aray\u00fcz\u00fc ile hem acemi hem deneyimli kullan\u0131c\u0131lar i\u00e7in uygundur.Temizlik:Epilasyon sonras\u0131 ba\u015fl\u0131\u011f\u0131 \u00e7\u0131kar\u0131n,F\u0131r\u00e7a ile temizleyin,Gerekirse su ile durulay\u0131n,Cihaz\u0131n tamamen kurudu\u011fundan emin olun.&nbsp;&nbsp; <\/p>\n<p><b>1 adet fiyat\u0131d\u0131r<\/b> <\/p>\n<p><p><b>\u00dcretici Markas\u0131 : ZERO LAND<\/b><\/p>\n<p><b>\u00dcretici Kodu : UCZZZS\u0130ML\u01302\u0130N1Y\u00dcZKA\u015e5<\/b><\/p>\n<p><b>1 ADET F\u0130YATIDIR<\/b><\/p>\n<\/h4>\n<p><\/p>\n","protected":false},"excerpt":{"rendered":"<p>2&#8217;si 1 Arada Elektrikli Epilat\u00f6r<\/p>\n","protected":false},"featured_media":176146,"comment_status":"open","ping_status":"closed","template":"","meta":[],"product_brand":[],"product_cat":[2204,379],"product_tag":[1056,1635,1312,13500],"class_list":{"0":"post-176151","1":"product","2":"type-product","3":"status-publish","4":"has-post-thumbnail","6":"product_cat-epilator-ev-ya-am","7":"product_cat-ev-yasam","8":"product_tag-1056","9":"product_tag-arada","10":"product_tag-elektrikli","11":"product_tag-epilator","13":"first","14":"instock","15":"taxable","16":"shipping-taxable","17":"purchasable","18":"product-type-simple"},"_links":{"self":[{"href":"https:\/\/depodanmusteriye.com\/urunler\/wp-json\/wp\/v2\/product\/176151","targetHints":{"allow":["GET"]}}],"collection":[{"href":"https:\/\/depodanmusteriye.com\/urunler\/wp-json\/wp\/v2\/product"}],"about":[{"href":"https:\/\/depodanmusteriye.com\/urunler\/wp-json\/wp\/v2\/types\/product"}],"replies":[{"embeddable":true,"href":"https:\/\/depodanmusteriye.com\/urunler\/wp-json\/wp\/v2\/comments?post=176151"}],"version-history":[{"count":0,"href":"https:\/\/depodanmusteriye.com\/urunler\/wp-json\/wp\/v2\/product\/176151\/revisions"}],"wp:featuredmedia":[{"embeddable":true,"href":"https:\/\/depodanmusteriye.com\/urunler\/wp-json\/wp\/v2\/media\/176146"}],"wp:attachment":[{"href":"https:\/\/depodanmusteriye.com\/urunler\/wp-json\/wp\/v2\/media?parent=176151"}],"wp:term":[{"taxonomy":"product_brand","embeddable":true,"href":"https:\/\/depodanmusteriye.com\/urunler\/wp-json\/wp\/v2\/product_brand?post=176151"},{"taxonomy":"product_cat","embeddable":true,"href":"https:\/\/depodanmusteriye.com\/urunler\/wp-json\/wp\/v2\/product_cat?post=176151"},{"taxonomy":"product_tag","embeddable":true,"href":"https:\/\/depodanmusteriye.com\/urunler\/wp-json\/wp\/v2\/product_tag?post=176151"}],"curies":[{"name":"wp","href":"https:\/\/api.w.org\/{rel}","templated":true}]}}