{"id":175875,"date":"2025-12-14T19:21:43","date_gmt":"2025-12-14T19:21:43","guid":{"rendered":"https:\/\/b2b.depodanmusteriye.com\/urun\/mjgn769-sebze-dilimleyici-set\/"},"modified":"2025-12-14T19:21:43","modified_gmt":"2025-12-14T19:21:43","slug":"mjgn769-sebze-dilimleyici-set","status":"publish","type":"product","link":"https:\/\/depodanmusteriye.com\/urunler\/urun\/mjgn769-sebze-dilimleyici-set\/","title":{"rendered":"MJGN769-SEBZE D\u0130L\u0130MLEY\u0130C\u0130 SET"},"content":{"rendered":"<h4>Mutfakta ge\u00e7irdi\u011finiz zaman\u0131 daha verimli hale getirmek isteyenler i\u00e7in tasarlanm\u0131\u015f bu \u00e7ok i\u015flevli rende ve dilimleyici, sebze ve meyve haz\u0131rlama s\u00fcrecini b\u00fcy\u00fck \u00f6l\u00e7\u00fcde kolayla\u015ft\u0131r\u0131r. D\u00f6ner mekanizmal\u0131 yap\u0131s\u0131yla birlikte gelen b\u0131\u00e7aklar, farkl\u0131 kesim t\u00fcrleri i\u00e7in uygundur; ister ince ister kal\u0131n rendeleme, ister dilimleme ya da \u015ferit do\u011frama i\u015flemlerini pratik \u015fekilde ger\u00e7ekle\u015ftirmenizi sa\u011flar.\u00dcr\u00fcn\u00fcn alt k\u0131sm\u0131nda yer alan hazne, rendeleme ve do\u011frama i\u015flemi s\u0131ras\u0131nda yiyecekleri do\u011frudan i\u00e7ine toplar. Bu hazne ayn\u0131 zamanda s\u00fczge\u00e7 i\u015flevi g\u00f6r\u00fcr; sebzeleri y\u0131kad\u0131ktan sonra do\u011frudan i\u00e7 hazneye alabilir, suyun tahliyesini pratik bir \u015fekilde ger\u00e7ekle\u015ftirebilirsiniz. Bu sayede ek bir s\u00fczge\u00e7 kullan\u0131m\u0131na gerek kalmaz.Kaymaz taban\u0131 ve ergonomik g\u00f6vdesi, mutfakta g\u00fcvenli kullan\u0131m sunar. Yan\u0131nda gelen el koruma aparat\u0131, rende veya dilimleme s\u0131ras\u0131nda olas\u0131 kazalar\u0131n \u00f6n\u00fcne ge\u00e7erek kullan\u0131c\u0131 g\u00fcvenli\u011fini art\u0131r\u0131r. Rende b\u0131\u00e7aklar\u0131 kolayca de\u011fi\u015ftirilebilir yap\u0131dad\u0131r ve d\u00f6ner mekanizma sayesinde farkl\u0131 b\u0131\u00e7aklar\u0131 kullanmak zahmetsizdir. Hazne kolayca temizlenebilir; suya dayan\u0131kl\u0131 yap\u0131s\u0131yla elde ya da bula\u015f\u0131k makinesinde y\u0131kanabilir.Salatal\u0131k, havu\u00e7, patates, kabak gibi g\u00fcnl\u00fck kullan\u0131lan bir\u00e7ok sebzeyi cips inceli\u011finde ya da \u015ferit formunda do\u011framak m\u00fcmk\u00fcnd\u00fcr. Kompakt tasar\u0131m\u0131 sayesinde mutfa\u011f\u0131n\u0131zda fazla yer kaplamaz ve depolamas\u0131 son derece kolayd\u0131r. Bu pratik mutfak gereci, yemek haz\u0131rl\u0131klar\u0131n\u0131z\u0131 hem h\u0131zland\u0131r\u0131r hem de daha d\u00fczenli hale getirir.&nbsp; <\/p>\n<p><b>1 adet fiyat\u0131d\u0131r<\/b> <\/p>\n<p><p><b>\u00dcretici Markas\u0131 : ZERO LAND<\/b><\/p>\n<p><b>\u00dcretici Kodu : UCZZZMJGN7695<\/b><\/p>\n<p><b>1 ADET F\u0130YATIDIR<\/b><\/p>\n<\/h4>\n<p><\/p>\n","protected":false},"excerpt":{"rendered":"<p>MJGN769-SEBZE D\u0130L\u0130MLEY\u0130C\u0130 SET<\/p>\n","protected":false},"featured_media":175870,"comment_status":"open","ping_status":"closed","template":"","meta":[],"product_brand":[],"product_cat":[1025,379],"product_tag":[4056,13777,2683],"class_list":{"0":"post-175875","1":"product","2":"type-product","3":"status-publish","4":"has-post-thumbnail","6":"product_cat-dolap-ici-duzenleyici","7":"product_cat-ev-yasam","8":"product_tag-dilimleyici","9":"product_tag-mjgn769-sebze","10":"product_tag-set","12":"first","13":"instock","14":"taxable","15":"shipping-taxable","16":"purchasable","17":"product-type-simple"},"_links":{"self":[{"href":"https:\/\/depodanmusteriye.com\/urunler\/wp-json\/wp\/v2\/product\/175875","targetHints":{"allow":["GET"]}}],"collection":[{"href":"https:\/\/depodanmusteriye.com\/urunler\/wp-json\/wp\/v2\/product"}],"about":[{"href":"https:\/\/depodanmusteriye.com\/urunler\/wp-json\/wp\/v2\/types\/product"}],"replies":[{"embeddable":true,"href":"https:\/\/depodanmusteriye.com\/urunler\/wp-json\/wp\/v2\/comments?post=175875"}],"version-history":[{"count":0,"href":"https:\/\/depodanmusteriye.com\/urunler\/wp-json\/wp\/v2\/product\/175875\/revisions"}],"wp:featuredmedia":[{"embeddable":true,"href":"https:\/\/depodanmusteriye.com\/urunler\/wp-json\/wp\/v2\/media\/175870"}],"wp:attachment":[{"href":"https:\/\/depodanmusteriye.com\/urunler\/wp-json\/wp\/v2\/media?parent=175875"}],"wp:term":[{"taxonomy":"product_brand","embeddable":true,"href":"https:\/\/depodanmusteriye.com\/urunler\/wp-json\/wp\/v2\/product_brand?post=175875"},{"taxonomy":"product_cat","embeddable":true,"href":"https:\/\/depodanmusteriye.com\/urunler\/wp-json\/wp\/v2\/product_cat?post=175875"},{"taxonomy":"product_tag","embeddable":true,"href":"https:\/\/depodanmusteriye.com\/urunler\/wp-json\/wp\/v2\/product_tag?post=175875"}],"curies":[{"name":"wp","href":"https:\/\/api.w.org\/{rel}","templated":true}]}}