{"id":175623,"date":"2025-12-14T19:11:00","date_gmt":"2025-12-14T19:11:00","guid":{"rendered":"https:\/\/b2b.depodanmusteriye.com\/urun\/38w-cift-cikisli-arac-sarj-cihazi-type-c-ve-usb-pd-destekli\/"},"modified":"2025-12-14T19:11:00","modified_gmt":"2025-12-14T19:11:00","slug":"38w-cift-cikisli-arac-sarj-cihazi-type-c-ve-usb-pd-destekli","status":"publish","type":"product","link":"https:\/\/depodanmusteriye.com\/urunler\/urun\/38w-cift-cikisli-arac-sarj-cihazi-type-c-ve-usb-pd-destekli\/","title":{"rendered":"38W \u00c7ift \u00c7\u0131k\u0131\u015fl\u0131 Ara\u00e7 \u015earj Cihaz\u0131 \u2013 Type-C ve USB PD Destekli"},"content":{"rendered":"<h4>38W\/3A g\u00fc\u00e7 \u00e7\u0131k\u0131\u015f\u0131yla donat\u0131lm\u0131\u015f bu ara\u00e7 \u015farj cihaz\u0131, mobil cihazlar\u0131n\u0131z\u0131 seyahat halindeyken h\u0131zl\u0131 ve verimli bir \u015fekilde \u015farj etmeniz i\u00e7in ideal bir \u00e7\u00f6z\u00fcmd\u00fcr. \u00dczerindeki 1 adet Type-C ve 1 adet USB portu sayesinde ayn\u0131 anda iki farkl\u0131 cihaz\u0131 destekleyerek zaman kazand\u0131r\u0131r. \u00d6zellikle uzun yolculuklarda hem telefonunuzu hem de yol arkada\u015f\u0131n\u0131z\u0131n cihaz\u0131n\u0131 e\u015fzamanl\u0131 \u015farj edebilmek b\u00fcy\u00fck kolayl\u0131k sa\u011flar.<\/p>\n<p>Type-C portu, Power Delivery (PD) teknolojisiyle donat\u0131lm\u0131\u015ft\u0131r ve bu sayede cihazlara ihtiya\u00e7 duyduklar\u0131 g\u00fcc\u00fc dinamik olarak sa\u011flar. \u00c7ift y\u00f6nl\u00fc enerji aktar\u0131m\u0131 sayesinde PD uyumlu iki cihaz ba\u011fland\u0131\u011f\u0131nda biri di\u011ferini \u015farj edebilir. Kompakt yap\u0131s\u0131 ve ergonomik tasar\u0131m\u0131yla ara\u00e7 i\u00e7i alan\u0131 daraltmaz, sade g\u00f6r\u00fcn\u00fcm\u00fcyle modern ara\u00e7 i\u00e7i esteti\u011fine uyum sa\u011flar. <\/p>\n<p><b>1 adet fiyat\u0131d\u0131r<\/b> <\/p>\n<p><p><b>\u00dcretici Markas\u0131 : ZERO LAND<\/b><\/p>\n<p><b>\u00dcretici Kodu : XUCZPG38\u015eARJC\u0130HAZIIIIIII<\/b><\/p>\n<p><b>1 ADET F\u0130YATIDIR<\/b><\/p>\n<\/h4>\n<p><\/p>\n","protected":false},"excerpt":{"rendered":"<p>38W \u00c7ift \u00c7\u0131k\u0131\u015fl\u0131 Ara\u00e7 \u015earj Cihaz\u0131 \u2013 Type-C ve USB PD Destekli<\/p>\n","protected":false},"featured_media":175618,"comment_status":"open","ping_status":"closed","template":"","meta":[],"product_brand":[],"product_cat":[374,460],"product_tag":[13731,3278,1747,2756,1877,3695,3596,2755,1952,2511,2104],"class_list":{"0":"post-175623","1":"product","2":"type-product","3":"status-publish","4":"has-post-thumbnail","6":"product_cat-mobil-aksesuar","7":"product_cat-arj-aleti","8":"product_tag-38w","9":"product_tag-arac","10":"product_tag-cift","11":"product_tag-cihazi","12":"product_tag-cikisli","13":"product_tag-destekli","14":"product_tag-pd","15":"product_tag-sarj","16":"product_tag-type-c","17":"product_tag-usb","18":"product_tag-ve","20":"first","21":"instock","22":"taxable","23":"shipping-taxable","24":"purchasable","25":"product-type-simple"},"_links":{"self":[{"href":"https:\/\/depodanmusteriye.com\/urunler\/wp-json\/wp\/v2\/product\/175623","targetHints":{"allow":["GET"]}}],"collection":[{"href":"https:\/\/depodanmusteriye.com\/urunler\/wp-json\/wp\/v2\/product"}],"about":[{"href":"https:\/\/depodanmusteriye.com\/urunler\/wp-json\/wp\/v2\/types\/product"}],"replies":[{"embeddable":true,"href":"https:\/\/depodanmusteriye.com\/urunler\/wp-json\/wp\/v2\/comments?post=175623"}],"version-history":[{"count":0,"href":"https:\/\/depodanmusteriye.com\/urunler\/wp-json\/wp\/v2\/product\/175623\/revisions"}],"wp:featuredmedia":[{"embeddable":true,"href":"https:\/\/depodanmusteriye.com\/urunler\/wp-json\/wp\/v2\/media\/175618"}],"wp:attachment":[{"href":"https:\/\/depodanmusteriye.com\/urunler\/wp-json\/wp\/v2\/media?parent=175623"}],"wp:term":[{"taxonomy":"product_brand","embeddable":true,"href":"https:\/\/depodanmusteriye.com\/urunler\/wp-json\/wp\/v2\/product_brand?post=175623"},{"taxonomy":"product_cat","embeddable":true,"href":"https:\/\/depodanmusteriye.com\/urunler\/wp-json\/wp\/v2\/product_cat?post=175623"},{"taxonomy":"product_tag","embeddable":true,"href":"https:\/\/depodanmusteriye.com\/urunler\/wp-json\/wp\/v2\/product_tag?post=175623"}],"curies":[{"name":"wp","href":"https:\/\/api.w.org\/{rel}","templated":true}]}}