{"id":175611,"date":"2025-12-14T19:10:27","date_gmt":"2025-12-14T19:10:27","guid":{"rendered":"https:\/\/b2b.depodanmusteriye.com\/urun\/3a-guc-kapasiteli-usb-type-c-cakmaklik-sarj-adaptoru\/"},"modified":"2025-12-14T19:10:27","modified_gmt":"2025-12-14T19:10:27","slug":"3a-guc-kapasiteli-usb-type-c-cakmaklik-sarj-adaptoru","status":"publish","type":"product","link":"https:\/\/depodanmusteriye.com\/urunler\/urun\/3a-guc-kapasiteli-usb-type-c-cakmaklik-sarj-adaptoru\/","title":{"rendered":"3A G\u00fc\u00e7 Kapasiteli USB &amp; Type-C \u00c7akmakl\u0131k \u015earj Adapt\u00f6r\u00fc"},"content":{"rendered":"<h4>38W g\u00fcc\u00fcndeki bu ara\u00e7 \u015farj cihaz\u0131, yaln\u0131zca h\u0131zl\u0131 de\u011fil, ayn\u0131 zamanda g\u00fcvenilir bir \u015farj deneyimi sunmak i\u00e7in geli\u015ftirilmi\u015ftir. Kaliteli malzeme kullan\u0131m\u0131, darbelere ve \u0131s\u0131nmaya kar\u015f\u0131 y\u00fcksek diren\u00e7 sa\u011flar. Bu \u00f6zellik, \u00fcr\u00fcn\u00fcn uzun y\u0131llar boyunca g\u00fcvenle kullan\u0131lmas\u0131n\u0131 garanti eder.<\/p>\n<p>1 adet USB ve 1 adet Type-C \u00e7\u0131k\u0131\u015f\u0131yla farkl\u0131 cihazlar\u0131 ayn\u0131 anda \u015farj etmenize imk\u00e2n verir. Power Delivery (PD) teknolojisi destekli Type-C portu, cihazlar\u0131n ihtiyac\u0131na g\u00f6re enerji \u00e7\u0131k\u0131\u015f\u0131n\u0131 optimize eder. Kompakt boyutlar\u0131 sayesinde \u00e7akmakl\u0131k b\u00f6lgesine rahat\u00e7a yerle\u015ftirilir ve yolculuk s\u0131ras\u0131nda size engel olmaz. Hem i\u015flevsel hem estetik bir ara\u00e7 \u015farj \u00e7\u00f6z\u00fcm\u00fcd\u00fcr. <\/p>\n<p><b>1 adet fiyat\u0131d\u0131r<\/b> <\/p>\n<p><p><b>\u00dcretici Markas\u0131 : ZERO LAND<\/b><\/p>\n<p><b>\u00dcretici Kodu : XUCZPG38\u015eARJC\u0130HAZIIIIIII2<\/b><\/p>\n<p><b>1 ADET F\u0130YATIDIR<\/b><\/p>\n<\/h4>\n<p><\/p>\n","protected":false},"excerpt":{"rendered":"<p>3A G\u00fc\u00e7 Kapasiteli USB &amp; Type-C \u00c7akmakl\u0131k \u015earj Adapt\u00f6r\u00fc<\/p>\n","protected":false},"featured_media":175606,"comment_status":"open","ping_status":"closed","template":"","meta":[],"product_brand":[],"product_cat":[374,460],"product_tag":[3589,4112,13351,4022,4059,2755,1952,2511],"class_list":{"0":"post-175611","1":"product","2":"type-product","3":"status-publish","4":"has-post-thumbnail","6":"product_cat-mobil-aksesuar","7":"product_cat-arj-aleti","8":"product_tag-3a","9":"product_tag-adaptoru","10":"product_tag-cakmaklik","11":"product_tag-guc","12":"product_tag-kapasiteli","13":"product_tag-sarj","14":"product_tag-type-c","15":"product_tag-usb","17":"first","18":"instock","19":"taxable","20":"shipping-taxable","21":"purchasable","22":"product-type-simple"},"_links":{"self":[{"href":"https:\/\/depodanmusteriye.com\/urunler\/wp-json\/wp\/v2\/product\/175611","targetHints":{"allow":["GET"]}}],"collection":[{"href":"https:\/\/depodanmusteriye.com\/urunler\/wp-json\/wp\/v2\/product"}],"about":[{"href":"https:\/\/depodanmusteriye.com\/urunler\/wp-json\/wp\/v2\/types\/product"}],"replies":[{"embeddable":true,"href":"https:\/\/depodanmusteriye.com\/urunler\/wp-json\/wp\/v2\/comments?post=175611"}],"version-history":[{"count":0,"href":"https:\/\/depodanmusteriye.com\/urunler\/wp-json\/wp\/v2\/product\/175611\/revisions"}],"wp:featuredmedia":[{"embeddable":true,"href":"https:\/\/depodanmusteriye.com\/urunler\/wp-json\/wp\/v2\/media\/175606"}],"wp:attachment":[{"href":"https:\/\/depodanmusteriye.com\/urunler\/wp-json\/wp\/v2\/media?parent=175611"}],"wp:term":[{"taxonomy":"product_brand","embeddable":true,"href":"https:\/\/depodanmusteriye.com\/urunler\/wp-json\/wp\/v2\/product_brand?post=175611"},{"taxonomy":"product_cat","embeddable":true,"href":"https:\/\/depodanmusteriye.com\/urunler\/wp-json\/wp\/v2\/product_cat?post=175611"},{"taxonomy":"product_tag","embeddable":true,"href":"https:\/\/depodanmusteriye.com\/urunler\/wp-json\/wp\/v2\/product_tag?post=175611"}],"curies":[{"name":"wp","href":"https:\/\/api.w.org\/{rel}","templated":true}]}}