{"id":175605,"date":"2025-12-14T19:10:11","date_gmt":"2025-12-14T19:10:11","guid":{"rendered":"https:\/\/b2b.depodanmusteriye.com\/urun\/arac-cakmak-girisli-38w-hizli-sarj-aleti-iki-cihaz-destekli\/"},"modified":"2025-12-14T19:10:11","modified_gmt":"2025-12-14T19:10:11","slug":"arac-cakmak-girisli-38w-hizli-sarj-aleti-iki-cihaz-destekli","status":"publish","type":"product","link":"https:\/\/depodanmusteriye.com\/urunler\/urun\/arac-cakmak-girisli-38w-hizli-sarj-aleti-iki-cihaz-destekli\/","title":{"rendered":"Ara\u00e7 \u00c7akmak Giri\u015fli 38W H\u0131zl\u0131 \u015earj Aleti \u2013 \u0130ki Cihaz Destekli"},"content":{"rendered":"<h4>Ara\u00e7 i\u00e7inde kablo karma\u015fas\u0131na son vermek ve cihazlar\u0131n\u0131z\u0131 pratik bir \u015fekilde \u015farj edebilmek i\u00e7in tasarlanm\u0131\u015f bu kompakt ara\u00e7 \u015farj cihaz\u0131, 38W g\u00fc\u00e7 kapasitesiyle y\u00fcksek performans sa\u011flar. Type-C ve USB portlar\u0131n\u0131n ayn\u0131 anda \u00e7al\u0131\u015fabilmesi sayesinde hem size hem yolcuya kesintisiz enerji sunar.<\/p>\n<p>Ergonomik yap\u0131s\u0131yla ara\u00e7 i\u00e7inde fazla yer kaplamaz, sade ve modern g\u00f6r\u00fcn\u00fcm\u00fcyle estetik bir uyum sa\u011flar. Power Delivery destekli Type-C \u00e7\u0131k\u0131\u015f\u0131, cihazlar\u0131 daha k\u0131sa s\u00fcrede \u015farj ederken, enerji verimlili\u011fini de art\u0131r\u0131r. Pratik yap\u0131s\u0131 sayesinde tak-\u00e7al\u0131\u015ft\u0131r kolayl\u0131\u011f\u0131nda kullan\u0131m sunar. <\/p>\n<p><b>1 adet fiyat\u0131d\u0131r<\/b> <\/p>\n<p><p><b>\u00dcretici Markas\u0131 : ZERO LAND<\/b><\/p>\n<p><b>\u00dcretici Kodu : XUCZPG38\u015eARJC\u0130HAZIIIIIII3<\/b><\/p>\n<p><b>1 ADET F\u0130YATIDIR<\/b><\/p>\n<\/h4>\n<p><\/p>\n","protected":false},"excerpt":{"rendered":"<p>Ara\u00e7 \u00c7akmak Giri\u015fli 38W H\u0131zl\u0131 \u015earj Aleti \u2013 \u0130ki Cihaz Destekli<\/p>\n","protected":false},"featured_media":175600,"comment_status":"open","ping_status":"closed","template":"","meta":[],"product_brand":[],"product_cat":[374,460],"product_tag":[13731,3386,3278,4024,4004,3695,4082,1825,1913,2755],"class_list":{"0":"post-175605","1":"product","2":"type-product","3":"status-publish","4":"has-post-thumbnail","6":"product_cat-mobil-aksesuar","7":"product_cat-arj-aleti","8":"product_tag-38w","9":"product_tag-aleti","10":"product_tag-arac","11":"product_tag-cakmak","12":"product_tag-cihaz","13":"product_tag-destekli","14":"product_tag-girisli","15":"product_tag-hizli","16":"product_tag-iki","17":"product_tag-sarj","19":"first","20":"instock","21":"taxable","22":"shipping-taxable","23":"purchasable","24":"product-type-simple"},"_links":{"self":[{"href":"https:\/\/depodanmusteriye.com\/urunler\/wp-json\/wp\/v2\/product\/175605","targetHints":{"allow":["GET"]}}],"collection":[{"href":"https:\/\/depodanmusteriye.com\/urunler\/wp-json\/wp\/v2\/product"}],"about":[{"href":"https:\/\/depodanmusteriye.com\/urunler\/wp-json\/wp\/v2\/types\/product"}],"replies":[{"embeddable":true,"href":"https:\/\/depodanmusteriye.com\/urunler\/wp-json\/wp\/v2\/comments?post=175605"}],"version-history":[{"count":0,"href":"https:\/\/depodanmusteriye.com\/urunler\/wp-json\/wp\/v2\/product\/175605\/revisions"}],"wp:featuredmedia":[{"embeddable":true,"href":"https:\/\/depodanmusteriye.com\/urunler\/wp-json\/wp\/v2\/media\/175600"}],"wp:attachment":[{"href":"https:\/\/depodanmusteriye.com\/urunler\/wp-json\/wp\/v2\/media?parent=175605"}],"wp:term":[{"taxonomy":"product_brand","embeddable":true,"href":"https:\/\/depodanmusteriye.com\/urunler\/wp-json\/wp\/v2\/product_brand?post=175605"},{"taxonomy":"product_cat","embeddable":true,"href":"https:\/\/depodanmusteriye.com\/urunler\/wp-json\/wp\/v2\/product_cat?post=175605"},{"taxonomy":"product_tag","embeddable":true,"href":"https:\/\/depodanmusteriye.com\/urunler\/wp-json\/wp\/v2\/product_tag?post=175605"}],"curies":[{"name":"wp","href":"https:\/\/api.w.org\/{rel}","templated":true}]}}