{"id":175587,"date":"2025-12-14T19:09:21","date_gmt":"2025-12-14T19:09:21","guid":{"rendered":"https:\/\/b2b.depodanmusteriye.com\/urun\/bluetooth-5-2-kablolu-makarali-kulaklik-dijital-ekran-ve-titresimli-bildirim\/"},"modified":"2025-12-14T19:09:21","modified_gmt":"2025-12-14T19:09:21","slug":"bluetooth-5-2-kablolu-makarali-kulaklik-dijital-ekran-ve-titresimli-bildirim","status":"publish","type":"product","link":"https:\/\/depodanmusteriye.com\/urunler\/urun\/bluetooth-5-2-kablolu-makarali-kulaklik-dijital-ekran-ve-titresimli-bildirim\/","title":{"rendered":"Bluetooth\u00a05.2 Kablolu Makaral\u0131 Kulakl\u0131k | Dijital Ekran ve Titre\u015fimli Bildirim"},"content":{"rendered":"<h4>Bu Bluetooth\u00a05.2 destekli kablolu kulakl\u0131k, ayn\u0131 anda iki cihaza ba\u011flanabilme \u00f6zelli\u011fiyle i\u015f ve e\u011flence aras\u0131nda ge\u00e7i\u015f yaparken b\u00fcy\u00fck kolayl\u0131k sa\u011flar. Bluetooth ba\u011flant\u0131l\u0131 cihaz\u0131n\u0131z\u0131n d\u0131\u015f\u0131nda microSD kart deste\u011fi ile kablosuz ba\u011flant\u0131ya ihtiya\u00e7 duymadan m\u00fczik dinleyebilirsiniz. Dijital ekran\u0131, ba\u011flant\u0131 durumu ve batarya seviyesini net \u015fekilde g\u00f6sterir.<\/p>\n<p>Titre\u015fimli bildirim sistemi sayesinde gelen aramalar ve mesajlar kullan\u0131c\u0131y\u0131 an\u0131nda uyar\u0131r. \u0130\u00e7i sar\u0131labilen makaral\u0131 kablo tasar\u0131m\u0131, kullan\u0131m esnas\u0131nda d\u00fczen sa\u011flar ve kablo kar\u0131\u015f\u0131kl\u0131\u011f\u0131n\u0131 \u00f6nler. Yaka klipsi ile kulakl\u0131\u011f\u0131n\u0131z\u0131 kolayca sabitleyebilirsiniz. 140\u202fmAh bataryas\u0131, 20 saate kadar m\u00fczik ve \u00e7a\u011fr\u0131 s\u00fcresi sunar ve sadece 20 dakikal\u0131k \u015farj ile tekrar kullan\u0131ma haz\u0131r hale gelir. USB Type\u2011C \u015farj deste\u011fi ile h\u0131zl\u0131 ve g\u00fcvenilir kullan\u0131m sa\u011flar.<\/p>\n<p>Dinamik s\u00fcr\u00fcc\u00fcleri sayesinde HD ses kalitesi, y\u00fcksek g\u00fcr\u00fclt\u00fc engelleme sayesinde d\u0131\u015f seslerden izole bir deneyim sunar. Fonksiyon tu\u015flar\u0131yla \u015fark\u0131 kontrol\u00fcnden kamera komutlar\u0131na kadar pratik kullan\u0131m sa\u011flar. Bu kulakl\u0131k, verimlilik ve \u00e7oklu kullan\u0131m arayanlar i\u00e7in ideal bir \u00e7\u00f6z\u00fcmd\u00fcr. <\/p>\n<p><b>1 adet fiyat\u0131d\u0131r<\/b> <\/p>\n<p><p><b>\u00dcretici Markas\u0131 : ZERO LAND<\/b><\/p>\n<p><b>\u00dcretici Kodu : XUCZPG20KULAKLIKKKKK<\/b><\/p>\n<p><b>1 ADET F\u0130YATIDIR<\/b><\/p>\n<\/h4>\n<p><\/p>\n","protected":false},"excerpt":{"rendered":"<p>Bluetooth\u00a05.2 Kablolu Makaral\u0131 Kulakl\u0131k | Dijital Ekran ve Titre\u015fimli Bildirim<\/p>\n","protected":false},"featured_media":175582,"comment_status":"open","ping_status":"closed","template":"","meta":[],"product_brand":[],"product_cat":[494,374],"product_tag":[13633,13726,3443,2774,1953,1641,13728,4217,2104],"class_list":{"0":"post-175587","1":"product","2":"type-product","3":"status-publish","4":"has-post-thumbnail","6":"product_cat-kulak-ici-tws-bluetooth-kulaklik","7":"product_cat-mobil-aksesuar","8":"product_tag-bildirim","9":"product_tag-bluetooth-5-2","10":"product_tag-dijital","11":"product_tag-ekran","12":"product_tag-kablolu","13":"product_tag-kulaklik","14":"product_tag-makarali","15":"product_tag-titresimli","16":"product_tag-ve","18":"first","19":"instock","20":"taxable","21":"shipping-taxable","22":"purchasable","23":"product-type-simple"},"_links":{"self":[{"href":"https:\/\/depodanmusteriye.com\/urunler\/wp-json\/wp\/v2\/product\/175587","targetHints":{"allow":["GET"]}}],"collection":[{"href":"https:\/\/depodanmusteriye.com\/urunler\/wp-json\/wp\/v2\/product"}],"about":[{"href":"https:\/\/depodanmusteriye.com\/urunler\/wp-json\/wp\/v2\/types\/product"}],"replies":[{"embeddable":true,"href":"https:\/\/depodanmusteriye.com\/urunler\/wp-json\/wp\/v2\/comments?post=175587"}],"version-history":[{"count":0,"href":"https:\/\/depodanmusteriye.com\/urunler\/wp-json\/wp\/v2\/product\/175587\/revisions"}],"wp:featuredmedia":[{"embeddable":true,"href":"https:\/\/depodanmusteriye.com\/urunler\/wp-json\/wp\/v2\/media\/175582"}],"wp:attachment":[{"href":"https:\/\/depodanmusteriye.com\/urunler\/wp-json\/wp\/v2\/media?parent=175587"}],"wp:term":[{"taxonomy":"product_brand","embeddable":true,"href":"https:\/\/depodanmusteriye.com\/urunler\/wp-json\/wp\/v2\/product_brand?post=175587"},{"taxonomy":"product_cat","embeddable":true,"href":"https:\/\/depodanmusteriye.com\/urunler\/wp-json\/wp\/v2\/product_cat?post=175587"},{"taxonomy":"product_tag","embeddable":true,"href":"https:\/\/depodanmusteriye.com\/urunler\/wp-json\/wp\/v2\/product_tag?post=175587"}],"curies":[{"name":"wp","href":"https:\/\/api.w.org\/{rel}","templated":true}]}}