{"id":175581,"date":"2025-12-14T19:09:03","date_gmt":"2025-12-14T19:09:03","guid":{"rendered":"https:\/\/b2b.depodanmusteriye.com\/urun\/hafiza-karti-destekli-bluetooth-5-2-kulaklik-iki-cihaza-baglanma-ozelligi\/"},"modified":"2025-12-14T19:09:03","modified_gmt":"2025-12-14T19:09:03","slug":"hafiza-karti-destekli-bluetooth-5-2-kulaklik-iki-cihaza-baglanma-ozelligi","status":"publish","type":"product","link":"https:\/\/depodanmusteriye.com\/urunler\/urun\/hafiza-karti-destekli-bluetooth-5-2-kulaklik-iki-cihaza-baglanma-ozelligi\/","title":{"rendered":"Haf\u0131za Kart\u0131 Destekli Bluetooth\u00a05.2 Kulakl\u0131k \u2013 \u0130ki Cihaza Ba\u011flanma \u00d6zelli\u011fi"},"content":{"rendered":"<h4>HD ses kalitesi sunan bu Bluetooth\u00a05.2 kulakl\u0131k, dinamik s\u00fcr\u00fcc\u00fcleri ve y\u00fcksek g\u00fcr\u00fclt\u00fc engelleme teknolojisiyle d\u0131\u015f ortam g\u00fcr\u00fclt\u00fcs\u00fcn\u00fc izole eder. Telefon g\u00f6r\u00fc\u015fmeleriniz ve m\u00fczikleriniz do\u011fal, net ve dengeli bir \u015fekilde duyulur. Ayn\u0131 anda hem Bluetooth ba\u011flant\u0131l\u0131 cihazdan hem de haf\u0131za kart\u0131ndan m\u00fczik \u00e7alabilme \u00f6zelli\u011fi sayesinde esneklik sunar.<\/p>\n<p>Dijital ekran \u00fczerinden pil seviyesi ve cihaz ba\u011flant\u0131s\u0131 kolayca takip edilir. Titre\u015fimli bildirim sistemi, \u00e7a\u011fr\u0131 ya da mesaj an\u0131nda kullan\u0131c\u0131y\u0131 uyar\u0131r ve hi\u00e7bir \u00f6nemli iletiyi ka\u00e7\u0131rmazs\u0131n\u0131z. Makaral\u0131 kablo ve yaka klipsiyle ta\u015f\u0131may\u0131 ve kullan\u0131m\u0131 daha pratik hale getirir.<\/p>\n<p>20 saatlik kullan\u0131m s\u00fcresi, 20 dakikal\u0131k h\u0131zl\u0131 \u015farj s\u00fcresi ve Type\u2011C giri\u015fi sayesinde kullan\u0131m kolayl\u0131\u011f\u0131 sa\u011flar. Hem m\u00fczik tutkunlar\u0131 hem de s\u0131k g\u00f6r\u00fc\u015fme yapan kullan\u0131c\u0131lar i\u00e7in y\u00fcksek ses ve netlik sunan kablosuz bir \u00e7\u00f6z\u00fcm sunar. <\/p>\n<p><b>1 adet fiyat\u0131d\u0131r<\/b> <\/p>\n<p><p><b>\u00dcretici Markas\u0131 : ZERO LAND<\/b><\/p>\n<p><b>\u00dcretici Kodu : XUCZPG20KULAKLIKKKKK1<\/b><\/p>\n<p><b>1 ADET F\u0130YATIDIR<\/b><\/p>\n<\/h4>\n<p><\/p>\n","protected":false},"excerpt":{"rendered":"<p>Haf\u0131za Kart\u0131 Destekli Bluetooth\u00a05.2 Kulakl\u0131k \u2013 \u0130ki Cihaza Ba\u011flanma \u00d6zelli\u011fi<\/p>\n","protected":false},"featured_media":175576,"comment_status":"open","ping_status":"closed","template":"","meta":[],"product_brand":[],"product_cat":[494,374],"product_tag":[13730,13726,13729,3695,4068,1913,2106,1641,13447],"class_list":{"0":"post-175581","1":"product","2":"type-product","3":"status-publish","4":"has-post-thumbnail","6":"product_cat-kulak-ici-tws-bluetooth-kulaklik","7":"product_cat-mobil-aksesuar","8":"product_tag-baglanma","9":"product_tag-bluetooth-5-2","10":"product_tag-cihaza","11":"product_tag-destekli","12":"product_tag-hafiza","13":"product_tag-iki","14":"product_tag-karti","15":"product_tag-kulaklik","16":"product_tag-ozelligi","18":"first","19":"instock","20":"taxable","21":"shipping-taxable","22":"purchasable","23":"product-type-simple"},"_links":{"self":[{"href":"https:\/\/depodanmusteriye.com\/urunler\/wp-json\/wp\/v2\/product\/175581","targetHints":{"allow":["GET"]}}],"collection":[{"href":"https:\/\/depodanmusteriye.com\/urunler\/wp-json\/wp\/v2\/product"}],"about":[{"href":"https:\/\/depodanmusteriye.com\/urunler\/wp-json\/wp\/v2\/types\/product"}],"replies":[{"embeddable":true,"href":"https:\/\/depodanmusteriye.com\/urunler\/wp-json\/wp\/v2\/comments?post=175581"}],"version-history":[{"count":0,"href":"https:\/\/depodanmusteriye.com\/urunler\/wp-json\/wp\/v2\/product\/175581\/revisions"}],"wp:featuredmedia":[{"embeddable":true,"href":"https:\/\/depodanmusteriye.com\/urunler\/wp-json\/wp\/v2\/media\/175576"}],"wp:attachment":[{"href":"https:\/\/depodanmusteriye.com\/urunler\/wp-json\/wp\/v2\/media?parent=175581"}],"wp:term":[{"taxonomy":"product_brand","embeddable":true,"href":"https:\/\/depodanmusteriye.com\/urunler\/wp-json\/wp\/v2\/product_brand?post=175581"},{"taxonomy":"product_cat","embeddable":true,"href":"https:\/\/depodanmusteriye.com\/urunler\/wp-json\/wp\/v2\/product_cat?post=175581"},{"taxonomy":"product_tag","embeddable":true,"href":"https:\/\/depodanmusteriye.com\/urunler\/wp-json\/wp\/v2\/product_tag?post=175581"}],"curies":[{"name":"wp","href":"https:\/\/api.w.org\/{rel}","templated":true}]}}