{"id":175575,"date":"2025-12-14T19:08:44","date_gmt":"2025-12-14T19:08:44","guid":{"rendered":"https:\/\/b2b.depodanmusteriye.com\/urun\/20-saatlik-kullanim-sureli-kulaklik-gurultu-engelleme-ve-titresimli-uyari\/"},"modified":"2025-12-14T19:08:44","modified_gmt":"2025-12-14T19:08:44","slug":"20-saatlik-kullanim-sureli-kulaklik-gurultu-engelleme-ve-titresimli-uyari","status":"publish","type":"product","link":"https:\/\/depodanmusteriye.com\/urunler\/urun\/20-saatlik-kullanim-sureli-kulaklik-gurultu-engelleme-ve-titresimli-uyari\/","title":{"rendered":"20 Saatlik Kullan\u0131m S\u00fcreli Kulakl\u0131k | G\u00fcr\u00fclt\u00fc Engelleme ve Titre\u015fimli Uyar\u0131"},"content":{"rendered":"<h4>I\u00e7i sar\u0131labilir kablo tasar\u0131m\u0131 ve makaral\u0131 sistemiyle bu kulakl\u0131k, kar\u015f\u0131la\u015f\u0131lan kablo karma\u015fas\u0131n\u0131 pratik \u015fekilde \u00e7\u00f6zer. Yaka klipsi ile sabitleme kolayl\u0131\u011f\u0131 sunar ve ta\u015f\u0131ma s\u0131ras\u0131nda d\u00fczeni korur. Bluetooth\u00a05.2 teknolojisi ile stabil ba\u011flant\u0131 sa\u011flar ve ayn\u0131 anda iki cihaza e\u015f zamanl\u0131 ba\u011flanabilirsiniz.<\/p>\n<p>Digital ekran, ba\u011flant\u0131 durumu ve batarya seviyesini h\u0131zl\u0131ca g\u00f6r\u00fcnt\u00fclemenizi sa\u011flar. Titre\u015fimli bildirim \u00f6zelli\u011fiyle \u00e7a\u011fr\u0131 ya da mesaj geldi\u011finde an\u0131nda bilgi al\u0131rs\u0131n\u0131z. Haf\u0131za kart\u0131 deste\u011fiyle m\u00fczikleri do\u011frudan kulakl\u0131kta depolayabilir, kablosuz ba\u011flant\u0131 d\u0131\u015f\u0131nda da kullan\u0131m yapabilirsiniz.<\/p>\n<p>\u015earj s\u00fcresi yaln\u0131zca 20 dakika olup, bataryas\u0131 20 saat kullan\u0131m sunarken Type\u2011C giri\u015fi h\u0131zl\u0131 \u015farj \u00f6zelli\u011fi sa\u011flar. Hafif ve ergonomik yap\u0131s\u0131yla hem g\u00fcnl\u00fck hem seyahat kullan\u0131m\u0131nda ideal bir se\u00e7enektir. <\/p>\n<p><b>1 adet fiyat\u0131d\u0131r<\/b> <\/p>\n<p><p><b>\u00dcretici Markas\u0131 : ZERO LAND<\/b><\/p>\n<p><b>\u00dcretici Kodu : XUCZPG20KULAKLIKKKKK2<\/b><\/p>\n<p><b>1 ADET F\u0130YATIDIR<\/b><\/p>\n<\/h4>\n<p><\/p>\n","protected":false},"excerpt":{"rendered":"<p>20 Saatlik Kullan\u0131m S\u00fcreli Kulakl\u0131k | G\u00fcr\u00fclt\u00fc Engelleme ve Titre\u015fimli Uyar\u0131<\/p>\n","protected":false},"featured_media":175570,"comment_status":"open","ping_status":"closed","template":"","meta":[],"product_brand":[],"product_cat":[494,374],"product_tag":[13473,9196,1641,4182,13155,4256,4217,7203,2104],"class_list":{"0":"post-175575","1":"product","2":"type-product","3":"status-publish","4":"has-post-thumbnail","6":"product_cat-kulak-ici-tws-bluetooth-kulaklik","7":"product_cat-mobil-aksesuar","8":"product_tag-engelleme","9":"product_tag-gurultu","10":"product_tag-kulaklik","11":"product_tag-kullanim","12":"product_tag-saatlik","13":"product_tag-sureli","14":"product_tag-titresimli","15":"product_tag-uyari","16":"product_tag-ve","18":"first","19":"instock","20":"taxable","21":"shipping-taxable","22":"purchasable","23":"product-type-simple"},"_links":{"self":[{"href":"https:\/\/depodanmusteriye.com\/urunler\/wp-json\/wp\/v2\/product\/175575","targetHints":{"allow":["GET"]}}],"collection":[{"href":"https:\/\/depodanmusteriye.com\/urunler\/wp-json\/wp\/v2\/product"}],"about":[{"href":"https:\/\/depodanmusteriye.com\/urunler\/wp-json\/wp\/v2\/types\/product"}],"replies":[{"embeddable":true,"href":"https:\/\/depodanmusteriye.com\/urunler\/wp-json\/wp\/v2\/comments?post=175575"}],"version-history":[{"count":0,"href":"https:\/\/depodanmusteriye.com\/urunler\/wp-json\/wp\/v2\/product\/175575\/revisions"}],"wp:featuredmedia":[{"embeddable":true,"href":"https:\/\/depodanmusteriye.com\/urunler\/wp-json\/wp\/v2\/media\/175570"}],"wp:attachment":[{"href":"https:\/\/depodanmusteriye.com\/urunler\/wp-json\/wp\/v2\/media?parent=175575"}],"wp:term":[{"taxonomy":"product_brand","embeddable":true,"href":"https:\/\/depodanmusteriye.com\/urunler\/wp-json\/wp\/v2\/product_brand?post=175575"},{"taxonomy":"product_cat","embeddable":true,"href":"https:\/\/depodanmusteriye.com\/urunler\/wp-json\/wp\/v2\/product_cat?post=175575"},{"taxonomy":"product_tag","embeddable":true,"href":"https:\/\/depodanmusteriye.com\/urunler\/wp-json\/wp\/v2\/product_tag?post=175575"}],"curies":[{"name":"wp","href":"https:\/\/api.w.org\/{rel}","templated":true}]}}