{"id":175569,"date":"2025-12-14T19:08:27","date_gmt":"2025-12-14T19:08:27","guid":{"rendered":"https:\/\/b2b.depodanmusteriye.com\/urun\/dijital-ekranli-ve-hizli-sarjli-bluetooth-5-2-makarali-kulaklik\/"},"modified":"2025-12-14T19:08:27","modified_gmt":"2025-12-14T19:08:27","slug":"dijital-ekranli-ve-hizli-sarjli-bluetooth-5-2-makarali-kulaklik","status":"publish","type":"product","link":"https:\/\/depodanmusteriye.com\/urunler\/urun\/dijital-ekranli-ve-hizli-sarjli-bluetooth-5-2-makarali-kulaklik\/","title":{"rendered":"Dijital Ekranl\u0131 ve H\u0131zl\u0131 \u015earjl\u0131 Bluetooth\u202f5.2 Makaral\u0131 Kulakl\u0131k"},"content":{"rendered":"<h4>Bu Bluetooth\u00a05.2 kulakl\u0131k, 140\u202fmAh kapasiteli g\u00fc\u00e7l\u00fc bataryas\u0131 ile 20 saate kadar m\u00fczik veya g\u00f6r\u00fc\u015fme imkan\u0131 sunar. Sadece 20 dakikal\u0131k h\u0131zl\u0131 \u015farj ile yeniden kullan\u0131ma haz\u0131r hale gelir. USB Type\u2011C \u015farj giri\u015fi, g\u00fcn\u00fcm\u00fcz cihaz yap\u0131s\u0131na uygun, h\u0131zl\u0131 ve g\u00fcvenli bir deneyim sa\u011flar.<\/p>\n<p>Dijital ekran\u0131ndan kalan batarya s\u00fcresini ve ba\u011flant\u0131 durumunu kolayca takip edebilirsiniz. Titre\u015fimli sistem, gelen aramalar\u0131 size fiziksel olarak iletir ve \u00f6nemli ileti\u015fimleri ka\u00e7\u0131rman\u0131z\u0131 \u00f6nler. Bluetooth ve haf\u0131za kart\u0131 ile \u00e7ift mod kullan\u0131m sa\u011flar.<\/p>\n<p>Kablo tipi i\u00e7e sar\u0131labilir makara sistemi sayesinde ta\u015f\u0131nabilirli\u011fi art\u0131r\u0131r. Yaka klipsiyle pratik sabitleme imkan\u0131na sahiptir. G\u00fcr\u00fclt\u00fc engelleme ve dinamik s\u00fcr\u00fcc\u00fclerle ses performans\u0131n\u0131 art\u0131r\u0131r. Hem uzun kullan\u0131m s\u00fcresi hem de h\u0131zl\u0131 \u015farj isteyen kullan\u0131c\u0131lar i\u00e7in uygundur. <\/p>\n<p><b>1 adet fiyat\u0131d\u0131r<\/b> <\/p>\n<p><p><b>\u00dcretici Markas\u0131 : ZERO LAND<\/b><\/p>\n<p><b>\u00dcretici Kodu : XUCZPG20KULAKLIKKKKK3<\/b><\/p>\n<p><b>1 ADET F\u0130YATIDIR<\/b><\/p>\n<\/h4>\n<p><\/p>\n","protected":false},"excerpt":{"rendered":"<p>Dijital Ekranl\u0131 ve H\u0131zl\u0131 \u015earjl\u0131 Bluetooth\u202f5.2 Makaral\u0131 Kulakl\u0131k<\/p>\n","protected":false},"featured_media":175564,"comment_status":"open","ping_status":"closed","template":"","meta":[],"product_brand":[],"product_cat":[494,374],"product_tag":[13726,3443,4085,1825,1641,13728,3975,2104],"class_list":{"0":"post-175569","1":"product","2":"type-product","3":"status-publish","4":"has-post-thumbnail","6":"product_cat-kulak-ici-tws-bluetooth-kulaklik","7":"product_cat-mobil-aksesuar","8":"product_tag-bluetooth-5-2","9":"product_tag-dijital","10":"product_tag-ekranli","11":"product_tag-hizli","12":"product_tag-kulaklik","13":"product_tag-makarali","14":"product_tag-sarjli","15":"product_tag-ve","17":"first","18":"instock","19":"taxable","20":"shipping-taxable","21":"purchasable","22":"product-type-simple"},"_links":{"self":[{"href":"https:\/\/depodanmusteriye.com\/urunler\/wp-json\/wp\/v2\/product\/175569","targetHints":{"allow":["GET"]}}],"collection":[{"href":"https:\/\/depodanmusteriye.com\/urunler\/wp-json\/wp\/v2\/product"}],"about":[{"href":"https:\/\/depodanmusteriye.com\/urunler\/wp-json\/wp\/v2\/types\/product"}],"replies":[{"embeddable":true,"href":"https:\/\/depodanmusteriye.com\/urunler\/wp-json\/wp\/v2\/comments?post=175569"}],"version-history":[{"count":0,"href":"https:\/\/depodanmusteriye.com\/urunler\/wp-json\/wp\/v2\/product\/175569\/revisions"}],"wp:featuredmedia":[{"embeddable":true,"href":"https:\/\/depodanmusteriye.com\/urunler\/wp-json\/wp\/v2\/media\/175564"}],"wp:attachment":[{"href":"https:\/\/depodanmusteriye.com\/urunler\/wp-json\/wp\/v2\/media?parent=175569"}],"wp:term":[{"taxonomy":"product_brand","embeddable":true,"href":"https:\/\/depodanmusteriye.com\/urunler\/wp-json\/wp\/v2\/product_brand?post=175569"},{"taxonomy":"product_cat","embeddable":true,"href":"https:\/\/depodanmusteriye.com\/urunler\/wp-json\/wp\/v2\/product_cat?post=175569"},{"taxonomy":"product_tag","embeddable":true,"href":"https:\/\/depodanmusteriye.com\/urunler\/wp-json\/wp\/v2\/product_tag?post=175569"}],"curies":[{"name":"wp","href":"https:\/\/api.w.org\/{rel}","templated":true}]}}