{"id":175557,"date":"2025-12-14T19:07:50","date_gmt":"2025-12-14T19:07:50","guid":{"rendered":"https:\/\/b2b.depodanmusteriye.com\/urun\/mikrosd-kartli-titresimli-uyarili-bluetooth-5-2-kulaklik\/"},"modified":"2025-12-14T19:07:50","modified_gmt":"2025-12-14T19:07:50","slug":"mikrosd-kartli-titresimli-uyarili-bluetooth-5-2-kulaklik","status":"publish","type":"product","link":"https:\/\/depodanmusteriye.com\/urunler\/urun\/mikrosd-kartli-titresimli-uyarili-bluetooth-5-2-kulaklik\/","title":{"rendered":"MikroSD Kartl\u0131, Titre\u015fimli Uyar\u0131l\u0131 Bluetooth\u202f5.2 Kulakl\u0131k"},"content":{"rendered":"<h4>Bu Bluetooth\u00a05.2 kulakl\u0131k, teknolojik \u00f6zellikleri stil sahibi bir \u015fekille sunar. Dijital ekran, titre\u015fimli bildirim, haf\u0131za kart\u0131 ve makara mekanizmas\u0131 \u015f\u0131kl\u0131\u011f\u0131 i\u015flevsellikle bulu\u015fturur. Ayn\u0131 anda iki cihaza ba\u011flanabilme ve otomatik ge\u00e7i\u015f \u00f6zellikleri sayesinde \u00e7ok y\u00f6nl\u00fc kullan\u0131m sa\u011flar.<\/p>\n<p>20\u202fsaatlik pil performans\u0131 ve h\u0131zl\u0131 \u015farj deste\u011fiyle uzun s\u00fcre mobil \u00f6zg\u00fcrl\u00fck sunar. Garnit\u00fcr tarz\u0131ndaki kablo yap\u0131s\u0131 makara sistemiyle birle\u015ferek sade ve estetik bir g\u00f6r\u00fcn\u00fcm olu\u015fturur. Yaka klipsi, ortam i\u00e7inde g\u00fcvenli kullan\u0131m sa\u011flar. G\u00fcr\u00fclt\u00fc engelleme, HD ses kalitesi ve fonksiyon tu\u015flar\u0131yla multimedya deneyiminizi kontrol alt\u0131nda tutman\u0131z\u0131 sa\u011flar.<\/p>\n<p>Modern kullan\u0131c\u0131 profilleri i\u00e7in hem \u015f\u0131k hem fonksiyonel bu kulakl\u0131k, g\u00fcvenilir ba\u011flant\u0131, y\u00fcksek ses kalitesi ve kompakt yap\u0131s\u0131yla \u00f6ne \u00e7\u0131kar. <\/p>\n<p><b>1 adet fiyat\u0131d\u0131r<\/b> <\/p>\n<p><p><b>\u00dcretici Markas\u0131 : ZERO LAND<\/b><\/p>\n<p><b>\u00dcretici Kodu : XUCZPG20KULAKLIKKKKK5<\/b><\/p>\n<p><b>1 ADET F\u0130YATIDIR<\/b><\/p>\n<\/h4>\n<p><\/p>\n","protected":false},"excerpt":{"rendered":"<p>MikroSD Kartl\u0131, Titre\u015fimli Uyar\u0131l\u0131 Bluetooth\u202f5.2 Kulakl\u0131k<\/p>\n","protected":false},"featured_media":175552,"comment_status":"open","ping_status":"closed","template":"","meta":[],"product_brand":[],"product_cat":[494,374],"product_tag":[13726,12472,1641,13725,4217,13396],"class_list":{"0":"post-175557","1":"product","2":"type-product","3":"status-publish","4":"has-post-thumbnail","6":"product_cat-kulak-ici-tws-bluetooth-kulaklik","7":"product_cat-mobil-aksesuar","8":"product_tag-bluetooth-5-2","9":"product_tag-kartli","10":"product_tag-kulaklik","11":"product_tag-mikrosd","12":"product_tag-titresimli","13":"product_tag-uyarili","15":"first","16":"instock","17":"taxable","18":"shipping-taxable","19":"purchasable","20":"product-type-simple"},"_links":{"self":[{"href":"https:\/\/depodanmusteriye.com\/urunler\/wp-json\/wp\/v2\/product\/175557","targetHints":{"allow":["GET"]}}],"collection":[{"href":"https:\/\/depodanmusteriye.com\/urunler\/wp-json\/wp\/v2\/product"}],"about":[{"href":"https:\/\/depodanmusteriye.com\/urunler\/wp-json\/wp\/v2\/types\/product"}],"replies":[{"embeddable":true,"href":"https:\/\/depodanmusteriye.com\/urunler\/wp-json\/wp\/v2\/comments?post=175557"}],"version-history":[{"count":0,"href":"https:\/\/depodanmusteriye.com\/urunler\/wp-json\/wp\/v2\/product\/175557\/revisions"}],"wp:featuredmedia":[{"embeddable":true,"href":"https:\/\/depodanmusteriye.com\/urunler\/wp-json\/wp\/v2\/media\/175552"}],"wp:attachment":[{"href":"https:\/\/depodanmusteriye.com\/urunler\/wp-json\/wp\/v2\/media?parent=175557"}],"wp:term":[{"taxonomy":"product_brand","embeddable":true,"href":"https:\/\/depodanmusteriye.com\/urunler\/wp-json\/wp\/v2\/product_brand?post=175557"},{"taxonomy":"product_cat","embeddable":true,"href":"https:\/\/depodanmusteriye.com\/urunler\/wp-json\/wp\/v2\/product_cat?post=175557"},{"taxonomy":"product_tag","embeddable":true,"href":"https:\/\/depodanmusteriye.com\/urunler\/wp-json\/wp\/v2\/product_tag?post=175557"}],"curies":[{"name":"wp","href":"https:\/\/api.w.org\/{rel}","templated":true}]}}