{"id":175545,"date":"2025-12-14T19:07:16","date_gmt":"2025-12-14T19:07:16","guid":{"rendered":"https:\/\/b2b.depodanmusteriye.com\/urun\/stereo-ses-kaliteli-bluetooth-kulaklik-katlanabilir-ve-ergonomik-tasarim\/"},"modified":"2025-12-14T19:07:16","modified_gmt":"2025-12-14T19:07:16","slug":"stereo-ses-kaliteli-bluetooth-kulaklik-katlanabilir-ve-ergonomik-tasarim","status":"publish","type":"product","link":"https:\/\/depodanmusteriye.com\/urunler\/urun\/stereo-ses-kaliteli-bluetooth-kulaklik-katlanabilir-ve-ergonomik-tasarim\/","title":{"rendered":"Stereo Ses Kaliteli Bluetooth Kulakl\u0131k | Katlanabilir ve Ergonomik Tasar\u0131m"},"content":{"rendered":"<h4>Y\u00fcksek \u00e7\u00f6z\u00fcn\u00fcrl\u00fckl\u00fc stereo ses \u00e7\u0131k\u0131\u015f\u0131 ile donat\u0131lan bu kulakl\u0131k, m\u00fczikleri en ince ayr\u0131nt\u0131s\u0131na kadar duyman\u0131z\u0131 sa\u011flar. Geli\u015fmi\u015f g\u00fcr\u00fclt\u00fc azaltma teknolojisi, \u00e7evre seslerini minimuma indirerek sizi yaln\u0131zca dinledi\u011finiz i\u00e7eri\u011fe odakland\u0131r\u0131r. Dengeli baslar ve net tizler sayesinde her seviyede s\u00fcr\u00fckleyici bir ses deneyimi sunar. \u00d6zellikle film izleme ve oyun oynama gibi aktivitelerde fark yarat\u0131r. <\/p>\n<p><b>1 adet fiyat\u0131d\u0131r<\/b> <\/p>\n<p><p><b>\u00dcretici Markas\u0131 : ZERO LAND<\/b><\/p>\n<p><b>\u00dcretici Kodu : XUCZP9PLUSS1<\/b><\/p>\n<p><b>1 ADET F\u0130YATIDIR<\/b><\/p>\n<\/h4>\n<p><\/p>\n","protected":false},"excerpt":{"rendered":"<p>Stereo Ses Kaliteli Bluetooth Kulakl\u0131k | Katlanabilir ve Ergonomik Tasar\u0131m<\/p>\n","protected":false},"featured_media":175540,"comment_status":"open","ping_status":"closed","template":"","meta":[],"product_brand":[],"product_cat":[1026,374],"product_tag":[3605,3992,10547,4097,1641,1915,13016,4035,2104],"class_list":{"0":"post-175545","1":"product","2":"type-product","3":"status-publish","4":"has-post-thumbnail","6":"product_cat-kulak-ustu-bluetooth-kulaklik","7":"product_cat-mobil-aksesuar","8":"product_tag-bluetooth","9":"product_tag-ergonomik","10":"product_tag-kaliteli","11":"product_tag-katlanabilir","12":"product_tag-kulaklik","13":"product_tag-ses","14":"product_tag-stereo","15":"product_tag-tasarim","16":"product_tag-ve","18":"first","19":"instock","20":"taxable","21":"shipping-taxable","22":"purchasable","23":"product-type-simple"},"_links":{"self":[{"href":"https:\/\/depodanmusteriye.com\/urunler\/wp-json\/wp\/v2\/product\/175545","targetHints":{"allow":["GET"]}}],"collection":[{"href":"https:\/\/depodanmusteriye.com\/urunler\/wp-json\/wp\/v2\/product"}],"about":[{"href":"https:\/\/depodanmusteriye.com\/urunler\/wp-json\/wp\/v2\/types\/product"}],"replies":[{"embeddable":true,"href":"https:\/\/depodanmusteriye.com\/urunler\/wp-json\/wp\/v2\/comments?post=175545"}],"version-history":[{"count":0,"href":"https:\/\/depodanmusteriye.com\/urunler\/wp-json\/wp\/v2\/product\/175545\/revisions"}],"wp:featuredmedia":[{"embeddable":true,"href":"https:\/\/depodanmusteriye.com\/urunler\/wp-json\/wp\/v2\/media\/175540"}],"wp:attachment":[{"href":"https:\/\/depodanmusteriye.com\/urunler\/wp-json\/wp\/v2\/media?parent=175545"}],"wp:term":[{"taxonomy":"product_brand","embeddable":true,"href":"https:\/\/depodanmusteriye.com\/urunler\/wp-json\/wp\/v2\/product_brand?post=175545"},{"taxonomy":"product_cat","embeddable":true,"href":"https:\/\/depodanmusteriye.com\/urunler\/wp-json\/wp\/v2\/product_cat?post=175545"},{"taxonomy":"product_tag","embeddable":true,"href":"https:\/\/depodanmusteriye.com\/urunler\/wp-json\/wp\/v2\/product_tag?post=175545"}],"curies":[{"name":"wp","href":"https:\/\/api.w.org\/{rel}","templated":true}]}}