{"id":175539,"date":"2025-12-14T19:06:57","date_gmt":"2025-12-14T19:06:57","guid":{"rendered":"https:\/\/b2b.depodanmusteriye.com\/urun\/400-mah-bataryali-kablosuz-kulaklik-bt-5-0-muzik-gorusme\/"},"modified":"2025-12-14T19:06:57","modified_gmt":"2025-12-14T19:06:57","slug":"400-mah-bataryali-kablosuz-kulaklik-bt-5-0-muzik-gorusme","status":"publish","type":"product","link":"https:\/\/depodanmusteriye.com\/urunler\/urun\/400-mah-bataryali-kablosuz-kulaklik-bt-5-0-muzik-gorusme\/","title":{"rendered":"400 mAh Bataryal\u0131 Kablosuz Kulakl\u0131k | BT 5.0, M\u00fczik &amp; G\u00f6r\u00fc\u015fme"},"content":{"rendered":"<h4>Bluetooth V5.0 + EDR teknolojisiyle donat\u0131lm\u0131\u015f olan bu kulakl\u0131k, daha h\u0131zl\u0131 ve kararl\u0131 bir kablosuz ba\u011flant\u0131 sunar. 7-8 metreye kadar etkili iletim mesafesiyle, cihaz\u0131n\u0131zdan uzakla\u015ft\u0131\u011f\u0131n\u0131zda bile ba\u011flant\u0131y\u0131 korur. Katlanabilir tasar\u0131m\u0131 sayesinde kolayca ta\u015f\u0131nabilir. Gerek evde, gerek d\u0131\u015far\u0131da, her ortamda konforlu bir kullan\u0131m sa\u011flar. <\/p>\n<p><b>1 adet fiyat\u0131d\u0131r<\/b> <\/p>\n<p><p><b>\u00dcretici Markas\u0131 : ZERO LAND<\/b><\/p>\n<p><b>\u00dcretici Kodu : XUCZP9PLUSS2<\/b><\/p>\n<p><b>1 ADET F\u0130YATIDIR<\/b><\/p>\n<\/h4>\n<p><\/p>\n","protected":false},"excerpt":{"rendered":"<p>400 mAh Bataryal\u0131 Kablosuz Kulakl\u0131k | BT 5.0, M\u00fczik &amp; G\u00f6r\u00fc\u015fme<\/p>\n","protected":false},"featured_media":175534,"comment_status":"open","ping_status":"closed","template":"","meta":[],"product_brand":[],"product_cat":[1026,374],"product_tag":[4428,13026,4227,3242,13445,1640,1641,3595,4130],"class_list":{"0":"post-175539","1":"product","2":"type-product","3":"status-publish","4":"has-post-thumbnail","6":"product_cat-kulak-ustu-bluetooth-kulaklik","7":"product_cat-mobil-aksesuar","8":"product_tag-4428","9":"product_tag-5-0","10":"product_tag-bataryali","11":"product_tag-bt","12":"product_tag-gorusme","13":"product_tag-kablosuz","14":"product_tag-kulaklik","15":"product_tag-mah","16":"product_tag-muzik","18":"first","19":"instock","20":"taxable","21":"shipping-taxable","22":"purchasable","23":"product-type-simple"},"_links":{"self":[{"href":"https:\/\/depodanmusteriye.com\/urunler\/wp-json\/wp\/v2\/product\/175539","targetHints":{"allow":["GET"]}}],"collection":[{"href":"https:\/\/depodanmusteriye.com\/urunler\/wp-json\/wp\/v2\/product"}],"about":[{"href":"https:\/\/depodanmusteriye.com\/urunler\/wp-json\/wp\/v2\/types\/product"}],"replies":[{"embeddable":true,"href":"https:\/\/depodanmusteriye.com\/urunler\/wp-json\/wp\/v2\/comments?post=175539"}],"version-history":[{"count":0,"href":"https:\/\/depodanmusteriye.com\/urunler\/wp-json\/wp\/v2\/product\/175539\/revisions"}],"wp:featuredmedia":[{"embeddable":true,"href":"https:\/\/depodanmusteriye.com\/urunler\/wp-json\/wp\/v2\/media\/175534"}],"wp:attachment":[{"href":"https:\/\/depodanmusteriye.com\/urunler\/wp-json\/wp\/v2\/media?parent=175539"}],"wp:term":[{"taxonomy":"product_brand","embeddable":true,"href":"https:\/\/depodanmusteriye.com\/urunler\/wp-json\/wp\/v2\/product_brand?post=175539"},{"taxonomy":"product_cat","embeddable":true,"href":"https:\/\/depodanmusteriye.com\/urunler\/wp-json\/wp\/v2\/product_cat?post=175539"},{"taxonomy":"product_tag","embeddable":true,"href":"https:\/\/depodanmusteriye.com\/urunler\/wp-json\/wp\/v2\/product_tag?post=175539"}],"curies":[{"name":"wp","href":"https:\/\/api.w.org\/{rel}","templated":true}]}}