{"id":175527,"date":"2025-12-14T19:06:23","date_gmt":"2025-12-14T19:06:23","guid":{"rendered":"https:\/\/b2b.depodanmusteriye.com\/urun\/gurultu-azaltmali-bluetooth-kulaklik-5-saat-kesintisiz-muzik\/"},"modified":"2025-12-14T19:06:23","modified_gmt":"2025-12-14T19:06:23","slug":"gurultu-azaltmali-bluetooth-kulaklik-5-saat-kesintisiz-muzik","status":"publish","type":"product","link":"https:\/\/depodanmusteriye.com\/urunler\/urun\/gurultu-azaltmali-bluetooth-kulaklik-5-saat-kesintisiz-muzik\/","title":{"rendered":"G\u00fcr\u00fclt\u00fc Azaltmal\u0131 Bluetooth Kulakl\u0131k | 5 Saat Kesintisiz M\u00fczik"},"content":{"rendered":"<h4>Sadece \u015f\u0131k bir kulakl\u0131k de\u011fil; ayn\u0131 zamanda pratik bir yol arkada\u015f\u0131. Bluetooth ba\u011flant\u0131s\u0131 sayesinde kablosuz \u00f6zg\u00fcrl\u00fc\u011f\u00fc ya\u015farken, stereo ses kalitesi ile i\u00e7erikleri keyifle dinleyebilirsiniz. Telefon g\u00f6r\u00fc\u015fmelerinde net ses iletimi, m\u00fczikte ise g\u00fc\u00e7l\u00fc ses \u00e7\u0131k\u0131\u015f\u0131 sunar. \u015earj seviyesi d\u00fc\u015ft\u00fc\u011f\u00fcnde mikro USB \u00fczerinden kolayca yeniden \u015farj edilebilir. <\/p>\n<p><b>1 adet fiyat\u0131d\u0131r<\/b> <\/p>\n<p><p><b>\u00dcretici Markas\u0131 : ZERO LAND<\/b><\/p>\n<p><b>\u00dcretici Kodu : XUCZP9PLUSS4<\/b><\/p>\n<p><b>1 ADET F\u0130YATIDIR<\/b><\/p>\n<\/h4>\n<p><\/p>\n","protected":false},"excerpt":{"rendered":"<p>G\u00fcr\u00fclt\u00fc Azaltmal\u0131 Bluetooth Kulakl\u0131k | 5 Saat Kesintisiz M\u00fczik<\/p>\n","protected":false},"featured_media":175522,"comment_status":"open","ping_status":"closed","template":"","meta":[],"product_brand":[],"product_cat":[1026,374],"product_tag":[1606,13062,3605,9196,13183,1641,4130,3637],"class_list":{"0":"post-175527","1":"product","2":"type-product","3":"status-publish","4":"has-post-thumbnail","6":"product_cat-kulak-ustu-bluetooth-kulaklik","7":"product_cat-mobil-aksesuar","8":"product_tag-1606","9":"product_tag-azaltmali","10":"product_tag-bluetooth","11":"product_tag-gurultu","12":"product_tag-kesintisiz","13":"product_tag-kulaklik","14":"product_tag-muzik","15":"product_tag-saat","17":"first","18":"instock","19":"taxable","20":"shipping-taxable","21":"purchasable","22":"product-type-simple"},"_links":{"self":[{"href":"https:\/\/depodanmusteriye.com\/urunler\/wp-json\/wp\/v2\/product\/175527","targetHints":{"allow":["GET"]}}],"collection":[{"href":"https:\/\/depodanmusteriye.com\/urunler\/wp-json\/wp\/v2\/product"}],"about":[{"href":"https:\/\/depodanmusteriye.com\/urunler\/wp-json\/wp\/v2\/types\/product"}],"replies":[{"embeddable":true,"href":"https:\/\/depodanmusteriye.com\/urunler\/wp-json\/wp\/v2\/comments?post=175527"}],"version-history":[{"count":0,"href":"https:\/\/depodanmusteriye.com\/urunler\/wp-json\/wp\/v2\/product\/175527\/revisions"}],"wp:featuredmedia":[{"embeddable":true,"href":"https:\/\/depodanmusteriye.com\/urunler\/wp-json\/wp\/v2\/media\/175522"}],"wp:attachment":[{"href":"https:\/\/depodanmusteriye.com\/urunler\/wp-json\/wp\/v2\/media?parent=175527"}],"wp:term":[{"taxonomy":"product_brand","embeddable":true,"href":"https:\/\/depodanmusteriye.com\/urunler\/wp-json\/wp\/v2\/product_brand?post=175527"},{"taxonomy":"product_cat","embeddable":true,"href":"https:\/\/depodanmusteriye.com\/urunler\/wp-json\/wp\/v2\/product_cat?post=175527"},{"taxonomy":"product_tag","embeddable":true,"href":"https:\/\/depodanmusteriye.com\/urunler\/wp-json\/wp\/v2\/product_tag?post=175527"}],"curies":[{"name":"wp","href":"https:\/\/api.w.org\/{rel}","templated":true}]}}