{"id":175521,"date":"2025-12-14T19:06:07","date_gmt":"2025-12-14T19:06:07","guid":{"rendered":"https:\/\/b2b.depodanmusteriye.com\/urun\/katlanabilir-kablosuz-kulaklik-yuksek-ses-kalitesi-10-metre-baglanti-menzili\/"},"modified":"2025-12-14T19:06:07","modified_gmt":"2025-12-14T19:06:07","slug":"katlanabilir-kablosuz-kulaklik-yuksek-ses-kalitesi-10-metre-baglanti-menzili","status":"publish","type":"product","link":"https:\/\/depodanmusteriye.com\/urunler\/urun\/katlanabilir-kablosuz-kulaklik-yuksek-ses-kalitesi-10-metre-baglanti-menzili\/","title":{"rendered":"Katlanabilir Kablosuz Kulakl\u0131k | Y\u00fcksek Ses Kalitesi, 10 Metre Ba\u011flant\u0131 Menzili"},"content":{"rendered":"<h4>Suni deri kaplama kulak yast\u0131klar\u0131, yumu\u015fak dokusuyla konforu \u00fcst seviyeye \u00e7\u0131kar\u0131r. Katlanabilir yap\u0131s\u0131 ise \u00e7antada kolayca ta\u015f\u0131nmas\u0131n\u0131 sa\u011flar. 400 mAh batarya ile uzun s\u00fcreli dinleme keyfi sunarken, Bluetooth V5.0 teknolojisi ba\u011flant\u0131da istikrar ve netlik sa\u011flar. G\u00fcnl\u00fck kullan\u0131m i\u00e7in estetik ve i\u015flevsel bir \u00e7\u00f6z\u00fcmd\u00fcr. <\/p>\n<p><b>1 adet fiyat\u0131d\u0131r<\/b> <\/p>\n<p><p><b>\u00dcretici Markas\u0131 : ZERO LAND<\/b><\/p>\n<p><b>\u00dcretici Kodu : XUCZP9PLUSS5<\/b><\/p>\n<p><b>1 ADET F\u0130YATIDIR<\/b><\/p>\n<\/h4>\n<p><\/p>\n","protected":false},"excerpt":{"rendered":"<p>Katlanabilir Kablosuz Kulakl\u0131k | Y\u00fcksek Ses Kalitesi, 10 Metre Ba\u011flant\u0131 Menzili<\/p>\n","protected":false},"featured_media":175516,"comment_status":"open","ping_status":"closed","template":"","meta":[],"product_brand":[],"product_cat":[1026,374],"product_tag":[2645,1640,13156,4097,1641,13724,1982,1915,2630],"class_list":{"0":"post-175521","1":"product","2":"type-product","3":"status-publish","4":"has-post-thumbnail","6":"product_cat-kulak-ustu-bluetooth-kulaklik","7":"product_cat-mobil-aksesuar","8":"product_tag-baglanti","9":"product_tag-kablosuz","10":"product_tag-kalitesi","11":"product_tag-katlanabilir","12":"product_tag-kulaklik","13":"product_tag-menzili","14":"product_tag-metre","15":"product_tag-ses","16":"product_tag-yuksek","18":"first","19":"instock","20":"taxable","21":"shipping-taxable","22":"purchasable","23":"product-type-simple"},"_links":{"self":[{"href":"https:\/\/depodanmusteriye.com\/urunler\/wp-json\/wp\/v2\/product\/175521","targetHints":{"allow":["GET"]}}],"collection":[{"href":"https:\/\/depodanmusteriye.com\/urunler\/wp-json\/wp\/v2\/product"}],"about":[{"href":"https:\/\/depodanmusteriye.com\/urunler\/wp-json\/wp\/v2\/types\/product"}],"replies":[{"embeddable":true,"href":"https:\/\/depodanmusteriye.com\/urunler\/wp-json\/wp\/v2\/comments?post=175521"}],"version-history":[{"count":0,"href":"https:\/\/depodanmusteriye.com\/urunler\/wp-json\/wp\/v2\/product\/175521\/revisions"}],"wp:featuredmedia":[{"embeddable":true,"href":"https:\/\/depodanmusteriye.com\/urunler\/wp-json\/wp\/v2\/media\/175516"}],"wp:attachment":[{"href":"https:\/\/depodanmusteriye.com\/urunler\/wp-json\/wp\/v2\/media?parent=175521"}],"wp:term":[{"taxonomy":"product_brand","embeddable":true,"href":"https:\/\/depodanmusteriye.com\/urunler\/wp-json\/wp\/v2\/product_brand?post=175521"},{"taxonomy":"product_cat","embeddable":true,"href":"https:\/\/depodanmusteriye.com\/urunler\/wp-json\/wp\/v2\/product_cat?post=175521"},{"taxonomy":"product_tag","embeddable":true,"href":"https:\/\/depodanmusteriye.com\/urunler\/wp-json\/wp\/v2\/product_tag?post=175521"}],"curies":[{"name":"wp","href":"https:\/\/api.w.org\/{rel}","templated":true}]}}