{"id":175509,"date":"2025-12-14T19:05:29","date_gmt":"2025-12-14T19:05:29","guid":{"rendered":"https:\/\/b2b.depodanmusteriye.com\/urun\/520-oyunlu-tasinabilir-retro-oyun-konsolu-p5-gamepad\/"},"modified":"2025-12-14T19:05:29","modified_gmt":"2025-12-14T19:05:29","slug":"520-oyunlu-tasinabilir-retro-oyun-konsolu-p5-gamepad","status":"publish","type":"product","link":"https:\/\/depodanmusteriye.com\/urunler\/urun\/520-oyunlu-tasinabilir-retro-oyun-konsolu-p5-gamepad\/","title":{"rendered":"520 Oyunlu Ta\u015f\u0131nabilir Retro Oyun Konsolu | P5 GamePad"},"content":{"rendered":"<h4>P5 Retro GamePad, geni\u015f oyun ar\u015fiviyle her ya\u015ftan kullan\u0131c\u0131 i\u00e7in ideal bir deneyim sunar. Mario, Contra, Tank 1990, Bomberman gibi efsanele\u015fmi\u015f oyunlar\u0131n yan\u0131 s\u0131ra bir\u00e7ok gizli favoriyi de i\u00e7inde bar\u0131nd\u0131r\u0131r. Ergonomik tasar\u0131m\u0131 sayesinde uzun s\u00fcreli kullan\u0131mda bile rahat bir tutu\u015f sa\u011flar. Plastik kalitesi ve dayan\u0131kl\u0131 yap\u0131s\u0131yla uzun \u00f6m\u00fcrl\u00fc kullan\u0131m imk\u00e2n\u0131 sunar. Evinizde, ofiste veya seyahatte; her ortamda kolayca kullan\u0131labilir. <\/p>\n<p><b>1 adet fiyat\u0131d\u0131r<\/b> <\/p>\n<p><p><b>\u00dcretici Markas\u0131 : ZERO LAND<\/b><\/p>\n<p><b>\u00dcretici Kodu : XUCZP5ATAR\u0130\u0130\u0130\u0130\u0130\u01301<\/b><\/p>\n<p><b>1 ADET F\u0130YATIDIR<\/b><\/p>\n<\/h4>\n<p><\/p>\n","protected":false},"excerpt":{"rendered":"<p>520 Oyunlu Ta\u015f\u0131nabilir Retro Oyun Konsolu | P5 GamePad<\/p>\n","protected":false},"featured_media":175504,"comment_status":"open","ping_status":"closed","template":"","meta":[],"product_brand":[],"product_cat":[379,725],"product_tag":[4236,1964,3998,3997,4167,4235,1963,2982],"class_list":{"0":"post-175509","1":"product","2":"type-product","3":"status-publish","4":"has-post-thumbnail","6":"product_cat-ev-yasam","7":"product_cat-psp-and-vita-oyunu","8":"product_tag-4236","9":"product_tag-gamepad","10":"product_tag-konsolu","11":"product_tag-oyun","12":"product_tag-oyunlu","13":"product_tag-p5","14":"product_tag-retro","15":"product_tag-tasinabilir","17":"first","18":"instock","19":"taxable","20":"shipping-taxable","21":"purchasable","22":"product-type-simple"},"_links":{"self":[{"href":"https:\/\/depodanmusteriye.com\/urunler\/wp-json\/wp\/v2\/product\/175509","targetHints":{"allow":["GET"]}}],"collection":[{"href":"https:\/\/depodanmusteriye.com\/urunler\/wp-json\/wp\/v2\/product"}],"about":[{"href":"https:\/\/depodanmusteriye.com\/urunler\/wp-json\/wp\/v2\/types\/product"}],"replies":[{"embeddable":true,"href":"https:\/\/depodanmusteriye.com\/urunler\/wp-json\/wp\/v2\/comments?post=175509"}],"version-history":[{"count":0,"href":"https:\/\/depodanmusteriye.com\/urunler\/wp-json\/wp\/v2\/product\/175509\/revisions"}],"wp:featuredmedia":[{"embeddable":true,"href":"https:\/\/depodanmusteriye.com\/urunler\/wp-json\/wp\/v2\/media\/175504"}],"wp:attachment":[{"href":"https:\/\/depodanmusteriye.com\/urunler\/wp-json\/wp\/v2\/media?parent=175509"}],"wp:term":[{"taxonomy":"product_brand","embeddable":true,"href":"https:\/\/depodanmusteriye.com\/urunler\/wp-json\/wp\/v2\/product_brand?post=175509"},{"taxonomy":"product_cat","embeddable":true,"href":"https:\/\/depodanmusteriye.com\/urunler\/wp-json\/wp\/v2\/product_cat?post=175509"},{"taxonomy":"product_tag","embeddable":true,"href":"https:\/\/depodanmusteriye.com\/urunler\/wp-json\/wp\/v2\/product_tag?post=175509"}],"curies":[{"name":"wp","href":"https:\/\/api.w.org\/{rel}","templated":true}]}}