{"id":175497,"date":"2025-12-14T19:04:54","date_gmt":"2025-12-14T19:04:54","guid":{"rendered":"https:\/\/b2b.depodanmusteriye.com\/urun\/p5-retro-oyun-konsolu-ergonomik-tasarim-tasinabilir\/"},"modified":"2025-12-14T19:04:54","modified_gmt":"2025-12-14T19:04:54","slug":"p5-retro-oyun-konsolu-ergonomik-tasarim-tasinabilir","status":"publish","type":"product","link":"https:\/\/depodanmusteriye.com\/urunler\/urun\/p5-retro-oyun-konsolu-ergonomik-tasarim-tasinabilir\/","title":{"rendered":"P5 Retro Oyun Konsolu | Ergonomik Tasar\u0131m, Ta\u015f\u0131nabilir"},"content":{"rendered":"<h4>\u0130ster evde olun ister tatilde, P5 Retro GamePad her ortamda size e\u011flenceli dakikalar sunar. Ergonomik kontrol yap\u0131s\u0131 sayesinde \u00e7ocuklar ve yeti\u015fkinler i\u00e7in konforlu bir kullan\u0131m sa\u011flar. Ta\u015f\u0131nabilirlik \u00f6zelli\u011fi, bu mini konsolu arkada\u015flar\u0131n\u0131zla bulu\u015fmalarda e\u011flenceli bir aktiviteye d\u00f6n\u00fc\u015ft\u00fcr\u00fcr. Ayn\u0131 zamanda, modern konsollara alternatif olarak sade ve h\u0131zl\u0131 bir oyun deneyimi sunar. <\/p>\n<p><b>1 adet fiyat\u0131d\u0131r<\/b> <\/p>\n<p><p><b>\u00dcretici Markas\u0131 : ZERO LAND<\/b><\/p>\n<p><b>\u00dcretici Kodu : XUCZP5ATAR\u0130\u0130\u0130\u0130\u0130\u01303<\/b><\/p>\n<p><b>1 ADET F\u0130YATIDIR<\/b><\/p>\n<\/h4>\n<p><\/p>\n","protected":false},"excerpt":{"rendered":"<p>P5 Retro Oyun Konsolu | Ergonomik Tasar\u0131m, Ta\u015f\u0131nabilir<\/p>\n","protected":false},"featured_media":175492,"comment_status":"open","ping_status":"closed","template":"","meta":[],"product_brand":[],"product_cat":[379,725],"product_tag":[3992,3998,3997,4235,1963,4035,2982],"class_list":{"0":"post-175497","1":"product","2":"type-product","3":"status-publish","4":"has-post-thumbnail","6":"product_cat-ev-yasam","7":"product_cat-psp-and-vita-oyunu","8":"product_tag-ergonomik","9":"product_tag-konsolu","10":"product_tag-oyun","11":"product_tag-p5","12":"product_tag-retro","13":"product_tag-tasarim","14":"product_tag-tasinabilir","16":"first","17":"instock","18":"taxable","19":"shipping-taxable","20":"purchasable","21":"product-type-simple"},"_links":{"self":[{"href":"https:\/\/depodanmusteriye.com\/urunler\/wp-json\/wp\/v2\/product\/175497","targetHints":{"allow":["GET"]}}],"collection":[{"href":"https:\/\/depodanmusteriye.com\/urunler\/wp-json\/wp\/v2\/product"}],"about":[{"href":"https:\/\/depodanmusteriye.com\/urunler\/wp-json\/wp\/v2\/types\/product"}],"replies":[{"embeddable":true,"href":"https:\/\/depodanmusteriye.com\/urunler\/wp-json\/wp\/v2\/comments?post=175497"}],"version-history":[{"count":0,"href":"https:\/\/depodanmusteriye.com\/urunler\/wp-json\/wp\/v2\/product\/175497\/revisions"}],"wp:featuredmedia":[{"embeddable":true,"href":"https:\/\/depodanmusteriye.com\/urunler\/wp-json\/wp\/v2\/media\/175492"}],"wp:attachment":[{"href":"https:\/\/depodanmusteriye.com\/urunler\/wp-json\/wp\/v2\/media?parent=175497"}],"wp:term":[{"taxonomy":"product_brand","embeddable":true,"href":"https:\/\/depodanmusteriye.com\/urunler\/wp-json\/wp\/v2\/product_brand?post=175497"},{"taxonomy":"product_cat","embeddable":true,"href":"https:\/\/depodanmusteriye.com\/urunler\/wp-json\/wp\/v2\/product_cat?post=175497"},{"taxonomy":"product_tag","embeddable":true,"href":"https:\/\/depodanmusteriye.com\/urunler\/wp-json\/wp\/v2\/product_tag?post=175497"}],"curies":[{"name":"wp","href":"https:\/\/api.w.org\/{rel}","templated":true}]}}