{"id":175479,"date":"2025-12-14T19:03:59","date_gmt":"2025-12-14T19:03:59","guid":{"rendered":"https:\/\/b2b.depodanmusteriye.com\/urun\/ovmali-kas-gevsetici-masaj-cihazi-boyun-omuz-ve-sirt-icin-derin-etki\/"},"modified":"2025-12-14T19:03:59","modified_gmt":"2025-12-14T19:03:59","slug":"ovmali-kas-gevsetici-masaj-cihazi-boyun-omuz-ve-sirt-icin-derin-etki","status":"publish","type":"product","link":"https:\/\/depodanmusteriye.com\/urunler\/urun\/ovmali-kas-gevsetici-masaj-cihazi-boyun-omuz-ve-sirt-icin-derin-etki\/","title":{"rendered":"Ovmal\u0131 Kas Gev\u015fetici Masaj Cihaz\u0131 \u2013 Boyun, Omuz ve S\u0131rt \u0130\u00e7in Derin Etki"},"content":{"rendered":"<h4>Bu ovmal\u0131 masaj cihaz\u0131, boyun, omuz, s\u0131rt ve kulun\u00e7 b\u00f6lgesine uygulanan yo\u011fun yo\u011furma etkisiyle kas liflerine do\u011frudan n\u00fcfuz ederek yorgunlu\u011funuzu azalt\u0131r. \u0130nsan eli hareketini sim\u00fcle eden d\u00f6ner yuvarlama ba\u015fl\u0131klar\u0131 sayesinde kaslar\u0131n\u0131z rahatlar, sertlik ve a\u011fr\u0131 hissi azal\u0131r. G\u00fcnl\u00fck stresin ya da uzun s\u00fcreli duru\u015fun getirdi\u011fi kas gerginli\u011fi i\u00e7in ideal bir \u00e7\u00f6z\u00fcm sunar. Kaliteli PU deri ve nefes alan \u00f6rg\u00fc kuma\u015ftan \u00fcretilmi\u015f tasar\u0131m\u0131 hem estetik hem de uzun \u00f6m\u00fcrl\u00fcd\u00fcr. Ayr\u0131ca cihaz, otomatik ileri-geri yo\u011furma mekanizmas\u0131yla kullan\u0131m s\u0131ras\u0131nda manuel ayar gerektirmez, b\u00f6ylece masaj deneyimi pratik hale gelir. Yo\u011furma s\u0131ras\u0131nda yay\u0131lan \u0131s\u0131, kas dokusunu gev\u015fetmeye yard\u0131mc\u0131 olurken kan dola\u015f\u0131m\u0131n\u0131 da destekler; bu da a\u011fr\u0131lar\u0131n azalmas\u0131na ve kaslar\u0131n toparlanmas\u0131na katk\u0131 sa\u011flar. A\u015f\u0131r\u0131 \u0131s\u0131nma korumas\u0131 sayesinde cihaz g\u00fcvenlik a\u00e7\u0131s\u0131ndan da kullan\u0131c\u0131 dostudur. Evde ya da k\u0131sa s\u00fcreli seyahatlerde dahi ta\u015f\u0131mas\u0131 kolay olan bu cihaz\u0131, kutusundan \u00e7\u0131kan adapt\u00f6r ve ara\u00e7 \u015farj kablosuyla her yerde kullanabilirsiniz. Paket i\u00e7eri\u011finde \u015fal masaj aleti, adapt\u00f6r, ara\u00e7 \u015farj cihaz\u0131 ve kullan\u0131m k\u0131lavuzu bulunur. <\/p>\n<p><b>1 adet fiyat\u0131d\u0131r<\/b> <\/p>\n<p><p><b>\u00dcretici Markas\u0131 : ZERO LAND<\/b><\/p>\n<p><b>\u00dcretici Kodu : XUCZOVMALIMASAJALET\u0130<\/b><\/p>\n<p><b>1 ADET F\u0130YATIDIR<\/b><\/p>\n<\/h4>\n<p><\/p>\n","protected":false},"excerpt":{"rendered":"<p>Ovmal\u0131 Kas Gev\u015fetici Masaj Cihaz\u0131 \u2013 Boyun, Omuz ve S\u0131rt \u0130\u00e7in Derin Etki<\/p>\n","protected":false},"featured_media":175474,"comment_status":"open","ping_status":"closed","template":"","meta":[],"product_brand":[],"product_cat":[377,2228],"product_tag":[1802,2756,3147,13199,13307,1853,2135,1526,8077,13306,8163,2104],"class_list":{"0":"post-175479","1":"product","2":"type-product","3":"status-publish","4":"has-post-thumbnail","6":"product_cat-gsm-mobil-aksesuar","7":"product_cat-masaj-cihazi-gsm-mobil-aksesuar","8":"product_tag-boyun","9":"product_tag-cihazi","10":"product_tag-derin","11":"product_tag-etki","12":"product_tag-gevsetici","13":"product_tag-icin","14":"product_tag-kas","15":"product_tag-masaj","16":"product_tag-omuz","17":"product_tag-ovmali","18":"product_tag-sirt","19":"product_tag-ve","21":"first","22":"instock","23":"taxable","24":"shipping-taxable","25":"purchasable","26":"product-type-simple"},"_links":{"self":[{"href":"https:\/\/depodanmusteriye.com\/urunler\/wp-json\/wp\/v2\/product\/175479","targetHints":{"allow":["GET"]}}],"collection":[{"href":"https:\/\/depodanmusteriye.com\/urunler\/wp-json\/wp\/v2\/product"}],"about":[{"href":"https:\/\/depodanmusteriye.com\/urunler\/wp-json\/wp\/v2\/types\/product"}],"replies":[{"embeddable":true,"href":"https:\/\/depodanmusteriye.com\/urunler\/wp-json\/wp\/v2\/comments?post=175479"}],"version-history":[{"count":0,"href":"https:\/\/depodanmusteriye.com\/urunler\/wp-json\/wp\/v2\/product\/175479\/revisions"}],"wp:featuredmedia":[{"embeddable":true,"href":"https:\/\/depodanmusteriye.com\/urunler\/wp-json\/wp\/v2\/media\/175474"}],"wp:attachment":[{"href":"https:\/\/depodanmusteriye.com\/urunler\/wp-json\/wp\/v2\/media?parent=175479"}],"wp:term":[{"taxonomy":"product_brand","embeddable":true,"href":"https:\/\/depodanmusteriye.com\/urunler\/wp-json\/wp\/v2\/product_brand?post=175479"},{"taxonomy":"product_cat","embeddable":true,"href":"https:\/\/depodanmusteriye.com\/urunler\/wp-json\/wp\/v2\/product_cat?post=175479"},{"taxonomy":"product_tag","embeddable":true,"href":"https:\/\/depodanmusteriye.com\/urunler\/wp-json\/wp\/v2\/product_tag?post=175479"}],"curies":[{"name":"wp","href":"https:\/\/api.w.org\/{rel}","templated":true}]}}