{"id":174639,"date":"2025-12-14T18:23:42","date_gmt":"2025-12-14T18:23:42","guid":{"rendered":"https:\/\/b2b.depodanmusteriye.com\/urun\/hyundai-i20-seat-arona-toyota-aygo-nissan-micra-peugeot-2008-uyumlu-oto-semsiye\/"},"modified":"2025-12-14T18:23:42","modified_gmt":"2025-12-14T18:23:42","slug":"hyundai-i20-seat-arona-toyota-aygo-nissan-micra-peugeot-2008-uyumlu-oto-semsiye","status":"publish","type":"product","link":"https:\/\/depodanmusteriye.com\/urunler\/urun\/hyundai-i20-seat-arona-toyota-aygo-nissan-micra-peugeot-2008-uyumlu-oto-semsiye\/","title":{"rendered":"Hyundai i20, Seat Arona, Toyota Aygo, Nissan Micra, Peugeot 2008 Uyumlu Oto \u015eemsiye"},"content":{"rendered":"<h4>Yaz aylar\u0131nda g\u00fcne\u015f \u0131\u015f\u0131nlar\u0131, sadece arac\u0131n\u0131z\u0131n i\u00e7 y\u00fczeylerini de\u011fil, ayn\u0131 zamanda sizin ve yolcular\u0131n\u0131z\u0131n sa\u011fl\u0131\u011f\u0131n\u0131 da olumsuz etkileyebilir. \u00d6zellikle ultraviyole (UV) \u0131\u015f\u0131nlar\u0131, hem ciltte zararlar olu\u015fturabilir hem de arac\u0131n i\u00e7 malzemelerinde erken ya\u015flanmaya sebep olur. Bu y\u00fczden, UV korumas\u0131 sunan bir g\u00fcne\u015flik se\u00e7mek b\u00fcy\u00fck \u00f6nem ta\u015f\u0131r. \u0130\u015fte bu oto \u015femsiye, g\u00fc\u00e7l\u00fc UV koruma \u00f6zelli\u011fi ile arac\u0131n\u0131z\u0131 ve sizi koruma alt\u0131na al\u0131r.<\/p>\n<p>UPE ala\u015f\u0131m malzemeden \u00fcretilen bu g\u00fcne\u015flik, g\u00fcne\u015fin zararl\u0131 UV \u0131\u015f\u0131nlar\u0131n\u0131 b\u00fcy\u00fck oranda engeller. \u00d6n cam\u0131n\u0131z\u0131n \u00fczerine saniyeler i\u00e7inde a\u00e7\u0131lan \u015femsiye formu, do\u011frudan i\u00e7 mek\u00e2na gelen zararl\u0131 \u0131\u015f\u0131nlar\u0131n ge\u00e7i\u015fini keser. B\u00f6ylece direksiyon simidi, torpido paneli, koltuk d\u00f6\u015femeleri gibi alanlar\u0131n renginin solmas\u0131n\u0131 ve malzemenin \u00e7atlamas\u0131n\u0131 engeller.<\/p>\n<p>UV korumas\u0131 sadece ara\u00e7 i\u00e7i y\u00fczeylerle s\u0131n\u0131rl\u0131 kalmaz; ayn\u0131 zamanda ara\u00e7 i\u00e7inde bulunan yolcular\u0131n cilt sa\u011fl\u0131\u011f\u0131 i\u00e7in de \u00f6nemli bir koruma sa\u011flar. \u00d6zellikle \u00e7ocuklar, ya\u015fl\u0131lar ve hassas cilde sahip ki\u015filer i\u00e7in ara\u00e7ta uzun s\u00fcre kal\u0131nd\u0131\u011f\u0131nda g\u00fcne\u015fin etkisini azaltmak b\u00fcy\u00fck bir avantajd\u0131r.<\/p>\n<p>\u015eemsiye tasar\u0131m\u0131 sayesinde kolayca a\u00e7\u0131l\u0131p kapanan bu g\u00fcne\u015flik, her t\u00fcrl\u00fc hava ko\u015fulunda etkili UV koruma sa\u011flar. B\u00f6ylece arac\u0131n\u0131z hem d\u0131\u015f g\u00f6r\u00fcn\u00fcm\u00fcn\u00fc hem de i\u00e7 konforunu kaybetmeden uzun y\u0131llar kullan\u0131l\u0131r.<\/p>\n<p>G\u00fcne\u015fin zararl\u0131 etkilerine kar\u015f\u0131 hem arac\u0131n\u0131z\u0131 hem de ailenizi korumak istiyorsan\u0131z, bu \u015femsiye tipi oto g\u00fcne\u015flik en ideal se\u00e7im olacakt\u0131r. <\/p>\n<p><b>1 adet fiyat\u0131d\u0131r<\/b> <\/p>\n<p><p><b>\u00dcretici Markas\u0131 : ZERO LAND<\/b><\/p>\n<p><b>\u00dcretici Kodu : UCZZZOTO\u015eEMS\u0130YEE11<\/b><\/p>\n<p><b>1 ADET F\u0130YATIDIR<\/b><\/p>\n<\/h4>\n<p><\/p>\n","protected":false},"excerpt":{"rendered":"<p>Hyundai i20, Seat Arona, Toyota Aygo, Nissan Micra, Peugeot 2008 Uyumlu Oto \u015eemsiye<\/p>\n","protected":false},"featured_media":174634,"comment_status":"open","ping_status":"closed","template":"","meta":[],"product_brand":[],"product_cat":[373,952],"product_tag":[7621,13598,13599,1161,9746,2622,2621,4373,1697,2267,13579,1250,1951],"class_list":{"0":"post-174639","1":"product","2":"type-product","3":"status-publish","4":"has-post-thumbnail","6":"product_cat-oto-aksesuar-modifiye","7":"product_cat-oto-guneslik-perde","8":"product_tag-7621","9":"product_tag-arona","10":"product_tag-aygo","11":"product_tag-hyundai","12":"product_tag-i20","13":"product_tag-micra","14":"product_tag-nissan","15":"product_tag-oto","16":"product_tag-peugeot","17":"product_tag-seat","18":"product_tag-semsiye","19":"product_tag-toyota","20":"product_tag-uyumlu","22":"first","23":"instock","24":"taxable","25":"shipping-taxable","26":"purchasable","27":"product-type-simple"},"_links":{"self":[{"href":"https:\/\/depodanmusteriye.com\/urunler\/wp-json\/wp\/v2\/product\/174639","targetHints":{"allow":["GET"]}}],"collection":[{"href":"https:\/\/depodanmusteriye.com\/urunler\/wp-json\/wp\/v2\/product"}],"about":[{"href":"https:\/\/depodanmusteriye.com\/urunler\/wp-json\/wp\/v2\/types\/product"}],"replies":[{"embeddable":true,"href":"https:\/\/depodanmusteriye.com\/urunler\/wp-json\/wp\/v2\/comments?post=174639"}],"version-history":[{"count":0,"href":"https:\/\/depodanmusteriye.com\/urunler\/wp-json\/wp\/v2\/product\/174639\/revisions"}],"wp:featuredmedia":[{"embeddable":true,"href":"https:\/\/depodanmusteriye.com\/urunler\/wp-json\/wp\/v2\/media\/174634"}],"wp:attachment":[{"href":"https:\/\/depodanmusteriye.com\/urunler\/wp-json\/wp\/v2\/media?parent=174639"}],"wp:term":[{"taxonomy":"product_brand","embeddable":true,"href":"https:\/\/depodanmusteriye.com\/urunler\/wp-json\/wp\/v2\/product_brand?post=174639"},{"taxonomy":"product_cat","embeddable":true,"href":"https:\/\/depodanmusteriye.com\/urunler\/wp-json\/wp\/v2\/product_cat?post=174639"},{"taxonomy":"product_tag","embeddable":true,"href":"https:\/\/depodanmusteriye.com\/urunler\/wp-json\/wp\/v2\/product_tag?post=174639"}],"curies":[{"name":"wp","href":"https:\/\/api.w.org\/{rel}","templated":true}]}}