{"id":174057,"date":"2025-12-14T17:55:53","date_gmt":"2025-12-14T17:55:53","guid":{"rendered":"https:\/\/b2b.depodanmusteriye.com\/urun\/usb-ve-hafiza-kart-girisli-radyo-hoparlor\/"},"modified":"2025-12-14T17:55:53","modified_gmt":"2025-12-14T17:55:53","slug":"usb-ve-hafiza-kart-girisli-radyo-hoparlor","status":"publish","type":"product","link":"https:\/\/depodanmusteriye.com\/urunler\/urun\/usb-ve-hafiza-kart-girisli-radyo-hoparlor\/","title":{"rendered":"USB ve Haf\u0131za Kart Giri\u015fli Radyo Hoparl\u00f6r"},"content":{"rendered":"<h4>\u015e\u0131k ve fonksiyonel bir m\u00fczik sistemi arayanlar i\u00e7in bu kablosuz Bluetooth hoparl\u00f6r, bir\u00e7ok \u00f6zellikle donat\u0131lm\u0131\u015ft\u0131r. T\u00fcm mobil cihazlarla uyumlu Bluetooth ba\u011flant\u0131s\u0131 sayesinde kablo derdi olmadan m\u00fczik dinleyebilir, podcast takip edebilir ya da telefon g\u00f6r\u00fc\u015fmeleri ger\u00e7ekle\u015ftirebilirsiniz.<br \/>\nFM radyo \u00f6zelli\u011fi ile birlikte 87.5 &#8211; 108.0 MHz aral\u0131\u011f\u0131ndaki t\u00fcm frekanslar\u0131 net bir \u015fekilde yakalayabilirsiniz. Antenli yap\u0131s\u0131, sinyal g\u00fcc\u00fcn\u00fc art\u0131rarak bozulma ve parazitleri en aza indirir. Radyo tutkunlar\u0131 i\u00e7in nostaljik bir deneyim sunar.<br \/>\nLED fener \u00f6zelli\u011fi, kamp ve a\u00e7\u0131k hava etkinliklerinde size ek bir yard\u0131mc\u0131 olur. El feneri olarak kullan\u0131labilen bu \u0131\u015f\u0131k, karanl\u0131kta g\u00fcvenli hareket etmenizi sa\u011flar.<br \/>\nAh\u015fap g\u00f6r\u00fcn\u00fcml\u00fc plastik d\u0131\u015f kaplamas\u0131, klasik bir g\u00f6r\u00fcn\u00fcm sunarken modern teknolojiyi i\u00e7inde bar\u0131nd\u0131r\u0131r. USB ve haf\u0131za kart\u0131 giri\u015fleri sayesinde farkl\u0131 m\u00fczik kaynaklar\u0131n\u0131 ba\u011flayabilir, favori par\u00e7alar\u0131n\u0131z\u0131 do\u011frudan oynatabilirsiniz. MP3 dosyalar\u0131yla tam uyumludur.<br \/>\nHem \u015farj edilebilir pil hem de b\u00fcy\u00fck boy pillerle \u00e7al\u0131\u015fabilme \u00f6zelli\u011fi, cihaz\u0131 daha da esnek hale getirir. \u015earj i\u00e7in kutu i\u00e7eri\u011finde yer alan micro USB kabloyu kullanabilirsiniz. Ta\u015f\u0131ma kolu sayesinde mobil kullan\u0131m kolayla\u015f\u0131r.<br \/>\nEvde, i\u015fyerinde, mutfakta, piknikte ya da kamp alan\u0131nda bu cihaz, m\u00fczi\u011fi her ortamda sizinle bulu\u015fturur. Kompakt boyutu ve hafifli\u011fi ile yan\u0131n\u0131zdan ay\u0131rmak istemeyece\u011finiz bir cihaz haline gelir. <\/p>\n<p><b>1 adet fiyat\u0131d\u0131r<\/b> <\/p>\n<p><p><b>\u00dcretici Markas\u0131 : ZERO LAND<\/b><\/p>\n<p><b>\u00dcretici Kodu : UCZZZKTF1655RADYO1<\/b><\/p>\n<p><b>1 ADET F\u0130YATIDIR<\/b><\/p>\n<\/h4>\n<p><\/p>\n","protected":false},"excerpt":{"rendered":"<p>USB ve Haf\u0131za Kart Giri\u015fli Radyo Hoparl\u00f6r<\/p>\n","protected":false},"featured_media":174052,"comment_status":"open","ping_status":"closed","template":"","meta":[],"product_brand":[],"product_cat":[461,374],"product_tag":[4082,4068,1968,3429,13031,2511,2104],"class_list":{"0":"post-174057","1":"product","2":"type-product","3":"status-publish","4":"has-post-thumbnail","6":"product_cat-bluetooth-hoparlor","7":"product_cat-mobil-aksesuar","8":"product_tag-girisli","9":"product_tag-hafiza","10":"product_tag-hoparlor","11":"product_tag-kart","12":"product_tag-radyo","13":"product_tag-usb","14":"product_tag-ve","16":"first","17":"instock","18":"taxable","19":"shipping-taxable","20":"purchasable","21":"product-type-simple"},"_links":{"self":[{"href":"https:\/\/depodanmusteriye.com\/urunler\/wp-json\/wp\/v2\/product\/174057","targetHints":{"allow":["GET"]}}],"collection":[{"href":"https:\/\/depodanmusteriye.com\/urunler\/wp-json\/wp\/v2\/product"}],"about":[{"href":"https:\/\/depodanmusteriye.com\/urunler\/wp-json\/wp\/v2\/types\/product"}],"replies":[{"embeddable":true,"href":"https:\/\/depodanmusteriye.com\/urunler\/wp-json\/wp\/v2\/comments?post=174057"}],"version-history":[{"count":0,"href":"https:\/\/depodanmusteriye.com\/urunler\/wp-json\/wp\/v2\/product\/174057\/revisions"}],"wp:featuredmedia":[{"embeddable":true,"href":"https:\/\/depodanmusteriye.com\/urunler\/wp-json\/wp\/v2\/media\/174052"}],"wp:attachment":[{"href":"https:\/\/depodanmusteriye.com\/urunler\/wp-json\/wp\/v2\/media?parent=174057"}],"wp:term":[{"taxonomy":"product_brand","embeddable":true,"href":"https:\/\/depodanmusteriye.com\/urunler\/wp-json\/wp\/v2\/product_brand?post=174057"},{"taxonomy":"product_cat","embeddable":true,"href":"https:\/\/depodanmusteriye.com\/urunler\/wp-json\/wp\/v2\/product_cat?post=174057"},{"taxonomy":"product_tag","embeddable":true,"href":"https:\/\/depodanmusteriye.com\/urunler\/wp-json\/wp\/v2\/product_tag?post=174057"}],"curies":[{"name":"wp","href":"https:\/\/api.w.org\/{rel}","templated":true}]}}